{"id":3430,"date":"2023-02-10T18:50:27","date_gmt":"2023-02-10T17:50:27","guid":{"rendered":"https:\/\/protectmyboat.eu\/einkaufswagen\/"},"modified":"2023-07-20T23:49:22","modified_gmt":"2023-07-20T21:49:22","slug":"einkaufswagen","status":"publish","type":"page","link":"https:\/\/protectmyboat.eu\/de\/einkaufswagen\/","title":{"rendered":"Einkaufswagen"},"content":{"rendered":"\t\t<div data-elementor-type=\"wp-page\" data-elementor-id=\"3430\" class=\"elementor elementor-3430 elementor-339\" data-elementor-post-type=\"page\">\n\t\t\t\t\t\t<section class=\"elementor-section elementor-top-section elementor-element elementor-element-3f0d1b9 elementor-section-boxed elementor-section-height-default elementor-section-height-default\" data-id=\"3f0d1b9\" data-element_type=\"section\">\n\t\t\t\t\t\t<div class=\"elementor-container elementor-column-gap-default\">\n\t\t\t\t\t<div class=\"elementor-column elementor-col-100 elementor-top-column elementor-element elementor-element-a09e85f\" data-id=\"a09e85f\" data-element_type=\"column\">\n\t\t\t<div class=\"elementor-widget-wrap elementor-element-populated\">\n\t\t\t\t\t\t\t<\/div>\n\t\t<\/div>\n\t\t\t\t\t<\/div>\n\t\t<\/section>\n\t\t\t\t<\/div>\n\t\t","protected":false},"excerpt":{"rendered":"<p>Supprimer l\u2019\u00e9l\u00e9ment Miniature Produit Prix Quantit\u00e9 Sous-total &times; Support magn\u00e9tique pour Pulsar 21.82&euro; quantit\u00e9 de Support magn\u00e9tique pour Pulsar&nbsp; 196.38&euro; Best\u00e4tigen Gesamt Sous-total 196.38&euro; Exp\u00e9dition Saisissez votre adresse pour voir les options de livraison. Calculer les frais d\u2019exp\u00e9dition Pays\/r\u00e9gion\u00a0: S\u00e9lectionner un pays\/r\u00e9gion\u2026AllemagneBelgiqueEspagneFranceLuxembourgPays-Bas Ville\u00a0: Code postal Aktualisieren TVA (estim\u00e9 pour France) 0.00&euro; Total 196.38&euro; &mdash; OU [&hellip;]<\/p>\n","protected":false},"author":1,"featured_media":0,"parent":0,"menu_order":0,"comment_status":"closed","ping_status":"closed","template":"","meta":{"footnotes":""},"class_list":["post-3430","page","type-page","status-publish","hentry"],"yoast_head":"<!-- This site is optimized with the Yoast SEO plugin v27.3 - https:\/\/yoast.com\/product\/yoast-seo-wordpress\/ -->\n<title>Einkaufswagen - Protect My Boat<\/title>\n<meta name=\"robots\" content=\"index, follow, max-snippet:-1, max-image-preview:large, max-video-preview:-1\" \/>\n<link rel=\"canonical\" href=\"https:\/\/protectmyboat.eu\/de\/einkaufswagen\/\" \/>\n<meta property=\"og:locale\" content=\"de_DE\" \/>\n<meta property=\"og:type\" content=\"article\" \/>\n<meta property=\"og:title\" content=\"Einkaufswagen - Protect My Boat\" \/>\n<meta property=\"og:description\" content=\"Supprimer l\u2019\u00e9l\u00e9ment Miniature Produit Prix Quantit\u00e9 Sous-total &times; Support magn\u00e9tique pour Pulsar 21.82&euro; quantit\u00e9 de Support magn\u00e9tique pour Pulsar&nbsp; 196.38&euro; Best\u00e4tigen Gesamt Sous-total 196.38&euro; Exp\u00e9dition Saisissez votre adresse pour voir les options de livraison. Calculer les frais d\u2019exp\u00e9dition Pays\/r\u00e9gion\u00a0: S\u00e9lectionner un pays\/r\u00e9gion\u2026AllemagneBelgiqueEspagneFranceLuxembourgPays-Bas Ville\u00a0: Code postal Aktualisieren TVA (estim\u00e9 pour France) 0.00&euro; Total 196.38&euro; &mdash; OU [&hellip;]\" \/>\n<meta property=\"og:url\" content=\"https:\/\/protectmyboat.eu\/de\/einkaufswagen\/\" \/>\n<meta property=\"og:site_name\" content=\"Protect My Boat\" \/>\n<meta property=\"article:publisher\" content=\"https:\/\/www.facebook.com\/protectmyboat.be\/\" \/>\n<meta property=\"article:modified_time\" content=\"2023-07-20T21:49:22+00:00\" \/>\n<meta property=\"og:image\" content=\"https:\/\/protectmyboat.eu\/wp-content\/uploads\/2023\/02\/Support_Pulsar-300x300.png\" \/>\n<meta name=\"twitter:card\" content=\"summary_large_image\" \/>\n<meta name=\"twitter:label1\" content=\"Gesch\u00e4tzte Lesezeit\" \/>\n\t<meta name=\"twitter:data1\" content=\"1\u00a0Minute\" \/>\n<script type=\"application\/ld+json\" class=\"yoast-schema-graph\">{\"@context\":\"https:\\\/\\\/schema.org\",\"@graph\":[{\"@type\":\"WebPage\",\"@id\":\"https:\\\/\\\/protectmyboat.eu\\\/de\\\/einkaufswagen\\\/\",\"url\":\"https:\\\/\\\/protectmyboat.eu\\\/de\\\/einkaufswagen\\\/\",\"name\":\"Einkaufswagen - Protect My Boat\",\"isPartOf\":{\"@id\":\"https:\\\/\\\/protectmyboat.eu\\\/de\\\/#website\"},\"primaryImageOfPage\":{\"@id\":\"https:\\\/\\\/protectmyboat.eu\\\/de\\\/einkaufswagen\\\/#primaryimage\"},\"image\":{\"@id\":\"https:\\\/\\\/protectmyboat.eu\\\/de\\\/einkaufswagen\\\/#primaryimage\"},\"thumbnailUrl\":\"https:\\\/\\\/protectmyboat.eu\\\/wp-content\\\/uploads\\\/2023\\\/02\\\/Support_Pulsar-300x300.png\",\"datePublished\":\"2023-02-10T17:50:27+00:00\",\"dateModified\":\"2023-07-20T21:49:22+00:00\",\"breadcrumb\":{\"@id\":\"https:\\\/\\\/protectmyboat.eu\\\/de\\\/einkaufswagen\\\/#breadcrumb\"},\"inLanguage\":\"de\",\"potentialAction\":[{\"@type\":\"ReadAction\",\"target\":[\"https:\\\/\\\/protectmyboat.eu\\\/de\\\/einkaufswagen\\\/\"]}]},{\"@type\":\"ImageObject\",\"inLanguage\":\"de\",\"@id\":\"https:\\\/\\\/protectmyboat.eu\\\/de\\\/einkaufswagen\\\/#primaryimage\",\"url\":\"https:\\\/\\\/protectmyboat.eu\\\/wp-content\\\/uploads\\\/2023\\\/02\\\/Support_Pulsar-300x300.png\",\"contentUrl\":\"https:\\\/\\\/protectmyboat.eu\\\/wp-content\\\/uploads\\\/2023\\\/02\\\/Support_Pulsar-300x300.png\"},{\"@type\":\"BreadcrumbList\",\"@id\":\"https:\\\/\\\/protectmyboat.eu\\\/de\\\/einkaufswagen\\\/#breadcrumb\",\"itemListElement\":[{\"@type\":\"ListItem\",\"position\":1,\"name\":\"Startseite\",\"item\":\"https:\\\/\\\/protectmyboat.eu\\\/de\\\/nl-gps-diebstahlsicherung-fur-boote-jet-ski-und-ausenborder\\\/\"},{\"@type\":\"ListItem\",\"position\":2,\"name\":\"Einkaufswagen\"}]},{\"@type\":\"WebSite\",\"@id\":\"https:\\\/\\\/protectmyboat.eu\\\/de\\\/#website\",\"url\":\"https:\\\/\\\/protectmyboat.eu\\\/de\\\/\",\"name\":\"Protect My Boat\",\"description\":\"\",\"publisher\":{\"@id\":\"https:\\\/\\\/protectmyboat.eu\\\/de\\\/#organization\"},\"potentialAction\":[{\"@type\":\"SearchAction\",\"target\":{\"@type\":\"EntryPoint\",\"urlTemplate\":\"https:\\\/\\\/protectmyboat.eu\\\/de\\\/?s={search_term_string}\"},\"query-input\":{\"@type\":\"PropertyValueSpecification\",\"valueRequired\":true,\"valueName\":\"search_term_string\"}}],\"inLanguage\":\"de\"},{\"@type\":\"Organization\",\"@id\":\"https:\\\/\\\/protectmyboat.eu\\\/de\\\/#organization\",\"name\":\"ADW Management SRL\",\"url\":\"https:\\\/\\\/protectmyboat.eu\\\/de\\\/\",\"logo\":{\"@type\":\"ImageObject\",\"inLanguage\":\"de\",\"@id\":\"https:\\\/\\\/protectmyboat.eu\\\/de\\\/#\\\/schema\\\/logo\\\/image\\\/\",\"url\":\"https:\\\/\\\/protectmyboat.eu\\\/wp-content\\\/uploads\\\/2023\\\/02\\\/Logo_PmB_rectangle_new.png\",\"contentUrl\":\"https:\\\/\\\/protectmyboat.eu\\\/wp-content\\\/uploads\\\/2023\\\/02\\\/Logo_PmB_rectangle_new.png\",\"width\":494,\"height\":218,\"caption\":\"ADW Management SRL\"},\"image\":{\"@id\":\"https:\\\/\\\/protectmyboat.eu\\\/de\\\/#\\\/schema\\\/logo\\\/image\\\/\"},\"sameAs\":[\"https:\\\/\\\/www.facebook.com\\\/protectmyboat.be\\\/\"]}]}<\/script>\n<!-- \/ Yoast SEO plugin. -->","yoast_head_json":{"title":"Einkaufswagen - Protect My Boat","robots":{"index":"index","follow":"follow","max-snippet":"max-snippet:-1","max-image-preview":"max-image-preview:large","max-video-preview":"max-video-preview:-1"},"canonical":"https:\/\/protectmyboat.eu\/de\/einkaufswagen\/","og_locale":"de_DE","og_type":"article","og_title":"Einkaufswagen - Protect My Boat","og_description":"Supprimer l\u2019\u00e9l\u00e9ment Miniature Produit Prix Quantit\u00e9 Sous-total &times; Support magn\u00e9tique pour Pulsar 21.82&euro; quantit\u00e9 de Support magn\u00e9tique pour Pulsar&nbsp; 196.38&euro; Best\u00e4tigen Gesamt Sous-total 196.38&euro; Exp\u00e9dition Saisissez votre adresse pour voir les options de livraison. Calculer les frais d\u2019exp\u00e9dition Pays\/r\u00e9gion\u00a0: S\u00e9lectionner un pays\/r\u00e9gion\u2026AllemagneBelgiqueEspagneFranceLuxembourgPays-Bas Ville\u00a0: Code postal Aktualisieren TVA (estim\u00e9 pour France) 0.00&euro; Total 196.38&euro; &mdash; OU [&hellip;]","og_url":"https:\/\/protectmyboat.eu\/de\/einkaufswagen\/","og_site_name":"Protect My Boat","article_publisher":"https:\/\/www.facebook.com\/protectmyboat.be\/","article_modified_time":"2023-07-20T21:49:22+00:00","og_image":[{"url":"https:\/\/protectmyboat.eu\/wp-content\/uploads\/2023\/02\/Support_Pulsar-300x300.png","type":"","width":"","height":""}],"twitter_card":"summary_large_image","twitter_misc":{"Gesch\u00e4tzte Lesezeit":"1\u00a0Minute"},"schema":{"@context":"https:\/\/schema.org","@graph":[{"@type":"WebPage","@id":"https:\/\/protectmyboat.eu\/de\/einkaufswagen\/","url":"https:\/\/protectmyboat.eu\/de\/einkaufswagen\/","name":"Einkaufswagen - Protect My Boat","isPartOf":{"@id":"https:\/\/protectmyboat.eu\/de\/#website"},"primaryImageOfPage":{"@id":"https:\/\/protectmyboat.eu\/de\/einkaufswagen\/#primaryimage"},"image":{"@id":"https:\/\/protectmyboat.eu\/de\/einkaufswagen\/#primaryimage"},"thumbnailUrl":"https:\/\/protectmyboat.eu\/wp-content\/uploads\/2023\/02\/Support_Pulsar-300x300.png","datePublished":"2023-02-10T17:50:27+00:00","dateModified":"2023-07-20T21:49:22+00:00","breadcrumb":{"@id":"https:\/\/protectmyboat.eu\/de\/einkaufswagen\/#breadcrumb"},"inLanguage":"de","potentialAction":[{"@type":"ReadAction","target":["https:\/\/protectmyboat.eu\/de\/einkaufswagen\/"]}]},{"@type":"ImageObject","inLanguage":"de","@id":"https:\/\/protectmyboat.eu\/de\/einkaufswagen\/#primaryimage","url":"https:\/\/protectmyboat.eu\/wp-content\/uploads\/2023\/02\/Support_Pulsar-300x300.png","contentUrl":"https:\/\/protectmyboat.eu\/wp-content\/uploads\/2023\/02\/Support_Pulsar-300x300.png"},{"@type":"BreadcrumbList","@id":"https:\/\/protectmyboat.eu\/de\/einkaufswagen\/#breadcrumb","itemListElement":[{"@type":"ListItem","position":1,"name":"Startseite","item":"https:\/\/protectmyboat.eu\/de\/nl-gps-diebstahlsicherung-fur-boote-jet-ski-und-ausenborder\/"},{"@type":"ListItem","position":2,"name":"Einkaufswagen"}]},{"@type":"WebSite","@id":"https:\/\/protectmyboat.eu\/de\/#website","url":"https:\/\/protectmyboat.eu\/de\/","name":"Protect My Boat","description":"","publisher":{"@id":"https:\/\/protectmyboat.eu\/de\/#organization"},"potentialAction":[{"@type":"SearchAction","target":{"@type":"EntryPoint","urlTemplate":"https:\/\/protectmyboat.eu\/de\/?s={search_term_string}"},"query-input":{"@type":"PropertyValueSpecification","valueRequired":true,"valueName":"search_term_string"}}],"inLanguage":"de"},{"@type":"Organization","@id":"https:\/\/protectmyboat.eu\/de\/#organization","name":"ADW Management SRL","url":"https:\/\/protectmyboat.eu\/de\/","logo":{"@type":"ImageObject","inLanguage":"de","@id":"https:\/\/protectmyboat.eu\/de\/#\/schema\/logo\/image\/","url":"https:\/\/protectmyboat.eu\/wp-content\/uploads\/2023\/02\/Logo_PmB_rectangle_new.png","contentUrl":"https:\/\/protectmyboat.eu\/wp-content\/uploads\/2023\/02\/Logo_PmB_rectangle_new.png","width":494,"height":218,"caption":"ADW Management SRL"},"image":{"@id":"https:\/\/protectmyboat.eu\/de\/#\/schema\/logo\/image\/"},"sameAs":["https:\/\/www.facebook.com\/protectmyboat.be\/"]}]}},"_links":{"self":[{"href":"https:\/\/protectmyboat.eu\/de\/wp-json\/wp\/v2\/pages\/3430","targetHints":{"allow":["GET"]}}],"collection":[{"href":"https:\/\/protectmyboat.eu\/de\/wp-json\/wp\/v2\/pages"}],"about":[{"href":"https:\/\/protectmyboat.eu\/de\/wp-json\/wp\/v2\/types\/page"}],"author":[{"embeddable":true,"href":"https:\/\/protectmyboat.eu\/de\/wp-json\/wp\/v2\/users\/1"}],"replies":[{"embeddable":true,"href":"https:\/\/protectmyboat.eu\/de\/wp-json\/wp\/v2\/comments?post=3430"}],"version-history":[{"count":0,"href":"https:\/\/protectmyboat.eu\/de\/wp-json\/wp\/v2\/pages\/3430\/revisions"}],"wp:attachment":[{"href":"https:\/\/protectmyboat.eu\/de\/wp-json\/wp\/v2\/media?parent=3430"}],"curies":[{"name":"wp","href":"https:\/\/api.w.org\/{rel}","templated":true}]}}