{"id":3736,"date":"2023-03-06T12:56:10","date_gmt":"2023-03-06T11:56:10","guid":{"rendered":"https:\/\/protectmyboat.eu\/warnung\/"},"modified":"2026-03-14T14:43:06","modified_gmt":"2026-03-14T13:43:06","slug":"warnung","status":"publish","type":"page","link":"https:\/\/protectmyboat.eu\/de\/warnung\/","title":{"rendered":"Nutzungsbedingungen"},"content":{"rendered":"\t\t<div data-elementor-type=\"wp-page\" data-elementor-id=\"3736\" class=\"elementor elementor-3736 elementor-3734\" data-elementor-post-type=\"page\">\n\t\t\t\t\t\t<section class=\"elementor-section elementor-top-section elementor-element elementor-element-25815126 elementor-section-boxed elementor-section-height-default elementor-section-height-default\" data-id=\"25815126\" data-element_type=\"section\">\n\t\t\t\t\t\t<div class=\"elementor-container elementor-column-gap-default\">\n\t\t\t\t\t<div class=\"elementor-column elementor-col-100 elementor-top-column elementor-element elementor-element-61bad88a\" data-id=\"61bad88a\" data-element_type=\"column\">\n\t\t\t<div class=\"elementor-widget-wrap elementor-element-populated\">\n\t\t\t\t\t\t<div class=\"elementor-element elementor-element-4aaa86c3 elementor-widget elementor-widget-text-editor\" data-id=\"4aaa86c3\" data-element_type=\"widget\" data-widget_type=\"text-editor.default\">\n\t\t\t\t<div class=\"elementor-widget-container\">\n\t\t\t\t\t\t\t\t\t\n\n\n  \n  \n  <title>Impressum &#8211; ProtectmyBoat<\/title>\n  \n\n\n  <main>\n    <h1>Rechtliche Hinweise<\/h1>\n    <p>Letzte Aktualisierung: 05.01.2026<\/p>\n\n    \n<h2>Herausgeber der Website<\/h2>\n<p><strong>ADW Management SRL<\/strong><br>Avenue de Tervueren 402<br>1150 Br\u00fcssel<br>Belgien<br>USt-IdNr.: BE0890930152<br>E-Mail: <a href=\"mailto:info@protectmyboat.be\">info@protectmyboat.be<\/a><\/p>\n<h2>Handelsname<\/h2>\n<p>Die Website wird unter der Marke <strong>ProtectmyBoat<\/strong> betrieben.<\/p>\n<h2>Verantwortlich f\u00fcr die Ver\u00f6ffentlichung<\/h2>\n<p>ADW Management SRL<\/p>\n<h2>Hosting<\/h2>\n<p>Die Website wird von einem von ADW Management SRL ausgew\u00e4hlten technischen Dienstleister gehostet.<\/p>\n<p><em>Name des Hosting-Anbieters:<\/em> OVH<br><em>Adresse:<\/em> 2 rue Kellermann \u2013 59100 Roubaix \u2013 Frankreich, eingetragen bei Lille M\u00e9tropole unter der Unternehmensnummer 424 761 419 00045<br><i>OVH.com<\/i><\/p>\n<h2>Geistiges Eigentum<\/h2>\n<p>S\u00e4mtliche auf der Website ProtectmyBoat vorhandenen Elemente, insbesondere Texte, Bilder, Logos, Grafiken, Videos, Marken, Datenbanken und Software, sind durch die geltenden Bestimmungen zum geistigen Eigentum gesch\u00fctzt.<\/p>\n<p>Jede Vervielf\u00e4ltigung, Darstellung, Verbreitung, Anpassung oder Verwertung, ganz oder teilweise, ohne vorherige schriftliche Genehmigung von ADW Management SRL ist untersagt.<\/p>\n<h2>Haftung<\/h2>\n<p>ADW Management SRL bem\u00fcht sich nach Kr\u00e4ften, die Richtigkeit und Aktualit\u00e4t der auf der Website ver\u00f6ffentlichten Informationen zu gew\u00e4hrleisten.<\/p>\n<p>ADW Management SRL kann jedoch nicht haftbar gemacht werden f\u00fcr:<\/p>\n<ul>\n<li>Fehler, Auslassungen oder Ungenauigkeiten;<\/li>\n<li>eine vor\u00fcbergehende Nichtverf\u00fcgbarkeit der Website;<\/li>\n<li>direkte oder indirekte Sch\u00e4den, die aus dem Zugriff auf die oder der Nutzung der Website resultieren.<\/li>\n<\/ul>\n<h2>Externe Links<\/h2>\n<p>Die Website kann Links zu Websites Dritter enthalten. ADW Management SRL \u00fcbt keine Kontrolle \u00fcber diese Websites aus und lehnt jede Verantwortung f\u00fcr deren Inhalt oder Datenschutzrichtlinien ab. <\/p>\n<h2>Anwendbares Recht<\/h2>\n<p>Die vorliegende Website und ihr Impressum unterliegen belgischem Recht.<\/p>\n<h2>Kontakt<\/h2>\n<p>F\u00fcr alle Fragen bez\u00fcglich der Website:<\/p>\n<p><a href=\"mailto:info@protectmyboat.be\">info@protectmyboat.be<\/a><\/p>\n<p>&nbsp;<\/p>\n<p>&nbsp;<\/p>\n<\/main>\n<p>&nbsp;<\/p>\n<p>&nbsp;<\/p>\t\t\t\t\t\t\t\t<\/div>\n\t\t\t\t<\/div>\n\t\t\t\t\t<\/div>\n\t\t<\/div>\n\t\t\t\t\t<\/div>\n\t\t<\/section>\n\t\t\t\t<section class=\"elementor-section elementor-top-section elementor-element elementor-element-b7654d4 elementor-section-boxed elementor-section-height-default elementor-section-height-default\" data-id=\"b7654d4\" data-element_type=\"section\">\n\t\t\t\t\t\t<div class=\"elementor-container elementor-column-gap-default\">\n\t\t\t\t\t<div class=\"elementor-column elementor-col-100 elementor-top-column elementor-element elementor-element-8c3da20\" data-id=\"8c3da20\" data-element_type=\"column\">\n\t\t\t<div class=\"elementor-widget-wrap elementor-element-populated\">\n\t\t\t\t\t\t<div class=\"elementor-element elementor-element-c13347e elementor-widget elementor-widget-text-editor\" data-id=\"c13347e\" data-element_type=\"widget\" data-widget_type=\"text-editor.default\">\n\t\t\t\t<div class=\"elementor-widget-container\">\n\t\t\t\t\t\t\t\t\t<p>Lorem ipsum dolor sit amet, consectetur adipiscing elit. Ut elit tellus, luctus nec ullamcorper mattis, pulvinar dapibus leo. <\/p>\t\t\t\t\t\t\t\t<\/div>\n\t\t\t\t<\/div>\n\t\t\t\t\t<\/div>\n\t\t<\/div>\n\t\t\t\t\t<\/div>\n\t\t<\/section>\n\t\t\t\t<\/div>\n\t\t","protected":false},"excerpt":{"rendered":"<p>Impressum &#8211; ProtectmyBoat Rechtliche Hinweise Letzte Aktualisierung: 05.01.2026 Herausgeber der Website ADW Management SRLAvenue de Tervueren 4021150 Br\u00fcsselBelgienUSt-IdNr.: BE0890930152E-Mail: info@protectmyboat.be Handelsname Die Website wird unter der Marke ProtectmyBoat betrieben. Verantwortlich f\u00fcr die Ver\u00f6ffentlichung ADW Management SRL Hosting Die Website wird von einem von ADW Management SRL ausgew\u00e4hlten technischen Dienstleister gehostet. Name des Hosting-Anbieters: OVHAdresse: 2 [&hellip;]<\/p>\n","protected":false},"author":2,"featured_media":0,"parent":0,"menu_order":0,"comment_status":"closed","ping_status":"closed","template":"","meta":{"footnotes":""},"class_list":["post-3736","page","type-page","status-publish","hentry"],"yoast_head":"<!-- This site is optimized with the Yoast SEO plugin v27.4 - https:\/\/yoast.com\/product\/yoast-seo-wordpress\/ -->\n<title>Nutzungsbedingungen - Protect My Boat<\/title>\n<meta name=\"robots\" content=\"index, follow, max-snippet:-1, max-image-preview:large, max-video-preview:-1\" \/>\n<link rel=\"canonical\" href=\"https:\/\/protectmyboat.eu\/de\/warnung\/\" \/>\n<meta property=\"og:locale\" content=\"de_DE\" \/>\n<meta property=\"og:type\" content=\"article\" \/>\n<meta property=\"og:title\" content=\"Nutzungsbedingungen - Protect My Boat\" \/>\n<meta property=\"og:description\" content=\"Impressum &#8211; ProtectmyBoat Rechtliche Hinweise Letzte Aktualisierung: 05.01.2026 Herausgeber der Website ADW Management SRLAvenue de Tervueren 4021150 Br\u00fcsselBelgienUSt-IdNr.: BE0890930152E-Mail: info@protectmyboat.be Handelsname Die Website wird unter der Marke ProtectmyBoat betrieben. Verantwortlich f\u00fcr die Ver\u00f6ffentlichung ADW Management SRL Hosting Die Website wird von einem von ADW Management SRL ausgew\u00e4hlten technischen Dienstleister gehostet. Name des Hosting-Anbieters: OVHAdresse: 2 [&hellip;]\" \/>\n<meta property=\"og:url\" content=\"https:\/\/protectmyboat.eu\/de\/warnung\/\" \/>\n<meta property=\"og:site_name\" content=\"Protect My Boat\" \/>\n<meta property=\"article:publisher\" content=\"https:\/\/www.facebook.com\/protectmyboat.be\/\" \/>\n<meta property=\"article:modified_time\" content=\"2026-03-14T13:43:06+00:00\" \/>\n<meta name=\"twitter:card\" content=\"summary_large_image\" \/>\n<meta name=\"twitter:label1\" content=\"Gesch\u00e4tzte Lesezeit\" \/>\n\t<meta name=\"twitter:data1\" content=\"1\u00a0Minute\" \/>\n<script type=\"application\/ld+json\" class=\"yoast-schema-graph\">{\"@context\":\"https:\\\/\\\/schema.org\",\"@graph\":[{\"@type\":\"WebPage\",\"@id\":\"https:\\\/\\\/protectmyboat.eu\\\/de\\\/warnung\\\/\",\"url\":\"https:\\\/\\\/protectmyboat.eu\\\/de\\\/warnung\\\/\",\"name\":\"Nutzungsbedingungen - Protect My Boat\",\"isPartOf\":{\"@id\":\"https:\\\/\\\/protectmyboat.eu\\\/de\\\/#website\"},\"datePublished\":\"2023-03-06T11:56:10+00:00\",\"dateModified\":\"2026-03-14T13:43:06+00:00\",\"breadcrumb\":{\"@id\":\"https:\\\/\\\/protectmyboat.eu\\\/de\\\/warnung\\\/#breadcrumb\"},\"inLanguage\":\"de\",\"potentialAction\":[{\"@type\":\"ReadAction\",\"target\":[\"https:\\\/\\\/protectmyboat.eu\\\/de\\\/warnung\\\/\"]}]},{\"@type\":\"BreadcrumbList\",\"@id\":\"https:\\\/\\\/protectmyboat.eu\\\/de\\\/warnung\\\/#breadcrumb\",\"itemListElement\":[{\"@type\":\"ListItem\",\"position\":1,\"name\":\"Startseite\",\"item\":\"https:\\\/\\\/protectmyboat.eu\\\/de\\\/nl-gps-diebstahlsicherung-fur-boote-jet-ski-und-ausenborder\\\/\"},{\"@type\":\"ListItem\",\"position\":2,\"name\":\"Nutzungsbedingungen\"}]},{\"@type\":\"WebSite\",\"@id\":\"https:\\\/\\\/protectmyboat.eu\\\/de\\\/#website\",\"url\":\"https:\\\/\\\/protectmyboat.eu\\\/de\\\/\",\"name\":\"Protect My Boat\",\"description\":\"\",\"publisher\":{\"@id\":\"https:\\\/\\\/protectmyboat.eu\\\/de\\\/#organization\"},\"potentialAction\":[{\"@type\":\"SearchAction\",\"target\":{\"@type\":\"EntryPoint\",\"urlTemplate\":\"https:\\\/\\\/protectmyboat.eu\\\/de\\\/?s={search_term_string}\"},\"query-input\":{\"@type\":\"PropertyValueSpecification\",\"valueRequired\":true,\"valueName\":\"search_term_string\"}}],\"inLanguage\":\"de\"},{\"@type\":\"Organization\",\"@id\":\"https:\\\/\\\/protectmyboat.eu\\\/de\\\/#organization\",\"name\":\"ADW Management SRL\",\"url\":\"https:\\\/\\\/protectmyboat.eu\\\/de\\\/\",\"logo\":{\"@type\":\"ImageObject\",\"inLanguage\":\"de\",\"@id\":\"https:\\\/\\\/protectmyboat.eu\\\/de\\\/#\\\/schema\\\/logo\\\/image\\\/\",\"url\":\"https:\\\/\\\/protectmyboat.eu\\\/wp-content\\\/uploads\\\/2023\\\/02\\\/Logo_PmB_rectangle_new.png\",\"contentUrl\":\"https:\\\/\\\/protectmyboat.eu\\\/wp-content\\\/uploads\\\/2023\\\/02\\\/Logo_PmB_rectangle_new.png\",\"width\":494,\"height\":218,\"caption\":\"ADW Management SRL\"},\"image\":{\"@id\":\"https:\\\/\\\/protectmyboat.eu\\\/de\\\/#\\\/schema\\\/logo\\\/image\\\/\"},\"sameAs\":[\"https:\\\/\\\/www.facebook.com\\\/protectmyboat.be\\\/\"]}]}<\/script>\n<!-- \/ Yoast SEO plugin. -->","yoast_head_json":{"title":"Nutzungsbedingungen - Protect My Boat","robots":{"index":"index","follow":"follow","max-snippet":"max-snippet:-1","max-image-preview":"max-image-preview:large","max-video-preview":"max-video-preview:-1"},"canonical":"https:\/\/protectmyboat.eu\/de\/warnung\/","og_locale":"de_DE","og_type":"article","og_title":"Nutzungsbedingungen - Protect My Boat","og_description":"Impressum &#8211; ProtectmyBoat Rechtliche Hinweise Letzte Aktualisierung: 05.01.2026 Herausgeber der Website ADW Management SRLAvenue de Tervueren 4021150 Br\u00fcsselBelgienUSt-IdNr.: BE0890930152E-Mail: info@protectmyboat.be Handelsname Die Website wird unter der Marke ProtectmyBoat betrieben. Verantwortlich f\u00fcr die Ver\u00f6ffentlichung ADW Management SRL Hosting Die Website wird von einem von ADW Management SRL ausgew\u00e4hlten technischen Dienstleister gehostet. Name des Hosting-Anbieters: OVHAdresse: 2 [&hellip;]","og_url":"https:\/\/protectmyboat.eu\/de\/warnung\/","og_site_name":"Protect My Boat","article_publisher":"https:\/\/www.facebook.com\/protectmyboat.be\/","article_modified_time":"2026-03-14T13:43:06+00:00","twitter_card":"summary_large_image","twitter_misc":{"Gesch\u00e4tzte Lesezeit":"1\u00a0Minute"},"schema":{"@context":"https:\/\/schema.org","@graph":[{"@type":"WebPage","@id":"https:\/\/protectmyboat.eu\/de\/warnung\/","url":"https:\/\/protectmyboat.eu\/de\/warnung\/","name":"Nutzungsbedingungen - Protect My Boat","isPartOf":{"@id":"https:\/\/protectmyboat.eu\/de\/#website"},"datePublished":"2023-03-06T11:56:10+00:00","dateModified":"2026-03-14T13:43:06+00:00","breadcrumb":{"@id":"https:\/\/protectmyboat.eu\/de\/warnung\/#breadcrumb"},"inLanguage":"de","potentialAction":[{"@type":"ReadAction","target":["https:\/\/protectmyboat.eu\/de\/warnung\/"]}]},{"@type":"BreadcrumbList","@id":"https:\/\/protectmyboat.eu\/de\/warnung\/#breadcrumb","itemListElement":[{"@type":"ListItem","position":1,"name":"Startseite","item":"https:\/\/protectmyboat.eu\/de\/nl-gps-diebstahlsicherung-fur-boote-jet-ski-und-ausenborder\/"},{"@type":"ListItem","position":2,"name":"Nutzungsbedingungen"}]},{"@type":"WebSite","@id":"https:\/\/protectmyboat.eu\/de\/#website","url":"https:\/\/protectmyboat.eu\/de\/","name":"Protect My Boat","description":"","publisher":{"@id":"https:\/\/protectmyboat.eu\/de\/#organization"},"potentialAction":[{"@type":"SearchAction","target":{"@type":"EntryPoint","urlTemplate":"https:\/\/protectmyboat.eu\/de\/?s={search_term_string}"},"query-input":{"@type":"PropertyValueSpecification","valueRequired":true,"valueName":"search_term_string"}}],"inLanguage":"de"},{"@type":"Organization","@id":"https:\/\/protectmyboat.eu\/de\/#organization","name":"ADW Management SRL","url":"https:\/\/protectmyboat.eu\/de\/","logo":{"@type":"ImageObject","inLanguage":"de","@id":"https:\/\/protectmyboat.eu\/de\/#\/schema\/logo\/image\/","url":"https:\/\/protectmyboat.eu\/wp-content\/uploads\/2023\/02\/Logo_PmB_rectangle_new.png","contentUrl":"https:\/\/protectmyboat.eu\/wp-content\/uploads\/2023\/02\/Logo_PmB_rectangle_new.png","width":494,"height":218,"caption":"ADW Management SRL"},"image":{"@id":"https:\/\/protectmyboat.eu\/de\/#\/schema\/logo\/image\/"},"sameAs":["https:\/\/www.facebook.com\/protectmyboat.be\/"]}]}},"_links":{"self":[{"href":"https:\/\/protectmyboat.eu\/de\/wp-json\/wp\/v2\/pages\/3736","targetHints":{"allow":["GET"]}}],"collection":[{"href":"https:\/\/protectmyboat.eu\/de\/wp-json\/wp\/v2\/pages"}],"about":[{"href":"https:\/\/protectmyboat.eu\/de\/wp-json\/wp\/v2\/types\/page"}],"author":[{"embeddable":true,"href":"https:\/\/protectmyboat.eu\/de\/wp-json\/wp\/v2\/users\/2"}],"replies":[{"embeddable":true,"href":"https:\/\/protectmyboat.eu\/de\/wp-json\/wp\/v2\/comments?post=3736"}],"version-history":[{"count":4,"href":"https:\/\/protectmyboat.eu\/de\/wp-json\/wp\/v2\/pages\/3736\/revisions"}],"predecessor-version":[{"id":6956,"href":"https:\/\/protectmyboat.eu\/de\/wp-json\/wp\/v2\/pages\/3736\/revisions\/6956"}],"wp:attachment":[{"href":"https:\/\/protectmyboat.eu\/de\/wp-json\/wp\/v2\/media?parent=3736"}],"curies":[{"name":"wp","href":"https:\/\/api.w.org\/{rel}","templated":true}]}}