{"id":3707,"date":"2023-02-11T13:11:11","date_gmt":"2023-02-11T12:11:11","guid":{"rendered":"https:\/\/protectmyboat.eu\/produit\/test-angeschlossener-gps-tracker-zum-schutz-vor-diebstahl\/"},"modified":"2026-03-14T10:45:35","modified_gmt":"2026-03-14T09:45:35","slug":"gps-tracker-anschlusse-gegen-diebstahl-2","status":"publish","type":"product","link":"https:\/\/protectmyboat.eu\/de\/produit\/gps-tracker-anschlusse-gegen-diebstahl-2\/","title":{"rendered":"Diebstahlsicherer GPS-Tracker f\u00fcr Boote Easytrak T42 \u2013 24\/7-Diebstahlhilfe mit Polizeianbindung"},"content":{"rendered":"<h2>Warum einen GPS-Tracker auf einem Boot oder Jetski installieren?<\/h2>\n<p>Boote und Jetskis sind h\u00e4ufige Ziele f\u00fcr Diebe, insbesondere in H\u00e4fen, Marinas oder Lagerbereichen. Leicht zu bewegen und oft \u00fcber l\u00e4ngere Zeitr\u00e4ume unbeaufsichtigt gelassen, stellen sie ein ideales Ziel f\u00fcr Diebstahlnetzwerke dar. <\/p>\n<p>Die Installation eines <strong>Boots-GPS-Trackers<\/strong> erm\u00f6glicht es Ihnen, Ihr Wasserfahrzeug in Echtzeit zu orten, bei verd\u00e4chtigen Bewegungen sofort benachrichtigt zu werden und die Chancen auf Wiederbeschaffung im Falle eines Diebstahls erheblich zu erh\u00f6hen.<\/p>\n<p>In Verbindung mit einer <strong>24\/7 aktiven Diebstahl-Assistance-Zentrale, die mit der Polizei verbunden ist<\/strong>, bietet der <strong>Easytrak T42 Anti-Diebstahl-Boots-GPS-Tracker<\/strong> einen weitaus effektiveren Schutz als ein einfacher klassischer GPS-Tracker.<\/p>\n<h2>Fortschrittlicher Diebstahlschutz f\u00fcr Ihr Boot oder Jetski<\/h2>\n<p>Diebst\u00e4hle von Booten und Jetskis sind leider h\u00e4ufig in H\u00e4fen, Marinas und Lagerpl\u00e4tzen.<\/p>\n<p>Der <strong>diebstahlsichere GPS-Tracker f\u00fcr Boote Easytrak T42<\/strong> erm\u00f6glicht es Ihnen, Ihr Boot effektiv zu sichern \u2013 dank einer <strong>pr\u00e4zisen GPS-Ortung, die jederzeit \u00fcber Ihr Smartphone abrufbar ist<\/strong>.<\/p>\n<p>Bei verd\u00e4chtigen Bewegungen erhalten Sie <strong>eine sofortige Benachrichtigung<\/strong>, sodass Sie Ihr Boot oder Ihren Jetski in Echtzeit verfolgen und schnell reagieren k\u00f6nnen.<\/p>\n<p>Kompakt und unauff\u00e4llig ist dieser <strong>GPS-Bootstracker gegen Diebstahl<\/strong> eine moderne und effektive L\u00f6sung, um Ihre nautische Investition zu sch\u00fctzen.<\/p>\n<h2>24\/7-Diebstahlassistenz mit Polizeianbindung<\/h2>\n<p>Im Gegensatz zu einem einfachen GPS-Tracker ist der <strong>Easytrak T42 mit einer professionellen Diebstahlassistenzzentrale verbunden, die 24 Stunden am Tag und 7 Tage die Woche aktiv ist<\/strong>.<\/p>\n<p>Diese Zentrale ist <strong>vom Ministerium zugelassen und direkt mit den Strafverfolgungsbeh\u00f6rden verbunden<\/strong>, was eine schnelle und sichere Intervention im Falle eines Diebstahls erm\u00f6glicht.<\/p>\n<p>Im Falle eines best\u00e4tigten Diebstahls:<\/p>\n<ul>\n<li>der Eigent\u00fcmer erh\u00e4lt eine Benachrichtigung auf seinem Smartphone<\/li>\n<li>er \u00fcberpr\u00fcft die Situation \u00fcber die Easytrak App<\/li>\n<li>er aktiviert die Diebstahl-Assistance direkt \u00fcber die App<\/li>\n<li>die Zentrale verfolgt das Wasserfahrzeug in Echtzeit<\/li>\n<li>die Polizei wird kontaktiert und die Wiederbeschaffung des Eigentums koordiniert<\/li>\n<\/ul>\n<p>Sie profitieren somit von einer <strong>professionellen L\u00f6sung zur Wiederbeschaffung gestohlener G\u00fcter<\/strong>, ohne selbst eingreifen zu m\u00fcssen.<\/p>\n<h2>Behalten Sie Ihr Wasserfahrzeug im Auge<\/h2>\n<p>Dank der mobilen Easytrak-App k\u00f6nnen Sie jederzeit:<\/p>\n<ul>\n<li>die <strong>GPS-Position in Echtzeit<\/strong> abrufen<\/li>\n<li>den <strong>Fahrtenverlauf<\/strong> \u00fcberpr\u00fcfen<\/li>\n<li><strong>Routen exportieren<\/strong><\/li>\n<li>eine <strong>Benachrichtigung erhalten, wenn jemand Ihr Boot oder Ihren Jetski ohne Ihr Wissen benutzt<\/strong><\/li>\n<\/ul>\n<p>Diese Funktion ist besonders n\u00fctzlich, wenn Ihr Wasserfahrzeug:<\/p>\n<ul>\n<li>in einem Hafen festgemacht ist<\/li>\n<li>in einem Hangar gelagert wird<\/li>\n<li>auf einem Anh\u00e4nger abgestellt ist<\/li>\n<li>einem Dritten anvertraut ist<\/li>\n<\/ul>\n<p>Mit dem <strong>GPS-Bootstracker gegen Diebstahl Easytrak T42<\/strong> behalten Sie Ihr Boot auch aus der Ferne unter Kontrolle.<\/p>\n<h2>Batterie\u00fcberwachung und Wartungserinnerungen<\/h2>\n<p>Das System erm\u00f6glicht es auch, <strong>den Zustand der Batterie des Bootes oder Jetskis zu \u00fcberwachen<\/strong>.<\/p>\n<ul>\n<li>Abfrage des Ladezustands<\/li>\n<li>Warnung bei anormaler Entladung<\/li>\n<li>Verwaltung von Wartungserinnerungen<\/li>\n<\/ul>\n<p>Diese Funktionen sind besonders n\u00fctzlich, wenn Ihr Wasserfahrzeug \u00fcber einen l\u00e4ngeren Zeitraum stillsteht.<\/p>\n<h2>Sicherheitszonen mit Geofencing<\/h2>\n<p>Zur Erh\u00f6hung der Sicherheit erm\u00f6glicht der <strong>diebstahlsichere GPS-Tracker f\u00fcr Boote Easytrak T42<\/strong> das Festlegen von <strong>individuellen Sicherheitszonen (Geofencing)<\/strong>.<\/p>\n<p>Sie k\u00f6nnen beispielsweise definieren:<\/p>\n<ul>\n<li>Ihren Heimathafen<\/li>\n<li>Ihre Marina<\/li>\n<li>Ihren Lagerplatz<\/li>\n<li>Ihren Hangar<\/li>\n<\/ul>\n<p>Wenn Ihr Boot oder Jetski diese Zone ohne Genehmigung verl\u00e4sst, erhalten Sie <strong>eine sofortige Benachrichtigung auf Ihr Smartphone<\/strong>.<\/p>\n<h2>Einfache und diskrete Installation<\/h2>\n<p>Der <strong>Easytrak T42<\/strong> l\u00e4sst sich einfach installieren dank einer <strong>einfachen 2-Draht-Verbindung<\/strong>, kompatibel mit den meisten Booten und Jetskis.<\/p>\n<p>Seine kompakten Abmessungen erm\u00f6glichen eine einfache Verbergung im Wasserfahrzeug, was ihn bei Diebstahlversuchen schwer erkennbar macht.<\/p>\n<p>Die <strong>4G LTE<\/strong>-Konnektivit\u00e4t gew\u00e4hrleistet eine schnelle und zuverl\u00e4ssige Kommunikation mit der mobilen App und der Diebstahl-Assistance-Zentrale.<\/p>\n<h2>Hauptmerkmale<\/h2>\n<ul>\n<li>GPS-Tracker <strong>4G LTE<\/strong><\/li>\n<li><strong>Ortung in Echtzeit<\/strong><\/li>\n<li><strong>Dedizierte mobile App<\/strong><\/li>\n<li><strong>24\/7 aktive Diebstahlassistenzzentrale<\/strong><\/li>\n<li><strong>Zugelassene Zentrale mit Polizeianbindung<\/strong><\/li>\n<li><strong>Koordinierte Wiederbeschaffung des gestohlenen Guts<\/strong><\/li>\n<li><strong>Sofortige Diebstahlwarnungen<\/strong><\/li>\n<li><strong>Geofencing (Sicherheitszonen)<\/strong><\/li>\n<li><strong>Fahrtenverlauf mit Export<\/strong><\/li>\n<li><strong>Batterie\u00fcberwachung<\/strong><\/li>\n<li><strong>Warnungen bei abnormaler Entladung<\/strong><\/li>\n<li><strong>Wartungserinnerungen<\/strong><\/li>\n<li><strong>Einfache 2-Draht-Installation (12V oder 24V)<\/strong><\/li>\n<li>Kompatibel mit <strong>Booten und Jetskis<\/strong><\/li>\n<\/ul>\n<h2>St\u00e4rken<\/h2>\n<ul>\n<li>\u2714 Fortschrittlicher Diebstahlschutz f\u00fcr Boot und Jetski<\/li>\n<li>\u2714 Diebstahlhilfe 24\/7 mit Anbindung an die Polizei<\/li>\n<li>\u2714 Schnelle und sichere Wiederbeschaffung im Diebstahlfall<\/li>\n<li>\u2714 GPS-Ortung in Echtzeit<\/li>\n<li>\u2714 Exportierbarer Fahrtenverlauf<\/li>\n<li>\u2714 Batterie\u00fcberwachung<\/li>\n<li>\u2714 Individuell anpassbare Sicherheitszonen<\/li>\n<li>\u2714 Schnelle und unauff\u00e4llige Installation<\/li>\n<\/ul>\n<h2>Warum Easytrak statt eines einfachen GPS-Trackers w\u00e4hlen?<\/h2>\n<p>Viele GPS-Tracker erm\u00f6glichen die Ortung eines Bootes oder Jetskis, aber <strong>nur wenige bieten echte Unterst\u00fctzung im Falle eines Diebstahls<\/strong>.<\/p>\n<p>Mit <strong>Easytrak T42<\/strong> erhalten Sie eine <strong>umfassende Sicherheitsl\u00f6sung<\/strong>, die Geolokalisierung, \u00dcberwachung und professionelle Unterst\u00fctzung kombiniert.<\/p>\n<table>\n<thead>\n<tr>\n<th>Funktion<\/th>\n<th>Klassischer GPS-Tracker<\/th>\n<th>Easytrak T42<\/th>\n<\/tr>\n<\/thead>\n<tbody>\n<tr>\n<td>GPS-Ortung<\/td>\n<td>\u2714<\/td>\n<td>\u2714<\/td>\n<\/tr>\n<tr>\n<td>Mobile App<\/td>\n<td>\u2714<\/td>\n<td>\u2714<\/td>\n<\/tr>\n<tr>\n<td>Bewegungswarnungen<\/td>\n<td>\u2714<\/td>\n<td>\u2714<\/td>\n<\/tr>\n<tr>\n<td>Geofencing<\/td>\n<td>manchmal<\/td>\n<td>\u2714<\/td>\n<\/tr>\n<tr>\n<td>Fahrtverlauf<\/td>\n<td>\u2714<\/td>\n<td>\u2714<\/td>\n<\/tr>\n<tr>\n<td>Batterie\u00fcberwachung<\/td>\n<td>manchmal<\/td>\n<td>\u2714<\/td>\n<\/tr>\n<tr>\n<td>Diebstahlhilfe<\/td>\n<td>\u2716<\/td>\n<td>\u2714<\/td>\n<\/tr>\n<tr>\n<td>Aktive 24\/7-Assistenzzentrale<\/td>\n<td>\u2716<\/td>\n<td>\u2714<\/td>\n<\/tr>\n<tr>\n<td>Zertifizierte und mit der Polizei verbundene Zentrale<\/td>\n<td>\u2716<\/td>\n<td>\u2714<\/td>\n<\/tr>\n<tr>\n<td>Koordination der Wiederbeschaffung des gestohlenen Eigentums<\/td>\n<td>\u2716<\/td>\n<td>\u2714<\/td>\n<\/tr>\n<\/tbody>\n<\/table>\n<p>Mit einem klassischen Tracker <strong>sind Sie dem Diebstahl allein ausgeliefert<\/strong>.<\/p>\n<p>Mit <strong>Easytrak<\/strong> \u00fcbernimmt eine <strong>professionelle Zentrale die Koordination der Wiederbeschaffung mit den Strafverfolgungsbeh\u00f6rden<\/strong>.<\/p>\n<h2>Sichern Sie Ihr Boot noch heute<\/h2>\n<p><strong>Sichern Sie Ihr Boot oder Ihren Jetski noch heute mit dem GPS-Bootstracker gegen Diebstahl Easytrak T42 und profitieren Sie von einer 24\/7-Diebstahlhilfe mit Anbindung an die Polizei.<\/strong><\/p>\n<h2>H\u00e4ufig gestellte Fragen zum Boot-GPS-Tracker Easytrak T42<\/h2>\n<h3>Wie funktioniert ein GPS-Tracker f\u00fcr Boote oder Jet-Skis?<\/h3>\n<p>Der <strong>diebstahlsichere GPS-Tracker f\u00fcr Boote Easytrak T42<\/strong> nutzt ein Ortungssystem, mit dem Sie die genaue Position Ihres Boots kennen.<\/p>\n<p>Die Informationen werden \u00fcber das Mobilfunknetz an eine <strong>spezielle mobile App<\/strong> \u00fcbertragen, die \u00fcber Ihr Smartphone zug\u00e4nglich ist. So k\u00f6nnen Sie die <strong>Position Ihres Bootes oder Jet-Skis in Echtzeit<\/strong> einsehen, egal wo Sie sich befinden. <\/p>\n<p>Das System erm\u00f6glicht au\u00dferdem <strong>Benachrichtigungen bei Bewegung oder ungew\u00f6hnlicher Aktivit\u00e4t<\/strong>.<\/p>\n<h3>Was passiert im Falle eines Diebstahls des Bootes oder Jet-Skis?<\/h3>\n<p>Wird eine verd\u00e4chtige Bewegung erkannt, <strong>sendet der diebstahlsichere GPS-Tracker f\u00fcr Boote Easytrak T42 sofort eine Warnmeldung an den Eigent\u00fcmer \u00fcber die mobile App<\/strong>.<\/p>\n<p>Der Besitzer kann dann die Situation \u00fcberpr\u00fcfen und die Position des Bootes oder Jet-Skis in Echtzeit verfolgen.<\/p>\n<p>Wenn der Diebstahl best\u00e4tigt wird, muss er lediglich <strong>die Diebstahlhilfe direkt \u00fcber die App aktivieren<\/strong>, um die <strong>rund um die Uhr (24\/7) aktive Alarmzentrale<\/strong> zu kontaktieren.<\/p>\n<p>Die <strong>zugelassene und mit den Strafverfolgungsbeh\u00f6rden vernetzte<\/strong> Zentrale kann dann das Boot verfolgen und <strong>dessen Wiederbeschaffung in Zusammenarbeit mit der Polizei koordinieren<\/strong>.<\/p>\n<h3>Kann ich benachrichtigt werden, wenn jemand mein Boot oder Jet-Ski ohne mein Wissen benutzt?<\/h3>\n<p>Ja. Dank des <strong>Sentinel-Modus<\/strong> kann der <strong>GPS-Bootstracker gegen Diebstahl Easytrak T42<\/strong> Benachrichtigungen bei Bewegung oder Verlagerung des Boots senden. <\/p>\n<p>Sie werden sofort informiert, wenn Ihr Boot ohne Ihre Zustimmung genutzt wird, und k\u00f6nnen die Position direkt in der App pr\u00fcfen.<\/p>\n<h3>Kann ich eine Sicherheitszone f\u00fcr mein Boot definieren?<\/h3>\n<p>Ja. Das System erm\u00f6glicht es, <strong>personalisierte Sicherheitszonen (Geofencing)<\/strong> zu erstellen. <\/p>\n<p>Sie k\u00f6nnen zum Beispiel definieren:<\/p>\n<ul>\n<li>Ihren Heimathafen<\/li>\n<li>Ihre Marina<\/li>\n<li>Ihren Lagerplatz<\/li>\n<li>Ihren Hangar<\/li>\n<\/ul>\n<p>Wenn Ihr Boot oder Jet-Ski diese Zone ohne Erlaubnis verl\u00e4sst, erhalten Sie <strong>einen sofortigen Alarm auf Ihr Smartphone<\/strong>.<\/p>\n<h3>Erm\u00f6glicht der Tracker die \u00dcberwachung der Bootsbatterie?<\/h3>\n<p>Ja. Der <strong>Easytrak T42<\/strong> erm\u00f6glicht die \u00dcberwachung des <strong>Batteriezustands Ihres Bootes oder Jet-Skis<\/strong>. <\/p>\n<p>Sie k\u00f6nnen den Ladestand einsehen und <strong>einen Alarm bei abnormaler Entladung<\/strong> erhalten, was besonders n\u00fctzlich ist, wenn Ihr Boot \u00fcber einen l\u00e4ngeren Zeitraum stillsteht.<\/p>\n<h3>Kann ich den Navigationsverlauf einsehen?<\/h3>\n<p>Ja. Die Easytrak-App erm\u00f6glicht es, den <strong>vollst\u00e4ndigen Verlauf der Bewegungen und Fahrten<\/strong> einzusehen. <\/p>\n<p>Sie k\u00f6nnen die <strong>Routen auch exportieren<\/strong>, was n\u00fctzlich sein kann, um die Nutzung Ihres Bootes zu analysieren oder ein Protokoll der Ausfl\u00fcge zu f\u00fchren.<\/p>\n<h3>Ist die Installation des GPS-Trackers kompliziert?<\/h3>\n<p>Nein. Der <strong>Easytrak T42<\/strong> verf\u00fcgt \u00fcber eine <strong>einfache 2-Draht-Installation<\/strong>, was eine schnelle Einrichtung auf den meisten Booten und Jet-Skis erm\u00f6glicht. <\/p>\n<p>Dank seiner kompakten Ma\u00dfe l\u00e4sst er sich zudem <strong>leicht im Boot verstecken<\/strong>, was den Diebstahlschutz zus\u00e4tzlich erh\u00f6ht.<\/p>\n<h3>Funktioniert der Tracker auf allen Bootstypen?<\/h3>\n<p>Ja. Der <strong>diebstahlsichere GPS-Tracker f\u00fcr Boote Easytrak T42<\/strong> ist mit den meisten Booten kompatibel: <\/p>\n<ul>\n<li>Motorboote<\/li>\n<li>Jet-Skis<\/li>\n<li>Festrumpfschlauchboote (RIBs)<\/li>\n<li>auf Anh\u00e4ngern transportierte Boote<\/li>\n<\/ul>\n<p>Er stellt eine ideale L\u00f6sung dar, um <strong>ein Boot in einem Hafen, einer Marina oder an einem Lagerort zu sichern<\/strong>.<\/p>\n","protected":false},"excerpt":{"rendered":"<p data-start=\"1091\" data-end=\"1200\">Sch\u00fctzen Sie Ihr <strong data-start=\"1119\" data-end=\"1154\">Boot oder Ihren Jet-Ski effektiv vor Diebstahl<\/strong> \u2013 mit dem <strong data-start=\"1164\" data-end=\"1199\">diebstahlsicheren GPS-Tracker f\u00fcr Boote Easytrak T42 4G LTE<\/strong>.<\/p>\n<p data-start=\"1202\" data-end=\"1381\">Orten Sie Ihr Wasserfahrzeug in Echtzeit \u00fcber eine <strong data-start=\"1252\" data-end=\"1284\">intuitive mobile App<\/strong>, erhalten Sie <strong data-start=\"1298\" data-end=\"1339\">Benachrichtigungen bei verd\u00e4chtigen Bewegungen<\/strong> und \u00fcberwachen Sie seine Nutzung aus der Ferne.<\/p>\n<p data-start=\"1383\" data-end=\"1573\">Das System ist mit einer <strong data-start=\"1410\" data-end=\"1506\">24 Stunden am Tag und 7 Tage die Woche aktiven Diebstahlassistenzzentrale verbunden, die zugelassen und direkt mit der Polizei verbunden ist<\/strong>, was eine <strong data-start=\"1523\" data-end=\"1572\">schnelle und sichere Wiederbeschaffung des gestohlenen Guts<\/strong> erm\u00f6glicht.<\/p>\n","protected":false},"featured_media":2522,"template":"","meta":[],"product_brand":[],"product_cat":[98],"product_tag":[271,118,260,286,119,268,269,299,288],"class_list":{"0":"post-3707","1":"product","2":"type-product","3":"status-publish","4":"has-post-thumbnail","6":"product_cat-diebstahlschutz","7":"product_tag-1bebat_bi","8":"product_tag-1y-prepaid-de","9":"product_tag-b2c_visi","10":"product_tag-d-discount-fr","11":"product_tag-diy-de","12":"product_tag-metatrak","13":"product_tag-mse_wh","14":"product_tag-mtk_smart_1y","15":"product_tag-rec6_1","17":"first","18":"instock","19":"featured","20":"taxable","21":"shipping-taxable","22":"purchasable","23":"product-type-simple"},"yoast_head":"<!-- This site is optimized with the Yoast SEO plugin v27.3 - https:\/\/yoast.com\/product\/yoast-seo-wordpress\/ -->\n<title>GPS-Tracker Boot Easytrak T42 | Diebstahlschutz + 24\/7-Diebstahlhilfe<\/title>\n<meta name=\"description\" content=\"GPS-Tracker f\u00fcr Boot und Jet-Ski mit 24\/7-Diebstahlhilfe verbunden mit der Polizei. Echtzeit-Ortung, Geofencing, Batterie\u00fcberwachung und Navigationsverlauf.\" \/>\n<meta name=\"robots\" content=\"index, follow, max-snippet:-1, max-image-preview:large, max-video-preview:-1\" \/>\n<link rel=\"canonical\" href=\"https:\/\/protectmyboat.eu\/de\/produit\/gps-tracker-anschlusse-gegen-diebstahl-2\/\" \/>\n<meta property=\"og:locale\" content=\"de_DE\" \/>\n<meta property=\"og:type\" content=\"article\" \/>\n<meta property=\"og:title\" content=\"GPS-Tracker Boot Easytrak T42 | Diebstahlschutz + 24\/7-Diebstahlhilfe\" \/>\n<meta property=\"og:description\" content=\"GPS-Tracker f\u00fcr Boot und Jet-Ski mit 24\/7-Diebstahlhilfe verbunden mit der Polizei. Echtzeit-Ortung, Geofencing, Batterie\u00fcberwachung und Navigationsverlauf.\" \/>\n<meta property=\"og:url\" content=\"https:\/\/protectmyboat.eu\/de\/produit\/gps-tracker-anschlusse-gegen-diebstahl-2\/\" \/>\n<meta property=\"og:site_name\" content=\"Protect My Boat\" \/>\n<meta property=\"article:publisher\" content=\"https:\/\/www.facebook.com\/protectmyboat.be\/\" \/>\n<meta property=\"article:modified_time\" content=\"2026-03-14T09:45:35+00:00\" \/>\n<meta property=\"og:image\" content=\"https:\/\/protectmyboat.eu\/wp-content\/uploads\/2023\/02\/T42-vue-port-Main.png\" \/>\n\t<meta property=\"og:image:width\" content=\"1000\" \/>\n\t<meta property=\"og:image:height\" content=\"1000\" \/>\n\t<meta property=\"og:image:type\" content=\"image\/png\" \/>\n<meta name=\"twitter:card\" content=\"summary_large_image\" \/>\n<meta name=\"twitter:label1\" content=\"Gesch\u00e4tzte Lesezeit\" \/>\n\t<meta name=\"twitter:data1\" content=\"6 Minuten\" \/>\n<script type=\"application\/ld+json\" class=\"yoast-schema-graph\">{\"@context\":\"https:\\\/\\\/schema.org\",\"@graph\":[{\"@type\":\"WebPage\",\"@id\":\"https:\\\/\\\/protectmyboat.eu\\\/de\\\/produit\\\/gps-tracker-anschlusse-gegen-diebstahl-2\\\/\",\"url\":\"https:\\\/\\\/protectmyboat.eu\\\/de\\\/produit\\\/gps-tracker-anschlusse-gegen-diebstahl-2\\\/\",\"name\":\"GPS-Tracker Boot Easytrak T42 | Diebstahlschutz + 24\\\/7-Diebstahlhilfe\",\"isPartOf\":{\"@id\":\"https:\\\/\\\/protectmyboat.eu\\\/de\\\/#website\"},\"primaryImageOfPage\":{\"@id\":\"https:\\\/\\\/protectmyboat.eu\\\/de\\\/produit\\\/gps-tracker-anschlusse-gegen-diebstahl-2\\\/#primaryimage\"},\"image\":{\"@id\":\"https:\\\/\\\/protectmyboat.eu\\\/de\\\/produit\\\/gps-tracker-anschlusse-gegen-diebstahl-2\\\/#primaryimage\"},\"thumbnailUrl\":\"https:\\\/\\\/protectmyboat.eu\\\/wp-content\\\/uploads\\\/2023\\\/02\\\/T42-vue-port-Main.png\",\"datePublished\":\"2023-02-11T12:11:11+00:00\",\"dateModified\":\"2026-03-14T09:45:35+00:00\",\"description\":\"GPS-Tracker f\u00fcr Boot und Jet-Ski mit 24\\\/7-Diebstahlhilfe verbunden mit der Polizei. Echtzeit-Ortung, Geofencing, Batterie\u00fcberwachung und Navigationsverlauf.\",\"breadcrumb\":{\"@id\":\"https:\\\/\\\/protectmyboat.eu\\\/de\\\/produit\\\/gps-tracker-anschlusse-gegen-diebstahl-2\\\/#breadcrumb\"},\"inLanguage\":\"de\",\"potentialAction\":[{\"@type\":\"ReadAction\",\"target\":[\"https:\\\/\\\/protectmyboat.eu\\\/de\\\/produit\\\/gps-tracker-anschlusse-gegen-diebstahl-2\\\/\"]}]},{\"@type\":\"ImageObject\",\"inLanguage\":\"de\",\"@id\":\"https:\\\/\\\/protectmyboat.eu\\\/de\\\/produit\\\/gps-tracker-anschlusse-gegen-diebstahl-2\\\/#primaryimage\",\"url\":\"https:\\\/\\\/protectmyboat.eu\\\/wp-content\\\/uploads\\\/2023\\\/02\\\/T42-vue-port-Main.png\",\"contentUrl\":\"https:\\\/\\\/protectmyboat.eu\\\/wp-content\\\/uploads\\\/2023\\\/02\\\/T42-vue-port-Main.png\",\"width\":1000,\"height\":1000,\"caption\":\"GPS-Tracker mit mobiler Anwendung\"},{\"@type\":\"BreadcrumbList\",\"@id\":\"https:\\\/\\\/protectmyboat.eu\\\/de\\\/produit\\\/gps-tracker-anschlusse-gegen-diebstahl-2\\\/#breadcrumb\",\"itemListElement\":[{\"@type\":\"ListItem\",\"position\":1,\"name\":\"Startseite\",\"item\":\"https:\\\/\\\/protectmyboat.eu\\\/de\\\/nl-gps-diebstahlsicherung-fur-boote-jet-ski-und-ausenborder\\\/\"},{\"@type\":\"ListItem\",\"position\":2,\"name\":\"Shop\",\"item\":\"https:\\\/\\\/protectmyboat.eu\\\/de\\\/shop\\\/\"},{\"@type\":\"ListItem\",\"position\":3,\"name\":\"Diebstahlsicherer GPS-Tracker f\u00fcr Boote Easytrak T42 \u2013 24\\\/7-Diebstahlhilfe mit Polizeianbindung\"}]},{\"@type\":\"WebSite\",\"@id\":\"https:\\\/\\\/protectmyboat.eu\\\/de\\\/#website\",\"url\":\"https:\\\/\\\/protectmyboat.eu\\\/de\\\/\",\"name\":\"Protect My Boat\",\"description\":\"\",\"publisher\":{\"@id\":\"https:\\\/\\\/protectmyboat.eu\\\/de\\\/#organization\"},\"potentialAction\":[{\"@type\":\"SearchAction\",\"target\":{\"@type\":\"EntryPoint\",\"urlTemplate\":\"https:\\\/\\\/protectmyboat.eu\\\/de\\\/?s={search_term_string}\"},\"query-input\":{\"@type\":\"PropertyValueSpecification\",\"valueRequired\":true,\"valueName\":\"search_term_string\"}}],\"inLanguage\":\"de\"},{\"@type\":\"Organization\",\"@id\":\"https:\\\/\\\/protectmyboat.eu\\\/de\\\/#organization\",\"name\":\"ADW Management SRL\",\"url\":\"https:\\\/\\\/protectmyboat.eu\\\/de\\\/\",\"logo\":{\"@type\":\"ImageObject\",\"inLanguage\":\"de\",\"@id\":\"https:\\\/\\\/protectmyboat.eu\\\/de\\\/#\\\/schema\\\/logo\\\/image\\\/\",\"url\":\"https:\\\/\\\/protectmyboat.eu\\\/wp-content\\\/uploads\\\/2023\\\/02\\\/Logo_PmB_rectangle_new.png\",\"contentUrl\":\"https:\\\/\\\/protectmyboat.eu\\\/wp-content\\\/uploads\\\/2023\\\/02\\\/Logo_PmB_rectangle_new.png\",\"width\":494,\"height\":218,\"caption\":\"ADW Management SRL\"},\"image\":{\"@id\":\"https:\\\/\\\/protectmyboat.eu\\\/de\\\/#\\\/schema\\\/logo\\\/image\\\/\"},\"sameAs\":[\"https:\\\/\\\/www.facebook.com\\\/protectmyboat.be\\\/\"]}]}<\/script>\n<!-- \/ Yoast SEO plugin. -->","yoast_head_json":{"title":"GPS-Tracker Boot Easytrak T42 | Diebstahlschutz + 24\/7-Diebstahlhilfe","description":"GPS-Tracker f\u00fcr Boot und Jet-Ski mit 24\/7-Diebstahlhilfe verbunden mit der Polizei. Echtzeit-Ortung, Geofencing, Batterie\u00fcberwachung und Navigationsverlauf.","robots":{"index":"index","follow":"follow","max-snippet":"max-snippet:-1","max-image-preview":"max-image-preview:large","max-video-preview":"max-video-preview:-1"},"canonical":"https:\/\/protectmyboat.eu\/de\/produit\/gps-tracker-anschlusse-gegen-diebstahl-2\/","og_locale":"de_DE","og_type":"article","og_title":"GPS-Tracker Boot Easytrak T42 | Diebstahlschutz + 24\/7-Diebstahlhilfe","og_description":"GPS-Tracker f\u00fcr Boot und Jet-Ski mit 24\/7-Diebstahlhilfe verbunden mit der Polizei. Echtzeit-Ortung, Geofencing, Batterie\u00fcberwachung und Navigationsverlauf.","og_url":"https:\/\/protectmyboat.eu\/de\/produit\/gps-tracker-anschlusse-gegen-diebstahl-2\/","og_site_name":"Protect My Boat","article_publisher":"https:\/\/www.facebook.com\/protectmyboat.be\/","article_modified_time":"2026-03-14T09:45:35+00:00","og_image":[{"width":1000,"height":1000,"url":"https:\/\/protectmyboat.eu\/wp-content\/uploads\/2023\/02\/T42-vue-port-Main.png","type":"image\/png"}],"twitter_card":"summary_large_image","twitter_misc":{"Gesch\u00e4tzte Lesezeit":"6 Minuten"},"schema":{"@context":"https:\/\/schema.org","@graph":[{"@type":"WebPage","@id":"https:\/\/protectmyboat.eu\/de\/produit\/gps-tracker-anschlusse-gegen-diebstahl-2\/","url":"https:\/\/protectmyboat.eu\/de\/produit\/gps-tracker-anschlusse-gegen-diebstahl-2\/","name":"GPS-Tracker Boot Easytrak T42 | Diebstahlschutz + 24\/7-Diebstahlhilfe","isPartOf":{"@id":"https:\/\/protectmyboat.eu\/de\/#website"},"primaryImageOfPage":{"@id":"https:\/\/protectmyboat.eu\/de\/produit\/gps-tracker-anschlusse-gegen-diebstahl-2\/#primaryimage"},"image":{"@id":"https:\/\/protectmyboat.eu\/de\/produit\/gps-tracker-anschlusse-gegen-diebstahl-2\/#primaryimage"},"thumbnailUrl":"https:\/\/protectmyboat.eu\/wp-content\/uploads\/2023\/02\/T42-vue-port-Main.png","datePublished":"2023-02-11T12:11:11+00:00","dateModified":"2026-03-14T09:45:35+00:00","description":"GPS-Tracker f\u00fcr Boot und Jet-Ski mit 24\/7-Diebstahlhilfe verbunden mit der Polizei. Echtzeit-Ortung, Geofencing, Batterie\u00fcberwachung und Navigationsverlauf.","breadcrumb":{"@id":"https:\/\/protectmyboat.eu\/de\/produit\/gps-tracker-anschlusse-gegen-diebstahl-2\/#breadcrumb"},"inLanguage":"de","potentialAction":[{"@type":"ReadAction","target":["https:\/\/protectmyboat.eu\/de\/produit\/gps-tracker-anschlusse-gegen-diebstahl-2\/"]}]},{"@type":"ImageObject","inLanguage":"de","@id":"https:\/\/protectmyboat.eu\/de\/produit\/gps-tracker-anschlusse-gegen-diebstahl-2\/#primaryimage","url":"https:\/\/protectmyboat.eu\/wp-content\/uploads\/2023\/02\/T42-vue-port-Main.png","contentUrl":"https:\/\/protectmyboat.eu\/wp-content\/uploads\/2023\/02\/T42-vue-port-Main.png","width":1000,"height":1000,"caption":"GPS-Tracker mit mobiler Anwendung"},{"@type":"BreadcrumbList","@id":"https:\/\/protectmyboat.eu\/de\/produit\/gps-tracker-anschlusse-gegen-diebstahl-2\/#breadcrumb","itemListElement":[{"@type":"ListItem","position":1,"name":"Startseite","item":"https:\/\/protectmyboat.eu\/de\/nl-gps-diebstahlsicherung-fur-boote-jet-ski-und-ausenborder\/"},{"@type":"ListItem","position":2,"name":"Shop","item":"https:\/\/protectmyboat.eu\/de\/shop\/"},{"@type":"ListItem","position":3,"name":"Diebstahlsicherer GPS-Tracker f\u00fcr Boote Easytrak T42 \u2013 24\/7-Diebstahlhilfe mit Polizeianbindung"}]},{"@type":"WebSite","@id":"https:\/\/protectmyboat.eu\/de\/#website","url":"https:\/\/protectmyboat.eu\/de\/","name":"Protect My Boat","description":"","publisher":{"@id":"https:\/\/protectmyboat.eu\/de\/#organization"},"potentialAction":[{"@type":"SearchAction","target":{"@type":"EntryPoint","urlTemplate":"https:\/\/protectmyboat.eu\/de\/?s={search_term_string}"},"query-input":{"@type":"PropertyValueSpecification","valueRequired":true,"valueName":"search_term_string"}}],"inLanguage":"de"},{"@type":"Organization","@id":"https:\/\/protectmyboat.eu\/de\/#organization","name":"ADW Management SRL","url":"https:\/\/protectmyboat.eu\/de\/","logo":{"@type":"ImageObject","inLanguage":"de","@id":"https:\/\/protectmyboat.eu\/de\/#\/schema\/logo\/image\/","url":"https:\/\/protectmyboat.eu\/wp-content\/uploads\/2023\/02\/Logo_PmB_rectangle_new.png","contentUrl":"https:\/\/protectmyboat.eu\/wp-content\/uploads\/2023\/02\/Logo_PmB_rectangle_new.png","width":494,"height":218,"caption":"ADW Management SRL"},"image":{"@id":"https:\/\/protectmyboat.eu\/de\/#\/schema\/logo\/image\/"},"sameAs":["https:\/\/www.facebook.com\/protectmyboat.be\/"]}]}},"_links":{"self":[{"href":"https:\/\/protectmyboat.eu\/de\/wp-json\/wp\/v2\/product\/3707","targetHints":{"allow":["GET"]}}],"collection":[{"href":"https:\/\/protectmyboat.eu\/de\/wp-json\/wp\/v2\/product"}],"about":[{"href":"https:\/\/protectmyboat.eu\/de\/wp-json\/wp\/v2\/types\/product"}],"version-history":[{"count":10,"href":"https:\/\/protectmyboat.eu\/de\/wp-json\/wp\/v2\/product\/3707\/revisions"}],"predecessor-version":[{"id":6705,"href":"https:\/\/protectmyboat.eu\/de\/wp-json\/wp\/v2\/product\/3707\/revisions\/6705"}],"wp:featuredmedia":[{"embeddable":true,"href":"https:\/\/protectmyboat.eu\/de\/wp-json\/wp\/v2\/media\/2522"}],"wp:attachment":[{"href":"https:\/\/protectmyboat.eu\/de\/wp-json\/wp\/v2\/media?parent=3707"}],"wp:term":[{"taxonomy":"product_brand","embeddable":true,"href":"https:\/\/protectmyboat.eu\/de\/wp-json\/wp\/v2\/product_brand?post=3707"},{"taxonomy":"product_cat","embeddable":true,"href":"https:\/\/protectmyboat.eu\/de\/wp-json\/wp\/v2\/product_cat?post=3707"},{"taxonomy":"product_tag","embeddable":true,"href":"https:\/\/protectmyboat.eu\/de\/wp-json\/wp\/v2\/product_tag?post=3707"}],"curies":[{"name":"wp","href":"https:\/\/api.w.org\/{rel}","templated":true}]}}