{"id":3951,"date":"2023-02-11T13:10:32","date_gmt":"2023-02-11T12:10:32","guid":{"rendered":"https:\/\/protectmyboat.eu\/produit\/autonomer-verbundener-gps-tracker-pulsar-zum-schutz-vor-diebstahl\/"},"modified":"2026-01-04T19:29:09","modified_gmt":"2026-01-04T18:29:09","slug":"gps-tracker-autonome-connected-pulsar-gegen-diebstahl","status":"publish","type":"product","link":"https:\/\/protectmyboat.eu\/de\/produit\/gps-tracker-autonome-connected-pulsar-gegen-diebstahl\/","title":{"rendered":"Pulsar (2G) 3 Jahre \u2013 100% autonomer GPS-Diebstahlschutz-Tracker"},"content":{"rendered":"<p>Unauffindbar, miniaturisiert und wasserdicht (IP67), ben\u00f6tigt es keine Anschl\u00fcsse, wodurch es schnell und einfach zu installieren und dank der mitgelieferten Halterung und Doppelseite zu verbergen ist.<\/p>\n<p>Dies ist eine ideale L\u00f6sung, um Ger\u00e4te wie H\/B-Motoren, Jetskis oder andere zu sch\u00fctzende Objekte (Anh\u00e4nger, Pakete, &#8230;) im Falle eines Diebstahls wiederzubekommen.<\/p>\n<p>Seine Funktionsweise unterscheidet sich von der herk\u00f6mmlicher Plotter. Er arbeitet im Heartbeat-Modus, d. h. er verbindet sich regelm\u00e4\u00dfig mit dem Netzwerk, um seine Position zu aktualisieren und auf Anfragen von Nutzern \u00fcber die mobile Anwendung<strong>&#8222;Pulsar<\/strong>&#8220; zu reagieren. In der restlichen Zeit ist er komplett ausgeschaltet, was ihn v\u00f6llig unentdeckt l\u00e4sst.<\/p>\n<p>Mit der Funktion<strong>&#8222;virtuelle Garage<\/strong>&#8220; k\u00f6nnen Sie eine W\u00e4chterzone einrichten. Wenn der Pulsar au\u00dferhalb des erlaubten Bereichs aufwacht, sendet er eine Warnmeldung an den Besitzer.<\/p>\n<p>Dieser kann den Modus &#8222;gestohlenes Fahrzeug&#8220; aktivieren, um das Gut in Echtzeit zu verfolgen. Diese Funktion kann auch automatisch aktiviert werden, sobald die Maschine den erlaubten Bereich verl\u00e4sst*.<\/p>\n<p>Im Falle eines tats\u00e4chlichen Diebstahls gehen Sie kein Risiko ein und kontaktieren Sie die rund um die Uhr verf\u00fcgbare Alarmzentrale (gem\u00e4\u00df belgischer Gesetzgebung).<\/p>\n<p>Er ist batteriebetrieben (vom Benutzer leicht austauschbar) und kann je nach gew\u00e4hlter Kommunikationsfrequenz* bis zu 2 Jahre lang verwendet werden.<\/p>\n<p>Wird mit magnetischer Halterung geliefert.<\/p>\n<p>Pulsar ist aufgrund seiner zu 100 % autonomen Konzeption nicht darauf ausgelegt, ein Objekt st\u00e4ndig zu verfolgen, wie ein herk\u00f6mmlicher GPS-Tracker. Er funktioniert punktuell und bietet eine ideale L\u00f6sung f\u00fcr Objekte, die nicht \u00fcber eine permanente Stromversorgung verf\u00fcgen (z. B. Winterlager oder Maschinen mit Batteriehauptschalter).<\/p>\n<p>PULSAR-Service (Abonnement) mit <strong>36 Monaten inklusive<\/strong> im Produktpreis (Verl\u00e4ngerung 99\u20ac f\u00fcr 3 Jahre, inkl. 21% MwSt., ab dem 4. Jahr). Alle Gespr\u00e4chsgeb\u00fchren und Roamingkosten inbegriffen. Europaweite Abdeckung (kompatibel mit den meisten in Europa vorhandenen Mobilfunknetzen).<\/p>\n<p>3 Jahre Herstellergarantie.<\/p>\n<p>*: Die H\u00e4ufigkeit und die Anzahl der Gespr\u00e4che wirken sich auf die Lebensdauer der Batterien aus. Beziehen Sie sich auf die Anleitung, um ihn richtig einzustellen.<\/p>\n","protected":false},"excerpt":{"rendered":"<p>Pulsar ist ein 100% autonomes GPS-Ger\u00e4t der neuen Generation zur Wiederherstellung nach einem Flug, das eine sehr hohe Betriebsautonomie bietet. Er funktioniert mit Batterien und ist so konzipiert, dass er die gestohlenen Ger\u00e4te oder Gegenst\u00e4nde, an denen er angebracht ist, wiederfindet (kein Anschluss).<\/p>\n<p>Mit der mobilen Anwendung<strong>&#8222;Pulsar<\/strong>&#8220; (kompatibel mit iOS und Android) k\u00f6nnen Sie Befehle senden und Benachrichtigungen empfangen. 36 Monate Service bereits im Preis enthalten!<\/p>\n","protected":false},"featured_media":2510,"template":"","meta":[],"product_brand":[],"product_cat":[98],"product_tag":[139,285,140,130,260,286,268,269,287,288],"class_list":{"0":"post-3951","1":"product","2":"type-product","3":"status-publish","4":"has-post-thumbnail","6":"product_cat-diebstahlschutz","7":"product_tag-100-selbststandig","8":"product_tag-2bebat_bi","9":"product_tag-3y-prepaid-de","10":"product_tag-auslaufmodell","11":"product_tag-b2c_visi","12":"product_tag-d-discount-fr","13":"product_tag-metatrak","14":"product_tag-mse_wh","15":"product_tag-promo","16":"product_tag-rec6_1","18":"first","19":"instock","20":"taxable","21":"shipping-taxable","22":"purchasable","23":"product-type-simple"},"yoast_head":"<!-- This site is optimized with the Yoast SEO plugin v27.3 - https:\/\/yoast.com\/product\/yoast-seo-wordpress\/ -->\n<title>Pulsar (2G) 3 Jahre \u2013 100% autonomer GPS-Diebstahlschutz-Tracker - Protect My Boat<\/title>\n<meta name=\"robots\" content=\"index, follow, max-snippet:-1, max-image-preview:large, max-video-preview:-1\" \/>\n<link rel=\"canonical\" href=\"https:\/\/protectmyboat.eu\/de\/produit\/gps-tracker-autonome-connected-pulsar-gegen-diebstahl\/\" \/>\n<meta property=\"og:locale\" content=\"de_DE\" \/>\n<meta property=\"og:type\" content=\"article\" \/>\n<meta property=\"og:title\" content=\"Pulsar (2G) 3 Jahre \u2013 100% autonomer GPS-Diebstahlschutz-Tracker - Protect My Boat\" \/>\n<meta property=\"og:description\" content=\"Pulsar ist ein 100% autonomes GPS-Ger\u00e4t der neuen Generation zur Wiederherstellung nach einem Flug, das eine sehr hohe Betriebsautonomie bietet. Er funktioniert mit Batterien und ist so konzipiert, dass er die gestohlenen Ger\u00e4te oder Gegenst\u00e4nde, an denen er angebracht ist, wiederfindet (kein Anschluss). Mit der mobilen Anwendung&quot;Pulsar&quot; (kompatibel mit iOS und Android) k\u00f6nnen Sie Befehle senden und Benachrichtigungen empfangen. 36 Monate Service bereits im Preis enthalten!\" \/>\n<meta property=\"og:url\" content=\"https:\/\/protectmyboat.eu\/de\/produit\/gps-tracker-autonome-connected-pulsar-gegen-diebstahl\/\" \/>\n<meta property=\"og:site_name\" content=\"Protect My Boat\" \/>\n<meta property=\"article:publisher\" content=\"https:\/\/www.facebook.com\/protectmyboat.be\/\" \/>\n<meta property=\"article:modified_time\" content=\"2026-01-04T18:29:09+00:00\" \/>\n<meta property=\"og:image\" content=\"https:\/\/protectmyboat.eu\/wp-content\/uploads\/2023\/02\/T36-vue-port-Main.png\" \/>\n\t<meta property=\"og:image:width\" content=\"1000\" \/>\n\t<meta property=\"og:image:height\" content=\"1000\" \/>\n\t<meta property=\"og:image:type\" content=\"image\/png\" \/>\n<meta name=\"twitter:card\" content=\"summary_large_image\" \/>\n<meta name=\"twitter:label1\" content=\"Gesch\u00e4tzte Lesezeit\" \/>\n\t<meta name=\"twitter:data1\" content=\"2 Minuten\" \/>\n<script type=\"application\/ld+json\" class=\"yoast-schema-graph\">{\"@context\":\"https:\\\/\\\/schema.org\",\"@graph\":[{\"@type\":\"WebPage\",\"@id\":\"https:\\\/\\\/protectmyboat.eu\\\/de\\\/produit\\\/gps-tracker-autonome-connected-pulsar-gegen-diebstahl\\\/\",\"url\":\"https:\\\/\\\/protectmyboat.eu\\\/de\\\/produit\\\/gps-tracker-autonome-connected-pulsar-gegen-diebstahl\\\/\",\"name\":\"Pulsar (2G) 3 Jahre \u2013 100% autonomer GPS-Diebstahlschutz-Tracker - Protect My Boat\",\"isPartOf\":{\"@id\":\"https:\\\/\\\/protectmyboat.eu\\\/de\\\/#website\"},\"primaryImageOfPage\":{\"@id\":\"https:\\\/\\\/protectmyboat.eu\\\/de\\\/produit\\\/gps-tracker-autonome-connected-pulsar-gegen-diebstahl\\\/#primaryimage\"},\"image\":{\"@id\":\"https:\\\/\\\/protectmyboat.eu\\\/de\\\/produit\\\/gps-tracker-autonome-connected-pulsar-gegen-diebstahl\\\/#primaryimage\"},\"thumbnailUrl\":\"https:\\\/\\\/protectmyboat.eu\\\/wp-content\\\/uploads\\\/2023\\\/02\\\/T36-vue-port-Main.png\",\"datePublished\":\"2023-02-11T12:10:32+00:00\",\"dateModified\":\"2026-01-04T18:29:09+00:00\",\"breadcrumb\":{\"@id\":\"https:\\\/\\\/protectmyboat.eu\\\/de\\\/produit\\\/gps-tracker-autonome-connected-pulsar-gegen-diebstahl\\\/#breadcrumb\"},\"inLanguage\":\"de\",\"potentialAction\":[{\"@type\":\"ReadAction\",\"target\":[\"https:\\\/\\\/protectmyboat.eu\\\/de\\\/produit\\\/gps-tracker-autonome-connected-pulsar-gegen-diebstahl\\\/\"]}]},{\"@type\":\"ImageObject\",\"inLanguage\":\"de\",\"@id\":\"https:\\\/\\\/protectmyboat.eu\\\/de\\\/produit\\\/gps-tracker-autonome-connected-pulsar-gegen-diebstahl\\\/#primaryimage\",\"url\":\"https:\\\/\\\/protectmyboat.eu\\\/wp-content\\\/uploads\\\/2023\\\/02\\\/T36-vue-port-Main.png\",\"contentUrl\":\"https:\\\/\\\/protectmyboat.eu\\\/wp-content\\\/uploads\\\/2023\\\/02\\\/T36-vue-port-Main.png\",\"width\":1000,\"height\":1000},{\"@type\":\"BreadcrumbList\",\"@id\":\"https:\\\/\\\/protectmyboat.eu\\\/de\\\/produit\\\/gps-tracker-autonome-connected-pulsar-gegen-diebstahl\\\/#breadcrumb\",\"itemListElement\":[{\"@type\":\"ListItem\",\"position\":1,\"name\":\"Startseite\",\"item\":\"https:\\\/\\\/protectmyboat.eu\\\/de\\\/nl-gps-diebstahlsicherung-fur-boote-jet-ski-und-ausenborder\\\/\"},{\"@type\":\"ListItem\",\"position\":2,\"name\":\"Shop\",\"item\":\"https:\\\/\\\/protectmyboat.eu\\\/de\\\/shop\\\/\"},{\"@type\":\"ListItem\",\"position\":3,\"name\":\"Pulsar (2G) 3 Jahre \u2013 100% autonomer GPS-Diebstahlschutz-Tracker\"}]},{\"@type\":\"WebSite\",\"@id\":\"https:\\\/\\\/protectmyboat.eu\\\/de\\\/#website\",\"url\":\"https:\\\/\\\/protectmyboat.eu\\\/de\\\/\",\"name\":\"Protect My Boat\",\"description\":\"\",\"publisher\":{\"@id\":\"https:\\\/\\\/protectmyboat.eu\\\/de\\\/#organization\"},\"potentialAction\":[{\"@type\":\"SearchAction\",\"target\":{\"@type\":\"EntryPoint\",\"urlTemplate\":\"https:\\\/\\\/protectmyboat.eu\\\/de\\\/?s={search_term_string}\"},\"query-input\":{\"@type\":\"PropertyValueSpecification\",\"valueRequired\":true,\"valueName\":\"search_term_string\"}}],\"inLanguage\":\"de\"},{\"@type\":\"Organization\",\"@id\":\"https:\\\/\\\/protectmyboat.eu\\\/de\\\/#organization\",\"name\":\"ADW Management SRL\",\"url\":\"https:\\\/\\\/protectmyboat.eu\\\/de\\\/\",\"logo\":{\"@type\":\"ImageObject\",\"inLanguage\":\"de\",\"@id\":\"https:\\\/\\\/protectmyboat.eu\\\/de\\\/#\\\/schema\\\/logo\\\/image\\\/\",\"url\":\"https:\\\/\\\/protectmyboat.eu\\\/wp-content\\\/uploads\\\/2023\\\/02\\\/Logo_PmB_rectangle_new.png\",\"contentUrl\":\"https:\\\/\\\/protectmyboat.eu\\\/wp-content\\\/uploads\\\/2023\\\/02\\\/Logo_PmB_rectangle_new.png\",\"width\":494,\"height\":218,\"caption\":\"ADW Management SRL\"},\"image\":{\"@id\":\"https:\\\/\\\/protectmyboat.eu\\\/de\\\/#\\\/schema\\\/logo\\\/image\\\/\"},\"sameAs\":[\"https:\\\/\\\/www.facebook.com\\\/protectmyboat.be\\\/\"]}]}<\/script>\n<!-- \/ Yoast SEO plugin. -->","yoast_head_json":{"title":"Pulsar (2G) 3 Jahre \u2013 100% autonomer GPS-Diebstahlschutz-Tracker - Protect My Boat","robots":{"index":"index","follow":"follow","max-snippet":"max-snippet:-1","max-image-preview":"max-image-preview:large","max-video-preview":"max-video-preview:-1"},"canonical":"https:\/\/protectmyboat.eu\/de\/produit\/gps-tracker-autonome-connected-pulsar-gegen-diebstahl\/","og_locale":"de_DE","og_type":"article","og_title":"Pulsar (2G) 3 Jahre \u2013 100% autonomer GPS-Diebstahlschutz-Tracker - Protect My Boat","og_description":"Pulsar ist ein 100% autonomes GPS-Ger\u00e4t der neuen Generation zur Wiederherstellung nach einem Flug, das eine sehr hohe Betriebsautonomie bietet. Er funktioniert mit Batterien und ist so konzipiert, dass er die gestohlenen Ger\u00e4te oder Gegenst\u00e4nde, an denen er angebracht ist, wiederfindet (kein Anschluss). Mit der mobilen Anwendung\"Pulsar\" (kompatibel mit iOS und Android) k\u00f6nnen Sie Befehle senden und Benachrichtigungen empfangen. 36 Monate Service bereits im Preis enthalten!","og_url":"https:\/\/protectmyboat.eu\/de\/produit\/gps-tracker-autonome-connected-pulsar-gegen-diebstahl\/","og_site_name":"Protect My Boat","article_publisher":"https:\/\/www.facebook.com\/protectmyboat.be\/","article_modified_time":"2026-01-04T18:29:09+00:00","og_image":[{"width":1000,"height":1000,"url":"https:\/\/protectmyboat.eu\/wp-content\/uploads\/2023\/02\/T36-vue-port-Main.png","type":"image\/png"}],"twitter_card":"summary_large_image","twitter_misc":{"Gesch\u00e4tzte Lesezeit":"2 Minuten"},"schema":{"@context":"https:\/\/schema.org","@graph":[{"@type":"WebPage","@id":"https:\/\/protectmyboat.eu\/de\/produit\/gps-tracker-autonome-connected-pulsar-gegen-diebstahl\/","url":"https:\/\/protectmyboat.eu\/de\/produit\/gps-tracker-autonome-connected-pulsar-gegen-diebstahl\/","name":"Pulsar (2G) 3 Jahre \u2013 100% autonomer GPS-Diebstahlschutz-Tracker - Protect My Boat","isPartOf":{"@id":"https:\/\/protectmyboat.eu\/de\/#website"},"primaryImageOfPage":{"@id":"https:\/\/protectmyboat.eu\/de\/produit\/gps-tracker-autonome-connected-pulsar-gegen-diebstahl\/#primaryimage"},"image":{"@id":"https:\/\/protectmyboat.eu\/de\/produit\/gps-tracker-autonome-connected-pulsar-gegen-diebstahl\/#primaryimage"},"thumbnailUrl":"https:\/\/protectmyboat.eu\/wp-content\/uploads\/2023\/02\/T36-vue-port-Main.png","datePublished":"2023-02-11T12:10:32+00:00","dateModified":"2026-01-04T18:29:09+00:00","breadcrumb":{"@id":"https:\/\/protectmyboat.eu\/de\/produit\/gps-tracker-autonome-connected-pulsar-gegen-diebstahl\/#breadcrumb"},"inLanguage":"de","potentialAction":[{"@type":"ReadAction","target":["https:\/\/protectmyboat.eu\/de\/produit\/gps-tracker-autonome-connected-pulsar-gegen-diebstahl\/"]}]},{"@type":"ImageObject","inLanguage":"de","@id":"https:\/\/protectmyboat.eu\/de\/produit\/gps-tracker-autonome-connected-pulsar-gegen-diebstahl\/#primaryimage","url":"https:\/\/protectmyboat.eu\/wp-content\/uploads\/2023\/02\/T36-vue-port-Main.png","contentUrl":"https:\/\/protectmyboat.eu\/wp-content\/uploads\/2023\/02\/T36-vue-port-Main.png","width":1000,"height":1000},{"@type":"BreadcrumbList","@id":"https:\/\/protectmyboat.eu\/de\/produit\/gps-tracker-autonome-connected-pulsar-gegen-diebstahl\/#breadcrumb","itemListElement":[{"@type":"ListItem","position":1,"name":"Startseite","item":"https:\/\/protectmyboat.eu\/de\/nl-gps-diebstahlsicherung-fur-boote-jet-ski-und-ausenborder\/"},{"@type":"ListItem","position":2,"name":"Shop","item":"https:\/\/protectmyboat.eu\/de\/shop\/"},{"@type":"ListItem","position":3,"name":"Pulsar (2G) 3 Jahre \u2013 100% autonomer GPS-Diebstahlschutz-Tracker"}]},{"@type":"WebSite","@id":"https:\/\/protectmyboat.eu\/de\/#website","url":"https:\/\/protectmyboat.eu\/de\/","name":"Protect My Boat","description":"","publisher":{"@id":"https:\/\/protectmyboat.eu\/de\/#organization"},"potentialAction":[{"@type":"SearchAction","target":{"@type":"EntryPoint","urlTemplate":"https:\/\/protectmyboat.eu\/de\/?s={search_term_string}"},"query-input":{"@type":"PropertyValueSpecification","valueRequired":true,"valueName":"search_term_string"}}],"inLanguage":"de"},{"@type":"Organization","@id":"https:\/\/protectmyboat.eu\/de\/#organization","name":"ADW Management SRL","url":"https:\/\/protectmyboat.eu\/de\/","logo":{"@type":"ImageObject","inLanguage":"de","@id":"https:\/\/protectmyboat.eu\/de\/#\/schema\/logo\/image\/","url":"https:\/\/protectmyboat.eu\/wp-content\/uploads\/2023\/02\/Logo_PmB_rectangle_new.png","contentUrl":"https:\/\/protectmyboat.eu\/wp-content\/uploads\/2023\/02\/Logo_PmB_rectangle_new.png","width":494,"height":218,"caption":"ADW Management SRL"},"image":{"@id":"https:\/\/protectmyboat.eu\/de\/#\/schema\/logo\/image\/"},"sameAs":["https:\/\/www.facebook.com\/protectmyboat.be\/"]}]}},"_links":{"self":[{"href":"https:\/\/protectmyboat.eu\/de\/wp-json\/wp\/v2\/product\/3951","targetHints":{"allow":["GET"]}}],"collection":[{"href":"https:\/\/protectmyboat.eu\/de\/wp-json\/wp\/v2\/product"}],"about":[{"href":"https:\/\/protectmyboat.eu\/de\/wp-json\/wp\/v2\/types\/product"}],"version-history":[{"count":1,"href":"https:\/\/protectmyboat.eu\/de\/wp-json\/wp\/v2\/product\/3951\/revisions"}],"predecessor-version":[{"id":6248,"href":"https:\/\/protectmyboat.eu\/de\/wp-json\/wp\/v2\/product\/3951\/revisions\/6248"}],"wp:featuredmedia":[{"embeddable":true,"href":"https:\/\/protectmyboat.eu\/de\/wp-json\/wp\/v2\/media\/2510"}],"wp:attachment":[{"href":"https:\/\/protectmyboat.eu\/de\/wp-json\/wp\/v2\/media?parent=3951"}],"wp:term":[{"taxonomy":"product_brand","embeddable":true,"href":"https:\/\/protectmyboat.eu\/de\/wp-json\/wp\/v2\/product_brand?post=3951"},{"taxonomy":"product_cat","embeddable":true,"href":"https:\/\/protectmyboat.eu\/de\/wp-json\/wp\/v2\/product_cat?post=3951"},{"taxonomy":"product_tag","embeddable":true,"href":"https:\/\/protectmyboat.eu\/de\/wp-json\/wp\/v2\/product_tag?post=3951"}],"curies":[{"name":"wp","href":"https:\/\/api.w.org\/{rel}","templated":true}]}}