{"id":3966,"date":"2023-02-11T13:10:32","date_gmt":"2023-02-11T12:10:32","guid":{"rendered":"https:\/\/protectmyboat.eu\/produit\/id-tag-namensschild-freihand\/"},"modified":"2026-03-14T13:39:02","modified_gmt":"2026-03-14T12:39:02","slug":"id-tag-namensschild-freihand","status":"publish","type":"product","link":"https:\/\/protectmyboat.eu\/de\/produit\/id-tag-namensschild-freihand\/","title":{"rendered":"EasyTrak Freisprech-ID-Tag-Badge \u2013 Fahreridentifikation und Funktion No Tag \/ No Start"},"content":{"rendered":"<h2>Warum ein ID-Tag-Badge mit Ihrem EasyTrak-System verwenden?<\/h2>\n<p>Wenn ein Fahrzeug oder ein Boot mit einem Ortungs- und Sicherheitssystem ausgestattet ist, kann es sinnvoll sein, die zur Nutzung berechtigte Person automatisch zu identifizieren.<\/p>\n<p>Das <strong>EasyTrak Freisprech-ID-Tag-Badge<\/strong> erm\u00f6glicht genau das: Es verkn\u00fcpft die Nutzung des Fahrzeugs oder Boots mit einem autorisierten Nutzer. Seine Anwesenheit wird vom EasyTrak-System automatisch erkannt, wenn sich der Eigent\u00fcmer in der N\u00e4he befindet. <\/p>\n<p>Diese Identifikation erm\u00f6glicht es, eine normale Nutzung von einer potenziell unbefugten Nutzung zu unterscheiden.<\/p>\n<h2>Automatische Eigent\u00fcmeridentifikation<\/h2>\n<p>Das ID-Tag-Badge funktioniert wie ein <strong>Freisprech-N\u00e4herungsbadge<\/strong>. Der Nutzer muss nichts tun. <\/p>\n<p>Wenn das Badge vom EasyTrak-System erkannt wird:<\/p>\n<ul>\n<li>wird der Eigent\u00fcmer automatisch erkannt<\/li>\n<li>gilt die Nutzung als autorisiert<\/li>\n<li>funktioniert das System normal<\/li>\n<\/ul>\n<p>Wird eine Nutzung ohne vorhandenes Badge erkannt, kann das System eine ungew\u00f6hnliche Aktivit\u00e4t melden.<\/p>\n<h2>Funktion No Tag \/ No Start mit B3.1-Deadlock-Modul<\/h2>\n<p>Das ID-Tag-Badge kann auch in Kombination mit dem <strong>B3.1-Deadlock-Motorabschaltmodul<\/strong> verwendet werden.<\/p>\n<p>In dieser Konfiguration aktiviert das System die Funktion <strong>No Tag \/ No Start<\/strong>:<\/p>\n<ul>\n<li>Der Motor kann nur starten, wenn das autorisierte Badge vorhanden ist<\/li>\n<li>wird das Badge nicht erkannt, wird der Start verhindert<\/li>\n<li>das erh\u00f6ht den Schutz vor unbefugter Nutzung<\/li>\n<\/ul>\n<p>Diese Funktionsweise f\u00fcgt dem EasyTrak-System eine zus\u00e4tzliche Sicherheitsebene hinzu.<\/p>\n<h2>Kompatibel mit EasyTrak T42 GPS-Trackern<\/h2>\n<p>Das <strong>EasyTrak ID-Tag-Badge<\/strong> ist kompatibel mit: <\/p>\n<ul>\n<li>EasyTrak T42<\/li>\n<li>EasyTrak T42 Trigger<\/li>\n<\/ul>\n<p>Es ist ein erg\u00e4nzendes Zubeh\u00f6r, mit dem Sie die Sicherheitsfunktionen des EasyTrak-Systems erweitern k\u00f6nnen.<\/p>\n<h2>Eine einfache L\u00f6sung f\u00fcr mehr Sicherheit<\/h2>\n<p>Mit dem ID-Tag-Badge f\u00fcgen Sie eine automatische Nutzeridentifikation hinzu und k\u00f6nnen es bei installiertem B3.1-Deadlock-Modul mit einer Motorabschaltung koppeln.<\/p>\n<p>So f\u00fcgt es sich in ein ganzheitliches Sicherheitskonzept f\u00fcr Fahrzeug oder Boot ein.<\/p>\n<h2>Hauptmerkmale<\/h2>\n<ul>\n<li>EasyTrak ID-Tag-Badge<\/li>\n<li>Freisprech-Betrieb<\/li>\n<li>Automatische N\u00e4herungserkennung<\/li>\n<li>Kompatibel mit EasyTrak T42<\/li>\n<li>Kompatibel mit EasyTrak T42 Trigger<\/li>\n<li>Funktion No Tag \/ No Start mit B3.1-Deadlock-Modul<\/li>\n<\/ul>\n<h2>St\u00e4rken<\/h2>\n<ul>\n<li style=\"list-style-type: none;\">\n<ul>\n<li>\u2714 Automatische Eigent\u00fcmeridentifikation<\/li>\n<li>\u2714 Freisprech-Betrieb<\/li>\n<li>\u2714 Kompatibel mit EasyTrak T42<\/li>\n<li>\u2714 Kompatibel mit EasyTrak T42 Trigger<\/li>\n<li>\u2714 Funktion No Tag \/ No Start mit B3.1-Deadlock-Modul<\/li>\n<\/ul>\n<\/li>\n<\/ul>\n<h2>Kopplung mit Ihrem EasyTrak-Tracker<\/h2>\n<p>Damit Ihr EasyTrak-System einwandfrei funktioniert, muss der <strong>ID-Tag-Badge<\/strong> mit dem in Ihrem Fahrzeug oder Boot installierten GPS-Tracker gekoppelt werden.<\/p>\n<p>Bei Ihrer Bestellung oder nach Erhalt des Produkts teilen Sie uns bitte folgende Informationen mit:<\/p>\n<ul>\n<li style=\"list-style-type: none;\">\n<ul>\n<li style=\"list-style-type: none;\">\n<ul>\n<li><strong>die MAC-Adresse des ID-Tag-Badges<\/strong><\/li>\n<li><strong>die IMEI-Nummer des EasyTrak-GPS-Trackers<\/strong><\/li>\n<\/ul>\n<\/li>\n<\/ul>\n<p>Diese Informationen erm\u00f6glichen es uns, <strong>den Badge mit Ihrem Tracker zu koppeln<\/strong>, um die einwandfreie Funktion des Systems sicherzustellen.<\/li>\n<\/ul>\n<p><strong>Dieser Kopplungsvorgang ist kostenlos.<\/strong><\/p>\n<h2>Vervollst\u00e4ndigen Sie Ihr EasyTrak-System<\/h2>\n<p>Das <strong>EasyTrak Freisprech-ID-Tag-Badge<\/strong> ist das ideale erg\u00e4nzende Zubeh\u00f6r, um die Sicherheit eines EasyTrak-T42-Systems zu erh\u00f6hen und die Nutzung von Fahrzeug oder Boot zu kontrollieren.<\/p>\n<h2>H\u00e4ufige Fragen zum EasyTrak ID-Tag-Badge<\/h2>\n<h3>Wof\u00fcr ist das EasyTrak ID-Tag-Badge?<\/h3>\n<p>Es identifiziert den Eigent\u00fcmer automatisch, wenn er sich in der N\u00e4he des EasyTrak-Systems befindet.<\/p>\n<h3>Was ist die Funktion No Tag \/ No Start?<\/h3>\n<p>Wird das Badge mit dem B3.1-Deadlock-Modul verwendet, kann der Motor nur starten, wenn das autorisierte Badge vorhanden ist.<\/p>\n<h3>Ist das Badge mit allen EasyTrak-Trackern kompatibel?<\/h3>\n<p>Dieses Badge ist mit den Systemen EasyTrak T42 und T42 Trigger kompatibel.<\/p>\n<h3>Erfordert das Badge eine Aktion des Nutzers?<\/h3>\n<p>Nein. Das Badge arbeitet im Freisprechmodus: Seine Anwesenheit wird vom System automatisch erkannt. <\/p>\n","protected":false},"excerpt":{"rendered":"<p data-start=\"1112\" data-end=\"1268\">Das <strong data-start=\"1115\" data-end=\"1153\">EasyTrak Freisprech-ID-Tag-Badge<\/strong> identifiziert den Eigent\u00fcmer automatisch, wenn er sich in der N\u00e4he eines <strong data-start=\"1251\" data-end=\"1267\">EasyTrak T42<\/strong>-Systems befindet.<\/p>\n<p data-start=\"1270\" data-end=\"1441\">Kompatibel mit den Versionen <strong data-start=\"1299\" data-end=\"1330\">T42 Standard und T42 Trigger<\/strong>, funktioniert dieses N\u00e4herungsbadge ohne Bedienung: Seine Anwesenheit wird vom System automatisch erkannt.<\/p>\n<p data-start=\"1443\" data-end=\"1616\">In Verbindung mit dem <strong data-start=\"1454\" data-end=\"1496\">B3.1-Deadlock-Motorabschaltmodul<\/strong> aktiviert es die Funktion <strong data-start=\"1520\" data-end=\"1543\">\u201eNo Tag \/ No Start\u201c<\/strong>: Der Motor kann nicht starten, wenn das autorisierte Badge nicht vorhanden ist.<\/p>\n","protected":false},"featured_media":2483,"template":"","meta":[],"product_brand":[],"product_cat":[98],"product_tag":[271,260,264,268,269],"class_list":{"0":"post-3966","1":"product","2":"type-product","3":"status-publish","4":"has-post-thumbnail","6":"product_cat-diebstahlschutz","7":"product_tag-1bebat_bi","8":"product_tag-b2c_visi","9":"product_tag-c-discount-fr","10":"product_tag-metatrak","11":"product_tag-mse_wh","13":"first","14":"instock","15":"taxable","16":"shipping-taxable","17":"purchasable","18":"product-type-simple"},"yoast_head":"<!-- This site is optimized with the Yoast SEO plugin v27.3 - https:\/\/yoast.com\/product\/yoast-seo-wordpress\/ -->\n<title>EasyTrak Freisprech-ID-Tag-Badge | Funktion No Tag \/ No Start<\/title>\n<meta name=\"description\" content=\"Freisprech-ID-Tag-Badge f\u00fcr EasyTrak T42. Eigent\u00fcmeridentifikation und Funktion No Tag \/ No Start mit B3.1-Deadlock-Modul.\" \/>\n<meta name=\"robots\" content=\"index, follow, max-snippet:-1, max-image-preview:large, max-video-preview:-1\" \/>\n<link rel=\"canonical\" href=\"https:\/\/protectmyboat.eu\/de\/produit\/id-tag-namensschild-freihand\/\" \/>\n<meta property=\"og:locale\" content=\"de_DE\" \/>\n<meta property=\"og:type\" content=\"article\" \/>\n<meta property=\"og:title\" content=\"EasyTrak Freisprech-ID-Tag-Badge | Funktion No Tag \/ No Start\" \/>\n<meta property=\"og:description\" content=\"Freisprech-ID-Tag-Badge f\u00fcr EasyTrak T42. Eigent\u00fcmeridentifikation und Funktion No Tag \/ No Start mit B3.1-Deadlock-Modul.\" \/>\n<meta property=\"og:url\" content=\"https:\/\/protectmyboat.eu\/de\/produit\/id-tag-namensschild-freihand\/\" \/>\n<meta property=\"og:site_name\" content=\"Protect My Boat\" \/>\n<meta property=\"article:publisher\" content=\"https:\/\/www.facebook.com\/protectmyboat.be\/\" \/>\n<meta property=\"article:modified_time\" content=\"2026-03-14T12:39:02+00:00\" \/>\n<meta property=\"og:image\" content=\"https:\/\/protectmyboat.eu\/wp-content\/uploads\/2023\/02\/B9_3.png\" \/>\n\t<meta property=\"og:image:width\" content=\"500\" \/>\n\t<meta property=\"og:image:height\" content=\"500\" \/>\n\t<meta property=\"og:image:type\" content=\"image\/png\" \/>\n<meta name=\"twitter:card\" content=\"summary_large_image\" \/>\n<meta name=\"twitter:label1\" content=\"Gesch\u00e4tzte Lesezeit\" \/>\n\t<meta name=\"twitter:data1\" content=\"3 Minuten\" \/>\n<script type=\"application\/ld+json\" class=\"yoast-schema-graph\">{\"@context\":\"https:\\\/\\\/schema.org\",\"@graph\":[{\"@type\":\"WebPage\",\"@id\":\"https:\\\/\\\/protectmyboat.eu\\\/de\\\/produit\\\/id-tag-namensschild-freihand\\\/\",\"url\":\"https:\\\/\\\/protectmyboat.eu\\\/de\\\/produit\\\/id-tag-namensschild-freihand\\\/\",\"name\":\"EasyTrak Freisprech-ID-Tag-Badge | Funktion No Tag \\\/ No Start\",\"isPartOf\":{\"@id\":\"https:\\\/\\\/protectmyboat.eu\\\/de\\\/#website\"},\"primaryImageOfPage\":{\"@id\":\"https:\\\/\\\/protectmyboat.eu\\\/de\\\/produit\\\/id-tag-namensschild-freihand\\\/#primaryimage\"},\"image\":{\"@id\":\"https:\\\/\\\/protectmyboat.eu\\\/de\\\/produit\\\/id-tag-namensschild-freihand\\\/#primaryimage\"},\"thumbnailUrl\":\"https:\\\/\\\/protectmyboat.eu\\\/wp-content\\\/uploads\\\/2023\\\/02\\\/B9_3.png\",\"datePublished\":\"2023-02-11T12:10:32+00:00\",\"dateModified\":\"2026-03-14T12:39:02+00:00\",\"description\":\"Freisprech-ID-Tag-Badge f\u00fcr EasyTrak T42. Eigent\u00fcmeridentifikation und Funktion No Tag \\\/ No Start mit B3.1-Deadlock-Modul.\",\"breadcrumb\":{\"@id\":\"https:\\\/\\\/protectmyboat.eu\\\/de\\\/produit\\\/id-tag-namensschild-freihand\\\/#breadcrumb\"},\"inLanguage\":\"de\",\"potentialAction\":[{\"@type\":\"ReadAction\",\"target\":[\"https:\\\/\\\/protectmyboat.eu\\\/de\\\/produit\\\/id-tag-namensschild-freihand\\\/\"]}]},{\"@type\":\"ImageObject\",\"inLanguage\":\"de\",\"@id\":\"https:\\\/\\\/protectmyboat.eu\\\/de\\\/produit\\\/id-tag-namensschild-freihand\\\/#primaryimage\",\"url\":\"https:\\\/\\\/protectmyboat.eu\\\/wp-content\\\/uploads\\\/2023\\\/02\\\/B9_3.png\",\"contentUrl\":\"https:\\\/\\\/protectmyboat.eu\\\/wp-content\\\/uploads\\\/2023\\\/02\\\/B9_3.png\",\"width\":500,\"height\":500},{\"@type\":\"BreadcrumbList\",\"@id\":\"https:\\\/\\\/protectmyboat.eu\\\/de\\\/produit\\\/id-tag-namensschild-freihand\\\/#breadcrumb\",\"itemListElement\":[{\"@type\":\"ListItem\",\"position\":1,\"name\":\"Startseite\",\"item\":\"https:\\\/\\\/protectmyboat.eu\\\/de\\\/nl-gps-diebstahlsicherung-fur-boote-jet-ski-und-ausenborder\\\/\"},{\"@type\":\"ListItem\",\"position\":2,\"name\":\"Shop\",\"item\":\"https:\\\/\\\/protectmyboat.eu\\\/de\\\/shop\\\/\"},{\"@type\":\"ListItem\",\"position\":3,\"name\":\"EasyTrak Freisprech-ID-Tag-Badge \u2013 Fahreridentifikation und Funktion No Tag \\\/ No Start\"}]},{\"@type\":\"WebSite\",\"@id\":\"https:\\\/\\\/protectmyboat.eu\\\/de\\\/#website\",\"url\":\"https:\\\/\\\/protectmyboat.eu\\\/de\\\/\",\"name\":\"Protect My Boat\",\"description\":\"\",\"publisher\":{\"@id\":\"https:\\\/\\\/protectmyboat.eu\\\/de\\\/#organization\"},\"potentialAction\":[{\"@type\":\"SearchAction\",\"target\":{\"@type\":\"EntryPoint\",\"urlTemplate\":\"https:\\\/\\\/protectmyboat.eu\\\/de\\\/?s={search_term_string}\"},\"query-input\":{\"@type\":\"PropertyValueSpecification\",\"valueRequired\":true,\"valueName\":\"search_term_string\"}}],\"inLanguage\":\"de\"},{\"@type\":\"Organization\",\"@id\":\"https:\\\/\\\/protectmyboat.eu\\\/de\\\/#organization\",\"name\":\"ADW Management SRL\",\"url\":\"https:\\\/\\\/protectmyboat.eu\\\/de\\\/\",\"logo\":{\"@type\":\"ImageObject\",\"inLanguage\":\"de\",\"@id\":\"https:\\\/\\\/protectmyboat.eu\\\/de\\\/#\\\/schema\\\/logo\\\/image\\\/\",\"url\":\"https:\\\/\\\/protectmyboat.eu\\\/wp-content\\\/uploads\\\/2023\\\/02\\\/Logo_PmB_rectangle_new.png\",\"contentUrl\":\"https:\\\/\\\/protectmyboat.eu\\\/wp-content\\\/uploads\\\/2023\\\/02\\\/Logo_PmB_rectangle_new.png\",\"width\":494,\"height\":218,\"caption\":\"ADW Management SRL\"},\"image\":{\"@id\":\"https:\\\/\\\/protectmyboat.eu\\\/de\\\/#\\\/schema\\\/logo\\\/image\\\/\"},\"sameAs\":[\"https:\\\/\\\/www.facebook.com\\\/protectmyboat.be\\\/\"]}]}<\/script>\n<!-- \/ Yoast SEO plugin. -->","yoast_head_json":{"title":"EasyTrak Freisprech-ID-Tag-Badge | Funktion No Tag \/ No Start","description":"Freisprech-ID-Tag-Badge f\u00fcr EasyTrak T42. Eigent\u00fcmeridentifikation und Funktion No Tag \/ No Start mit B3.1-Deadlock-Modul.","robots":{"index":"index","follow":"follow","max-snippet":"max-snippet:-1","max-image-preview":"max-image-preview:large","max-video-preview":"max-video-preview:-1"},"canonical":"https:\/\/protectmyboat.eu\/de\/produit\/id-tag-namensschild-freihand\/","og_locale":"de_DE","og_type":"article","og_title":"EasyTrak Freisprech-ID-Tag-Badge | Funktion No Tag \/ No Start","og_description":"Freisprech-ID-Tag-Badge f\u00fcr EasyTrak T42. Eigent\u00fcmeridentifikation und Funktion No Tag \/ No Start mit B3.1-Deadlock-Modul.","og_url":"https:\/\/protectmyboat.eu\/de\/produit\/id-tag-namensschild-freihand\/","og_site_name":"Protect My Boat","article_publisher":"https:\/\/www.facebook.com\/protectmyboat.be\/","article_modified_time":"2026-03-14T12:39:02+00:00","og_image":[{"width":500,"height":500,"url":"https:\/\/protectmyboat.eu\/wp-content\/uploads\/2023\/02\/B9_3.png","type":"image\/png"}],"twitter_card":"summary_large_image","twitter_misc":{"Gesch\u00e4tzte Lesezeit":"3 Minuten"},"schema":{"@context":"https:\/\/schema.org","@graph":[{"@type":"WebPage","@id":"https:\/\/protectmyboat.eu\/de\/produit\/id-tag-namensschild-freihand\/","url":"https:\/\/protectmyboat.eu\/de\/produit\/id-tag-namensschild-freihand\/","name":"EasyTrak Freisprech-ID-Tag-Badge | Funktion No Tag \/ No Start","isPartOf":{"@id":"https:\/\/protectmyboat.eu\/de\/#website"},"primaryImageOfPage":{"@id":"https:\/\/protectmyboat.eu\/de\/produit\/id-tag-namensschild-freihand\/#primaryimage"},"image":{"@id":"https:\/\/protectmyboat.eu\/de\/produit\/id-tag-namensschild-freihand\/#primaryimage"},"thumbnailUrl":"https:\/\/protectmyboat.eu\/wp-content\/uploads\/2023\/02\/B9_3.png","datePublished":"2023-02-11T12:10:32+00:00","dateModified":"2026-03-14T12:39:02+00:00","description":"Freisprech-ID-Tag-Badge f\u00fcr EasyTrak T42. Eigent\u00fcmeridentifikation und Funktion No Tag \/ No Start mit B3.1-Deadlock-Modul.","breadcrumb":{"@id":"https:\/\/protectmyboat.eu\/de\/produit\/id-tag-namensschild-freihand\/#breadcrumb"},"inLanguage":"de","potentialAction":[{"@type":"ReadAction","target":["https:\/\/protectmyboat.eu\/de\/produit\/id-tag-namensschild-freihand\/"]}]},{"@type":"ImageObject","inLanguage":"de","@id":"https:\/\/protectmyboat.eu\/de\/produit\/id-tag-namensschild-freihand\/#primaryimage","url":"https:\/\/protectmyboat.eu\/wp-content\/uploads\/2023\/02\/B9_3.png","contentUrl":"https:\/\/protectmyboat.eu\/wp-content\/uploads\/2023\/02\/B9_3.png","width":500,"height":500},{"@type":"BreadcrumbList","@id":"https:\/\/protectmyboat.eu\/de\/produit\/id-tag-namensschild-freihand\/#breadcrumb","itemListElement":[{"@type":"ListItem","position":1,"name":"Startseite","item":"https:\/\/protectmyboat.eu\/de\/nl-gps-diebstahlsicherung-fur-boote-jet-ski-und-ausenborder\/"},{"@type":"ListItem","position":2,"name":"Shop","item":"https:\/\/protectmyboat.eu\/de\/shop\/"},{"@type":"ListItem","position":3,"name":"EasyTrak Freisprech-ID-Tag-Badge \u2013 Fahreridentifikation und Funktion No Tag \/ No Start"}]},{"@type":"WebSite","@id":"https:\/\/protectmyboat.eu\/de\/#website","url":"https:\/\/protectmyboat.eu\/de\/","name":"Protect My Boat","description":"","publisher":{"@id":"https:\/\/protectmyboat.eu\/de\/#organization"},"potentialAction":[{"@type":"SearchAction","target":{"@type":"EntryPoint","urlTemplate":"https:\/\/protectmyboat.eu\/de\/?s={search_term_string}"},"query-input":{"@type":"PropertyValueSpecification","valueRequired":true,"valueName":"search_term_string"}}],"inLanguage":"de"},{"@type":"Organization","@id":"https:\/\/protectmyboat.eu\/de\/#organization","name":"ADW Management SRL","url":"https:\/\/protectmyboat.eu\/de\/","logo":{"@type":"ImageObject","inLanguage":"de","@id":"https:\/\/protectmyboat.eu\/de\/#\/schema\/logo\/image\/","url":"https:\/\/protectmyboat.eu\/wp-content\/uploads\/2023\/02\/Logo_PmB_rectangle_new.png","contentUrl":"https:\/\/protectmyboat.eu\/wp-content\/uploads\/2023\/02\/Logo_PmB_rectangle_new.png","width":494,"height":218,"caption":"ADW Management SRL"},"image":{"@id":"https:\/\/protectmyboat.eu\/de\/#\/schema\/logo\/image\/"},"sameAs":["https:\/\/www.facebook.com\/protectmyboat.be\/"]}]}},"_links":{"self":[{"href":"https:\/\/protectmyboat.eu\/de\/wp-json\/wp\/v2\/product\/3966","targetHints":{"allow":["GET"]}}],"collection":[{"href":"https:\/\/protectmyboat.eu\/de\/wp-json\/wp\/v2\/product"}],"about":[{"href":"https:\/\/protectmyboat.eu\/de\/wp-json\/wp\/v2\/types\/product"}],"version-history":[{"count":3,"href":"https:\/\/protectmyboat.eu\/de\/wp-json\/wp\/v2\/product\/3966\/revisions"}],"predecessor-version":[{"id":6851,"href":"https:\/\/protectmyboat.eu\/de\/wp-json\/wp\/v2\/product\/3966\/revisions\/6851"}],"wp:featuredmedia":[{"embeddable":true,"href":"https:\/\/protectmyboat.eu\/de\/wp-json\/wp\/v2\/media\/2483"}],"wp:attachment":[{"href":"https:\/\/protectmyboat.eu\/de\/wp-json\/wp\/v2\/media?parent=3966"}],"wp:term":[{"taxonomy":"product_brand","embeddable":true,"href":"https:\/\/protectmyboat.eu\/de\/wp-json\/wp\/v2\/product_brand?post=3966"},{"taxonomy":"product_cat","embeddable":true,"href":"https:\/\/protectmyboat.eu\/de\/wp-json\/wp\/v2\/product_cat?post=3966"},{"taxonomy":"product_tag","embeddable":true,"href":"https:\/\/protectmyboat.eu\/de\/wp-json\/wp\/v2\/product_tag?post=3966"}],"curies":[{"name":"wp","href":"https:\/\/api.w.org\/{rel}","templated":true}]}}