{"id":6401,"date":"2026-01-04T19:48:48","date_gmt":"2026-01-04T18:48:48","guid":{"rendered":"https:\/\/protectmyboat.eu\/produit\/tragbarer-getraenkewaermer-kuehler-phonocar-04995-hot-cold-bottle\/"},"modified":"2026-03-14T09:23:42","modified_gmt":"2026-03-14T08:23:42","slug":"tragbarer-getraenkewaermer-kuehler-phonocar-04995-hot-cold-bottle","status":"publish","type":"product","link":"https:\/\/protectmyboat.eu\/de\/produit\/tragbarer-getraenkewaermer-kuehler-phonocar-04995-hot-cold-bottle\/","title":{"rendered":"Tragbarer Getr\u00e4nkew\u00e4rmer \/ -k\u00fchler \u2013 Hot &amp; Cold Bottle"},"content":{"rendered":"<h3 data-start=\"585\" data-end=\"660\"><strong data-start=\"589\" data-end=\"651\">Halten Sie Ihr Getr\u00e4nk hei\u00df oder kalt, wo immer Sie sind!<\/strong>  \ud83d\ude97\ud83d\udd25\u2744\ufe0f<\/h3>\n<p data-start=\"662\" data-end=\"1016\">Sie genie\u00dfen Ihren Kaffee gerne sch\u00f6n hei\u00df oder m\u00f6chten Ihr Wasser auf Reisen sch\u00f6n k\u00fchl halten? Die <strong data-start=\"752\" data-end=\"788\">Hot &amp; Cold Bottle<\/strong> ist <strong data-start=\"793\" data-end=\"839\">das perfekte Zubeh\u00f6r f\u00fcr alle Ihre Fahrten<\/strong>! Konzipiert f\u00fcr die Nutzung an Bord, erm\u00f6glicht sie es, <strong data-start=\"897\" data-end=\"967\">Ihr Getr\u00e4nk auf bis zu 45 \u00b0C zu erw\u00e4rmen oder auf bis zu 2 \u00b0C zu k\u00fchlen<\/strong> dank ihres <strong data-start=\"980\" data-end=\"1013\">thermischen Induktionssystems<\/strong>. <\/p>\n<p data-start=\"1018\" data-end=\"1282\">\ud83d\udca1 <strong data-start=\"1021\" data-end=\"1052\">2 Modi in einem Ger\u00e4t<\/strong><br data-start=\"1052\" data-end=\"1055\">\u2705 <strong data-start=\"1057\" data-end=\"1071\">Hei\u00dfmodus<\/strong>: W\u00e4rmt Ihr Getr\u00e4nk auf bis zu <strong data-start=\"1106\" data-end=\"1114\">45\u00b0C<\/strong> f\u00fcr Kaffee oder Tee immer auf der richtigen Temperatur.<br data-start=\"1167\" data-end=\"1170\">\u2705 <strong data-start=\"1172\" data-end=\"1186\">Kaltmodus<\/strong>: K\u00fchlt Ihr Getr\u00e4nk auf bis zu <strong data-start=\"1221\" data-end=\"1228\">2\u00b0C<\/strong> in <strong data-start=\"1232\" data-end=\"1246\">30 Minuten<\/strong>, ideal f\u00fcr hei\u00dfe Tage.<\/p>\n<p data-start=\"1284\" data-end=\"1321\">\u26a1 <strong data-start=\"1286\" data-end=\"1319\">Praktisch und einfach zu bedienen<\/strong><\/p>\n<ul data-start=\"1322\" data-end=\"1616\">\n<li data-start=\"1322\" data-end=\"1389\">\n<p data-start=\"1324\" data-end=\"1389\"><strong data-start=\"1324\" data-end=\"1346\">Fassungsverm\u00f6gen von 330 ml<\/strong>, perfekt f\u00fcr eine Einzelportion.<\/p>\n<\/li>\n<li data-start=\"1390\" data-end=\"1462\">\n<p data-start=\"1392\" data-end=\"1462\"><strong data-start=\"1392\" data-end=\"1419\">USB Type-C Stromversorgung<\/strong> f\u00fcr schnelles und universelles Laden.<\/p>\n<\/li>\n<li data-start=\"1463\" data-end=\"1539\">\n<p data-start=\"1465\" data-end=\"1539\"><strong data-start=\"1465\" data-end=\"1484\">Kontrollleuchte<\/strong>: blau f\u00fcr den Kaltmodus, rot f\u00fcr den Hei\u00dfmodus.<\/p>\n<\/li>\n<li data-start=\"1540\" data-end=\"1616\">\n<p data-start=\"1542\" data-end=\"1616\"><strong data-start=\"1542\" data-end=\"1564\">Einfache Bedienung<\/strong>: ein einziger Knopf zur Temperaturregelung.<\/p>\n<\/li>\n<\/ul>\n<p data-start=\"1618\" data-end=\"1928\">\ud83d\udee0  <strong data-start=\"1621\" data-end=\"1654\">Technische Daten:<\/strong><br data-start=\"1654\" data-end=\"1657\">\u2714  <strong data-start=\"1659\" data-end=\"1671\">Fassungsverm\u00f6gen<\/strong>: 330 ml<br data-start=\"1680\" data-end=\"1683\">\u2714 <strong data-start=\"1685\" data-end=\"1704\">Max. Temperatur<\/strong>: 45\u00b0C | <strong data-start=\"1714\" data-end=\"1733\">Min. Temperatur<\/strong>: 2\u00b0C  <br data-start=\"1739\" data-end=\"1742\">\u2714  <strong data-start=\"1744\" data-end=\"1772\">K\u00fchlzeit<\/strong>: 10\u00b0C in  <strong data-start=\"1783\" data-end=\"1797\">30 Minuten<\/strong><br data-start=\"1797\" data-end=\"1800\">\u2714  <strong data-start=\"1802\" data-end=\"1818\">Stromversorgung<\/strong>: USB Typ-C (5V\/2,1A)<br data-start=\"1841\" data-end=\"1844\">\u2714 <strong data-start=\"1846\" data-end=\"1859\">Leistung<\/strong>: 15 W <br data-start=\"1866\" data-end=\"1869\">\u2714 <strong data-start=\"1871\" data-end=\"1885\">Abmessungen<\/strong>: 87 x 87 x 232 mm <br data-start=\"1904\" data-end=\"1907\">\u2714 <strong data-start=\"1909\" data-end=\"1918\">Gewicht<\/strong>: 475 g <\/p>\n<p data-start=\"1930\" data-end=\"2243\">\ud83d\udd17 <strong data-start=\"1933\" data-end=\"1991\">Warum die Hot &amp; Cold Bottle w\u00e4hlen?<\/strong><br data-start=\"1991\" data-end=\"1994\">\u2705 <strong data-start=\"1996\" data-end=\"2046\">H\u00e4lt Ihre Getr\u00e4nke auf idealer Temperatur<\/strong><br data-start=\"2046\" data-end=\"2049\">\u2705 <strong data-start=\"2051\" data-end=\"2123\">Perfekt f\u00fcr Boot, Auto, B\u00fcro, Camping oder lange Fahrten<\/strong><br data-start=\"2123\" data-end=\"2126\">\u2705 <strong data-start=\"2128\" data-end=\"2185\">Einfache und intuitive Bedienung mit Leuchtanzeigen<\/strong><br data-start=\"2185\" data-end=\"2188\">\u2705 <strong data-start=\"2190\" data-end=\"2241\">Kompaktes und elegantes Design, leicht zu transportieren<\/strong><\/p>\n<p data-start=\"2245\" data-end=\"2276\">\ud83d\udce6 <strong data-start=\"2248\" data-end=\"2274\">Im Lieferumfang enthalten:<\/strong><\/p>\n<ul data-start=\"2277\" data-end=\"2449\">\n<li data-start=\"2277\" data-end=\"2343\">\n<p data-start=\"2279\" data-end=\"2343\">1x <strong data-start=\"2282\" data-end=\"2341\">Thermoflasche mit Heiz-\/K\u00fchlbasis<\/strong><\/p>\n<\/li>\n<li data-start=\"2344\" data-end=\"2386\">\n<p data-start=\"2346\" data-end=\"2386\">1x <strong data-start=\"2349\" data-end=\"2384\">USB Type-C Stromkabel<\/strong><\/p>\n<\/li>\n<li data-start=\"2387\" data-end=\"2416\">\n<p data-start=\"2389\" data-end=\"2416\">1x <strong data-start=\"2392\" data-end=\"2414\">Netzadapter<\/strong><\/p>\n<\/li>\n<li data-start=\"2417\" data-end=\"2449\">\n<p data-start=\"2419\" data-end=\"2449\">1x <strong data-start=\"2422\" data-end=\"2447\">Bedienungsanleitung<\/strong><\/p>\n<\/li>\n<\/ul>\n","protected":false},"excerpt":{"rendered":"<h3 data-start=\"585\" data-end=\"660\">\u2615\u2744\ufe0f <strong data-start=\"214\" data-end=\"288\">Genie\u00dfen Sie Ihr Getr\u00e4nk bei idealer Temperatur, wo immer Sie sind!<\/strong> Die <strong data-start=\"292\" data-end=\"328\">Hot &amp; Cold Bottle<\/strong> ist eine <strong data-start=\"337\" data-end=\"369\">tragbare Thermoflasche<\/strong> mit <strong data-start=\"375\" data-end=\"401\">Heizfunktion bis 45\u00b0C<\/strong> und <strong data-start=\"405\" data-end=\"436\">K\u00fchlfunktion bis 2\u00b0C<\/strong>. \u2705 <strong data-start=\"440\" data-end=\"467\">USB Type-C Stromversorgung<\/strong> | \u2705 <strong data-start=\"472\" data-end=\"491\">Fassungsverm\u00f6gen 330 ml<\/strong> | \u2705 <strong data-start=\"496\" data-end=\"545\">Ideal f\u00fcr Boot, B\u00fcro und Reisen<\/strong> <\/h3>\n","protected":false},"featured_media":6411,"template":"","meta":[],"product_brand":[],"product_cat":[325],"product_tag":[271,260,331,269,333,336],"class_list":{"0":"post-6401","1":"product","2":"type-product","3":"status-publish","4":"has-post-thumbnail","6":"product_cat-komfort-an-bord","7":"product_tag-1bebat_bi","8":"product_tag-b2c_visi","9":"product_tag-f-discount-fr","10":"product_tag-mse_wh","11":"product_tag-phonocar","12":"product_tag-rec5_2_1","14":"first","15":"instock","16":"taxable","17":"shipping-taxable","18":"purchasable","19":"product-type-simple"},"yoast_head":"<!-- This site is optimized with the Yoast SEO plugin v27.3 - https:\/\/yoast.com\/product\/yoast-seo-wordpress\/ -->\n<title>2-in-1 Boots-Heiz- und K\u00fchlflasche<\/title>\n<meta name=\"description\" content=\"Halten Sie Ihr Getr\u00e4nk warm oder kalt mit der Heiz- und K\u00fchlflasche. Ideal f\u00fcr Boot und Reise!\" \/>\n<meta name=\"robots\" content=\"index, follow, max-snippet:-1, max-image-preview:large, max-video-preview:-1\" \/>\n<link rel=\"canonical\" href=\"https:\/\/protectmyboat.eu\/de\/produit\/tragbarer-getraenkewaermer-kuehler-phonocar-04995-hot-cold-bottle\/\" \/>\n<meta property=\"og:locale\" content=\"de_DE\" \/>\n<meta property=\"og:type\" content=\"article\" \/>\n<meta property=\"og:title\" content=\"2-in-1 Boots-Heiz- und K\u00fchlflasche\" \/>\n<meta property=\"og:description\" content=\"Halten Sie Ihr Getr\u00e4nk warm oder kalt mit der Heiz- und K\u00fchlflasche. Ideal f\u00fcr Boot und Reise!\" \/>\n<meta property=\"og:url\" content=\"https:\/\/protectmyboat.eu\/de\/produit\/tragbarer-getraenkewaermer-kuehler-phonocar-04995-hot-cold-bottle\/\" \/>\n<meta property=\"og:site_name\" content=\"Protect My Boat\" \/>\n<meta property=\"article:publisher\" content=\"https:\/\/www.facebook.com\/protectmyboat.be\/\" \/>\n<meta property=\"article:modified_time\" content=\"2026-03-14T08:23:42+00:00\" \/>\n<meta property=\"og:image\" content=\"https:\/\/protectmyboat.eu\/wp-content\/uploads\/04995_6.jpeg\" \/>\n\t<meta property=\"og:image:width\" content=\"2480\" \/>\n\t<meta property=\"og:image:height\" content=\"1748\" \/>\n\t<meta property=\"og:image:type\" content=\"image\/jpeg\" \/>\n<meta name=\"twitter:card\" content=\"summary_large_image\" \/>\n<meta name=\"twitter:label1\" content=\"Gesch\u00e4tzte Lesezeit\" \/>\n\t<meta name=\"twitter:data1\" content=\"1\u00a0Minute\" \/>\n<script type=\"application\/ld+json\" class=\"yoast-schema-graph\">{\"@context\":\"https:\\\/\\\/schema.org\",\"@graph\":[{\"@type\":\"WebPage\",\"@id\":\"https:\\\/\\\/protectmyboat.eu\\\/de\\\/produit\\\/tragbarer-getraenkewaermer-kuehler-phonocar-04995-hot-cold-bottle\\\/\",\"url\":\"https:\\\/\\\/protectmyboat.eu\\\/de\\\/produit\\\/tragbarer-getraenkewaermer-kuehler-phonocar-04995-hot-cold-bottle\\\/\",\"name\":\"2-in-1 Boots-Heiz- und K\u00fchlflasche\",\"isPartOf\":{\"@id\":\"https:\\\/\\\/protectmyboat.eu\\\/de\\\/#website\"},\"primaryImageOfPage\":{\"@id\":\"https:\\\/\\\/protectmyboat.eu\\\/de\\\/produit\\\/tragbarer-getraenkewaermer-kuehler-phonocar-04995-hot-cold-bottle\\\/#primaryimage\"},\"image\":{\"@id\":\"https:\\\/\\\/protectmyboat.eu\\\/de\\\/produit\\\/tragbarer-getraenkewaermer-kuehler-phonocar-04995-hot-cold-bottle\\\/#primaryimage\"},\"thumbnailUrl\":\"https:\\\/\\\/protectmyboat.eu\\\/wp-content\\\/uploads\\\/04995_6.jpeg\",\"datePublished\":\"2026-01-04T18:48:48+00:00\",\"dateModified\":\"2026-03-14T08:23:42+00:00\",\"description\":\"Halten Sie Ihr Getr\u00e4nk warm oder kalt mit der Heiz- und K\u00fchlflasche. Ideal f\u00fcr Boot und Reise!\",\"breadcrumb\":{\"@id\":\"https:\\\/\\\/protectmyboat.eu\\\/de\\\/produit\\\/tragbarer-getraenkewaermer-kuehler-phonocar-04995-hot-cold-bottle\\\/#breadcrumb\"},\"inLanguage\":\"de\",\"potentialAction\":[{\"@type\":\"ReadAction\",\"target\":[\"https:\\\/\\\/protectmyboat.eu\\\/de\\\/produit\\\/tragbarer-getraenkewaermer-kuehler-phonocar-04995-hot-cold-bottle\\\/\"]}]},{\"@type\":\"ImageObject\",\"inLanguage\":\"de\",\"@id\":\"https:\\\/\\\/protectmyboat.eu\\\/de\\\/produit\\\/tragbarer-getraenkewaermer-kuehler-phonocar-04995-hot-cold-bottle\\\/#primaryimage\",\"url\":\"https:\\\/\\\/protectmyboat.eu\\\/wp-content\\\/uploads\\\/04995_6.jpeg\",\"contentUrl\":\"https:\\\/\\\/protectmyboat.eu\\\/wp-content\\\/uploads\\\/04995_6.jpeg\",\"width\":2480,\"height\":1748},{\"@type\":\"BreadcrumbList\",\"@id\":\"https:\\\/\\\/protectmyboat.eu\\\/de\\\/produit\\\/tragbarer-getraenkewaermer-kuehler-phonocar-04995-hot-cold-bottle\\\/#breadcrumb\",\"itemListElement\":[{\"@type\":\"ListItem\",\"position\":1,\"name\":\"Startseite\",\"item\":\"https:\\\/\\\/protectmyboat.eu\\\/de\\\/nl-gps-diebstahlsicherung-fur-boote-jet-ski-und-ausenborder\\\/\"},{\"@type\":\"ListItem\",\"position\":2,\"name\":\"Shop\",\"item\":\"https:\\\/\\\/protectmyboat.eu\\\/de\\\/shop\\\/\"},{\"@type\":\"ListItem\",\"position\":3,\"name\":\"Tragbarer Getr\u00e4nkew\u00e4rmer \\\/ -k\u00fchler \u2013 Hot &amp; Cold Bottle\"}]},{\"@type\":\"WebSite\",\"@id\":\"https:\\\/\\\/protectmyboat.eu\\\/de\\\/#website\",\"url\":\"https:\\\/\\\/protectmyboat.eu\\\/de\\\/\",\"name\":\"Protect My Boat\",\"description\":\"\",\"publisher\":{\"@id\":\"https:\\\/\\\/protectmyboat.eu\\\/de\\\/#organization\"},\"potentialAction\":[{\"@type\":\"SearchAction\",\"target\":{\"@type\":\"EntryPoint\",\"urlTemplate\":\"https:\\\/\\\/protectmyboat.eu\\\/de\\\/?s={search_term_string}\"},\"query-input\":{\"@type\":\"PropertyValueSpecification\",\"valueRequired\":true,\"valueName\":\"search_term_string\"}}],\"inLanguage\":\"de\"},{\"@type\":\"Organization\",\"@id\":\"https:\\\/\\\/protectmyboat.eu\\\/de\\\/#organization\",\"name\":\"ADW Management SRL\",\"url\":\"https:\\\/\\\/protectmyboat.eu\\\/de\\\/\",\"logo\":{\"@type\":\"ImageObject\",\"inLanguage\":\"de\",\"@id\":\"https:\\\/\\\/protectmyboat.eu\\\/de\\\/#\\\/schema\\\/logo\\\/image\\\/\",\"url\":\"https:\\\/\\\/protectmyboat.eu\\\/wp-content\\\/uploads\\\/2023\\\/02\\\/Logo_PmB_rectangle_new.png\",\"contentUrl\":\"https:\\\/\\\/protectmyboat.eu\\\/wp-content\\\/uploads\\\/2023\\\/02\\\/Logo_PmB_rectangle_new.png\",\"width\":494,\"height\":218,\"caption\":\"ADW Management SRL\"},\"image\":{\"@id\":\"https:\\\/\\\/protectmyboat.eu\\\/de\\\/#\\\/schema\\\/logo\\\/image\\\/\"},\"sameAs\":[\"https:\\\/\\\/www.facebook.com\\\/protectmyboat.be\\\/\"]}]}<\/script>\n<!-- \/ Yoast SEO plugin. -->","yoast_head_json":{"title":"2-in-1 Boots-Heiz- und K\u00fchlflasche","description":"Halten Sie Ihr Getr\u00e4nk warm oder kalt mit der Heiz- und K\u00fchlflasche. Ideal f\u00fcr Boot und Reise!","robots":{"index":"index","follow":"follow","max-snippet":"max-snippet:-1","max-image-preview":"max-image-preview:large","max-video-preview":"max-video-preview:-1"},"canonical":"https:\/\/protectmyboat.eu\/de\/produit\/tragbarer-getraenkewaermer-kuehler-phonocar-04995-hot-cold-bottle\/","og_locale":"de_DE","og_type":"article","og_title":"2-in-1 Boots-Heiz- und K\u00fchlflasche","og_description":"Halten Sie Ihr Getr\u00e4nk warm oder kalt mit der Heiz- und K\u00fchlflasche. Ideal f\u00fcr Boot und Reise!","og_url":"https:\/\/protectmyboat.eu\/de\/produit\/tragbarer-getraenkewaermer-kuehler-phonocar-04995-hot-cold-bottle\/","og_site_name":"Protect My Boat","article_publisher":"https:\/\/www.facebook.com\/protectmyboat.be\/","article_modified_time":"2026-03-14T08:23:42+00:00","og_image":[{"width":2480,"height":1748,"url":"https:\/\/protectmyboat.eu\/wp-content\/uploads\/04995_6.jpeg","type":"image\/jpeg"}],"twitter_card":"summary_large_image","twitter_misc":{"Gesch\u00e4tzte Lesezeit":"1\u00a0Minute"},"schema":{"@context":"https:\/\/schema.org","@graph":[{"@type":"WebPage","@id":"https:\/\/protectmyboat.eu\/de\/produit\/tragbarer-getraenkewaermer-kuehler-phonocar-04995-hot-cold-bottle\/","url":"https:\/\/protectmyboat.eu\/de\/produit\/tragbarer-getraenkewaermer-kuehler-phonocar-04995-hot-cold-bottle\/","name":"2-in-1 Boots-Heiz- und K\u00fchlflasche","isPartOf":{"@id":"https:\/\/protectmyboat.eu\/de\/#website"},"primaryImageOfPage":{"@id":"https:\/\/protectmyboat.eu\/de\/produit\/tragbarer-getraenkewaermer-kuehler-phonocar-04995-hot-cold-bottle\/#primaryimage"},"image":{"@id":"https:\/\/protectmyboat.eu\/de\/produit\/tragbarer-getraenkewaermer-kuehler-phonocar-04995-hot-cold-bottle\/#primaryimage"},"thumbnailUrl":"https:\/\/protectmyboat.eu\/wp-content\/uploads\/04995_6.jpeg","datePublished":"2026-01-04T18:48:48+00:00","dateModified":"2026-03-14T08:23:42+00:00","description":"Halten Sie Ihr Getr\u00e4nk warm oder kalt mit der Heiz- und K\u00fchlflasche. Ideal f\u00fcr Boot und Reise!","breadcrumb":{"@id":"https:\/\/protectmyboat.eu\/de\/produit\/tragbarer-getraenkewaermer-kuehler-phonocar-04995-hot-cold-bottle\/#breadcrumb"},"inLanguage":"de","potentialAction":[{"@type":"ReadAction","target":["https:\/\/protectmyboat.eu\/de\/produit\/tragbarer-getraenkewaermer-kuehler-phonocar-04995-hot-cold-bottle\/"]}]},{"@type":"ImageObject","inLanguage":"de","@id":"https:\/\/protectmyboat.eu\/de\/produit\/tragbarer-getraenkewaermer-kuehler-phonocar-04995-hot-cold-bottle\/#primaryimage","url":"https:\/\/protectmyboat.eu\/wp-content\/uploads\/04995_6.jpeg","contentUrl":"https:\/\/protectmyboat.eu\/wp-content\/uploads\/04995_6.jpeg","width":2480,"height":1748},{"@type":"BreadcrumbList","@id":"https:\/\/protectmyboat.eu\/de\/produit\/tragbarer-getraenkewaermer-kuehler-phonocar-04995-hot-cold-bottle\/#breadcrumb","itemListElement":[{"@type":"ListItem","position":1,"name":"Startseite","item":"https:\/\/protectmyboat.eu\/de\/nl-gps-diebstahlsicherung-fur-boote-jet-ski-und-ausenborder\/"},{"@type":"ListItem","position":2,"name":"Shop","item":"https:\/\/protectmyboat.eu\/de\/shop\/"},{"@type":"ListItem","position":3,"name":"Tragbarer Getr\u00e4nkew\u00e4rmer \/ -k\u00fchler \u2013 Hot &amp; Cold Bottle"}]},{"@type":"WebSite","@id":"https:\/\/protectmyboat.eu\/de\/#website","url":"https:\/\/protectmyboat.eu\/de\/","name":"Protect My Boat","description":"","publisher":{"@id":"https:\/\/protectmyboat.eu\/de\/#organization"},"potentialAction":[{"@type":"SearchAction","target":{"@type":"EntryPoint","urlTemplate":"https:\/\/protectmyboat.eu\/de\/?s={search_term_string}"},"query-input":{"@type":"PropertyValueSpecification","valueRequired":true,"valueName":"search_term_string"}}],"inLanguage":"de"},{"@type":"Organization","@id":"https:\/\/protectmyboat.eu\/de\/#organization","name":"ADW Management SRL","url":"https:\/\/protectmyboat.eu\/de\/","logo":{"@type":"ImageObject","inLanguage":"de","@id":"https:\/\/protectmyboat.eu\/de\/#\/schema\/logo\/image\/","url":"https:\/\/protectmyboat.eu\/wp-content\/uploads\/2023\/02\/Logo_PmB_rectangle_new.png","contentUrl":"https:\/\/protectmyboat.eu\/wp-content\/uploads\/2023\/02\/Logo_PmB_rectangle_new.png","width":494,"height":218,"caption":"ADW Management SRL"},"image":{"@id":"https:\/\/protectmyboat.eu\/de\/#\/schema\/logo\/image\/"},"sameAs":["https:\/\/www.facebook.com\/protectmyboat.be\/"]}]}},"_links":{"self":[{"href":"https:\/\/protectmyboat.eu\/de\/wp-json\/wp\/v2\/product\/6401","targetHints":{"allow":["GET"]}}],"collection":[{"href":"https:\/\/protectmyboat.eu\/de\/wp-json\/wp\/v2\/product"}],"about":[{"href":"https:\/\/protectmyboat.eu\/de\/wp-json\/wp\/v2\/types\/product"}],"version-history":[{"count":5,"href":"https:\/\/protectmyboat.eu\/de\/wp-json\/wp\/v2\/product\/6401\/revisions"}],"predecessor-version":[{"id":6588,"href":"https:\/\/protectmyboat.eu\/de\/wp-json\/wp\/v2\/product\/6401\/revisions\/6588"}],"wp:featuredmedia":[{"embeddable":true,"href":"https:\/\/protectmyboat.eu\/de\/wp-json\/wp\/v2\/media\/6411"}],"wp:attachment":[{"href":"https:\/\/protectmyboat.eu\/de\/wp-json\/wp\/v2\/media?parent=6401"}],"wp:term":[{"taxonomy":"product_brand","embeddable":true,"href":"https:\/\/protectmyboat.eu\/de\/wp-json\/wp\/v2\/product_brand?post=6401"},{"taxonomy":"product_cat","embeddable":true,"href":"https:\/\/protectmyboat.eu\/de\/wp-json\/wp\/v2\/product_cat?post=6401"},{"taxonomy":"product_tag","embeddable":true,"href":"https:\/\/protectmyboat.eu\/de\/wp-json\/wp\/v2\/product_tag?post=6401"}],"curies":[{"name":"wp","href":"https:\/\/api.w.org\/{rel}","templated":true}]}}