{"id":6476,"date":"2026-01-04T19:48:47","date_gmt":"2026-01-04T18:48:47","guid":{"rendered":"https:\/\/protectmyboat.eu\/produit\/smart-tv-android-236-ece-zertifiziert-speziell-fuer-den-einbau-an-bord\/"},"modified":"2026-03-14T09:28:05","modified_gmt":"2026-03-14T08:28:05","slug":"smart-tv-android-236-ece-zertifiziert-speziell-fuer-den-einbau-an-bord","status":"publish","type":"product","link":"https:\/\/protectmyboat.eu\/de\/produit\/smart-tv-android-236-ece-zertifiziert-speziell-fuer-den-einbau-an-bord\/","title":{"rendered":"Smart TV Android 23,6\u201d ECE-zertifiziert \u2013 Speziell f\u00fcr den Einbau an Bord"},"content":{"rendered":"<h3>Der Fernseher, entwickelt f\u00fcr die Schifffahrt<\/h3>\n<p><strong>Dieser ECE-zertifizierte Smart TV Android 23,6\u201d<\/strong> wurde speziell f\u00fcr den Einbau in Booten oder anderen mobilen Unterk\u00fcnften entwickelt.<br \/>\nLeicht, robust und perfekt f\u00fcr den mobilen Einsatz geeignet, vereint er den Komfort eines modernen Smart TVs mit der Sicherheit eines Produkts, das den Automobilnormen entspricht.<\/p>\n<h3>\u2705 ECE-zertifiziert: Sicherheit &amp; Konformit\u00e4t an Bord<\/h3>\n<p>Im Gegensatz zu einem herk\u00f6mmlichen Heimfernseher ist dieser TV <strong>nach ECE-Normen zertifiziert<\/strong>, was bedeutet: <\/p>\n<ul>\n<li>\ud83d\udccc Macht ihn perfekt <strong>f\u00fcr den mobilen Einsatz geeignet<\/strong><\/li>\n<li>\u2705 Vermeidet Probleme mit der Versicherung im Falle eines Unfalls<\/li>\n<li>\ud83d\udd12 Garantiert eine <strong>mechanische Festigkeit und ein sicheres Verhalten<\/strong> an Bord<\/li>\n<\/ul>\n<p>\ud83d\udca1 Ideal f\u00fcr professionelle Installateure, Bootsbauer oder anspruchsvolle Nutzer.<\/p>\n<h3>\ud83e\udde0 Ein echter Smart TV mit Android<\/h3>\n<p>Dieser TV funktioniert mit dem System <strong>Android TV<\/strong> und bietet Zugriff auf all Ihre Lieblings-Apps: <\/p>\n<ul>\n<li>\ud83d\udcfa Netflix, YouTube, Prime Video, Disney+, Spotify, usw.<\/li>\n<li>\ud83c\udf10 Web-Navigation \u00fcber integriertes Wi-Fi<\/li>\n<li>\ud83d\udcf1 Bildschirmfreigabe \/ Cast \u00fcber Miracast<\/li>\n<\/ul>\n<p>Sie k\u00f6nnen auch eine <strong>DVB-T-Antenne<\/strong>, eine <strong>TV-Box<\/strong>, einen Mediaplayer oder einen HDMI-Stick anschlie\u00dfen.<\/p>\n<h3>\u2699\ufe0f Hauptmerkmale<\/h3>\n<ul>\n<li>Gr\u00f6\u00dfe: 23,6 Zoll (60 cm) \u2013 perfektes Format f\u00fcr Wohnmobil oder Kabine<\/li>\n<li>Aufl\u00f6sung: Full HD 1920&#215;1080<\/li>\n<li>Betriebssystem: <strong>Android TV<\/strong> mit Zugang zum Play Store<\/li>\n<li>Konnektivit\u00e4t: Integriertes Wi-Fi, 2x HDMI, 1x USB, AV, Koaxial, DVB-T2, DVB-S2<\/li>\n<li>Empfang: DVB-T, DVB-T2, DVB-S, DVB-C, HDTV<\/li>\n<li>Audio: Integrierte Stereo-Lautsprecher<\/li>\n<li>Befestigung: VESA-Wandhalterung 100&#215;100 mm (nicht im Lieferumfang enthalten)<\/li>\n<li>Stromversorgung: 12 und 24V \u2013 <strong>ideal f\u00fcr den mobilen Einsatz<\/strong><\/li>\n<li><strong>ECE-zertifiziert<\/strong> \u2013 konform f\u00fcr den Einsatz an Bord<\/li>\n<li>2 Jahre Garantie<\/li>\n<\/ul>\n<h3>\ud83d\udce6 Lieferumfang<\/h3>\n<ul>\n<li>1 ECE-zertifizierter Smart TV LED 23,6&#8243; Full HD<\/li>\n<li>1 Fernbedienung + Batterien<\/li>\n<li>1 12\/24V Netzkabel<\/li>\n<li>Mehrsprachige Anleitung<\/li>\n<\/ul>\n","protected":false},"excerpt":{"rendered":"<p class=\"p1\"><span class=\"s1\"><b>Smart TV 23,6\u201d Full HD mit Android TV<\/b><\/span>, konzipiert f\u00fcr Boote und andere Freizeitfahrzeuge.<\/p>\n<p class=\"p1\">\ud83d\udcf2 Zugang zu Google Play Apps + Integriertes Wi-Fi<\/p>\n<p class=\"p1\">\ud83d\udee1\ufe0f ECE-zertifiziert \u2013 konform f\u00fcr den mobilen Einsatz<\/p>\n<p class=\"p1\">\ud83d\udca1 Wandmontage oder auf Standard-VESA-Halterung.<\/p>\n","protected":false},"featured_media":6477,"template":"","meta":[],"product_brand":[],"product_cat":[325],"product_tag":[260,331,269,333,340],"class_list":{"0":"post-6476","1":"product","2":"type-product","3":"status-publish","4":"has-post-thumbnail","6":"product_cat-komfort-an-bord","7":"product_tag-b2c_visi","8":"product_tag-f-discount-fr","9":"product_tag-mse_wh","10":"product_tag-phonocar","11":"product_tag-rec5_4_1","13":"first","14":"instock","15":"taxable","16":"shipping-taxable","17":"purchasable","18":"product-type-simple"},"yoast_head":"<!-- This site is optimized with the Yoast SEO plugin v27.3 - https:\/\/yoast.com\/product\/yoast-seo-wordpress\/ -->\n<title>Smart TV Android 24&quot; \u2013 ECE-zertifiziert f\u00fcr die Bordinstallation<\/title>\n<meta name=\"description\" content=\"Smart TV Android 12V f\u00fcr Boote. ECE-zertifiziert. Integriertes Wi-Fi, Apps, VESA-Halterungen. Ideal f\u00fcr den Einsatz an Bord.\" \/>\n<meta name=\"robots\" content=\"index, follow, max-snippet:-1, max-image-preview:large, max-video-preview:-1\" \/>\n<link rel=\"canonical\" href=\"https:\/\/protectmyboat.eu\/de\/produit\/smart-tv-android-236-ece-zertifiziert-speziell-fuer-den-einbau-an-bord\/\" \/>\n<meta property=\"og:locale\" content=\"de_DE\" \/>\n<meta property=\"og:type\" content=\"article\" \/>\n<meta property=\"og:title\" content=\"Smart TV Android 24&quot; \u2013 ECE-zertifiziert f\u00fcr die Bordinstallation\" \/>\n<meta property=\"og:description\" content=\"Smart TV Android 12V f\u00fcr Boote. ECE-zertifiziert. Integriertes Wi-Fi, Apps, VESA-Halterungen. Ideal f\u00fcr den Einsatz an Bord.\" \/>\n<meta property=\"og:url\" content=\"https:\/\/protectmyboat.eu\/de\/produit\/smart-tv-android-236-ece-zertifiziert-speziell-fuer-den-einbau-an-bord\/\" \/>\n<meta property=\"og:site_name\" content=\"Protect My Boat\" \/>\n<meta property=\"article:publisher\" content=\"https:\/\/www.facebook.com\/protectmyboat.be\/\" \/>\n<meta property=\"article:modified_time\" content=\"2026-03-14T08:28:05+00:00\" \/>\n<meta property=\"og:image\" content=\"https:\/\/protectmyboat.eu\/wp-content\/uploads\/VM200_1.jpg\" \/>\n\t<meta property=\"og:image:width\" content=\"1000\" \/>\n\t<meta property=\"og:image:height\" content=\"667\" \/>\n\t<meta property=\"og:image:type\" content=\"image\/jpeg\" \/>\n<meta name=\"twitter:card\" content=\"summary_large_image\" \/>\n<meta name=\"twitter:label1\" content=\"Gesch\u00e4tzte Lesezeit\" \/>\n\t<meta name=\"twitter:data1\" content=\"1\u00a0Minute\" \/>\n<script type=\"application\/ld+json\" class=\"yoast-schema-graph\">{\"@context\":\"https:\\\/\\\/schema.org\",\"@graph\":[{\"@type\":\"WebPage\",\"@id\":\"https:\\\/\\\/protectmyboat.eu\\\/de\\\/produit\\\/smart-tv-android-236-ece-zertifiziert-speziell-fuer-den-einbau-an-bord\\\/\",\"url\":\"https:\\\/\\\/protectmyboat.eu\\\/de\\\/produit\\\/smart-tv-android-236-ece-zertifiziert-speziell-fuer-den-einbau-an-bord\\\/\",\"name\":\"Smart TV Android 24\\\" \u2013 ECE-zertifiziert f\u00fcr die Bordinstallation\",\"isPartOf\":{\"@id\":\"https:\\\/\\\/protectmyboat.eu\\\/de\\\/#website\"},\"primaryImageOfPage\":{\"@id\":\"https:\\\/\\\/protectmyboat.eu\\\/de\\\/produit\\\/smart-tv-android-236-ece-zertifiziert-speziell-fuer-den-einbau-an-bord\\\/#primaryimage\"},\"image\":{\"@id\":\"https:\\\/\\\/protectmyboat.eu\\\/de\\\/produit\\\/smart-tv-android-236-ece-zertifiziert-speziell-fuer-den-einbau-an-bord\\\/#primaryimage\"},\"thumbnailUrl\":\"https:\\\/\\\/protectmyboat.eu\\\/wp-content\\\/uploads\\\/VM200_1.jpg\",\"datePublished\":\"2026-01-04T18:48:47+00:00\",\"dateModified\":\"2026-03-14T08:28:05+00:00\",\"description\":\"Smart TV Android 12V f\u00fcr Boote. ECE-zertifiziert. Integriertes Wi-Fi, Apps, VESA-Halterungen. Ideal f\u00fcr den Einsatz an Bord.\",\"breadcrumb\":{\"@id\":\"https:\\\/\\\/protectmyboat.eu\\\/de\\\/produit\\\/smart-tv-android-236-ece-zertifiziert-speziell-fuer-den-einbau-an-bord\\\/#breadcrumb\"},\"inLanguage\":\"de\",\"potentialAction\":[{\"@type\":\"ReadAction\",\"target\":[\"https:\\\/\\\/protectmyboat.eu\\\/de\\\/produit\\\/smart-tv-android-236-ece-zertifiziert-speziell-fuer-den-einbau-an-bord\\\/\"]}]},{\"@type\":\"ImageObject\",\"inLanguage\":\"de\",\"@id\":\"https:\\\/\\\/protectmyboat.eu\\\/de\\\/produit\\\/smart-tv-android-236-ece-zertifiziert-speziell-fuer-den-einbau-an-bord\\\/#primaryimage\",\"url\":\"https:\\\/\\\/protectmyboat.eu\\\/wp-content\\\/uploads\\\/VM200_1.jpg\",\"contentUrl\":\"https:\\\/\\\/protectmyboat.eu\\\/wp-content\\\/uploads\\\/VM200_1.jpg\",\"width\":1000,\"height\":667},{\"@type\":\"BreadcrumbList\",\"@id\":\"https:\\\/\\\/protectmyboat.eu\\\/de\\\/produit\\\/smart-tv-android-236-ece-zertifiziert-speziell-fuer-den-einbau-an-bord\\\/#breadcrumb\",\"itemListElement\":[{\"@type\":\"ListItem\",\"position\":1,\"name\":\"Startseite\",\"item\":\"https:\\\/\\\/protectmyboat.eu\\\/de\\\/nl-gps-diebstahlsicherung-fur-boote-jet-ski-und-ausenborder\\\/\"},{\"@type\":\"ListItem\",\"position\":2,\"name\":\"Shop\",\"item\":\"https:\\\/\\\/protectmyboat.eu\\\/de\\\/shop\\\/\"},{\"@type\":\"ListItem\",\"position\":3,\"name\":\"Smart TV Android 23,6\u201d ECE-zertifiziert \u2013 Speziell f\u00fcr den Einbau an Bord\"}]},{\"@type\":\"WebSite\",\"@id\":\"https:\\\/\\\/protectmyboat.eu\\\/de\\\/#website\",\"url\":\"https:\\\/\\\/protectmyboat.eu\\\/de\\\/\",\"name\":\"Protect My Boat\",\"description\":\"\",\"publisher\":{\"@id\":\"https:\\\/\\\/protectmyboat.eu\\\/de\\\/#organization\"},\"potentialAction\":[{\"@type\":\"SearchAction\",\"target\":{\"@type\":\"EntryPoint\",\"urlTemplate\":\"https:\\\/\\\/protectmyboat.eu\\\/de\\\/?s={search_term_string}\"},\"query-input\":{\"@type\":\"PropertyValueSpecification\",\"valueRequired\":true,\"valueName\":\"search_term_string\"}}],\"inLanguage\":\"de\"},{\"@type\":\"Organization\",\"@id\":\"https:\\\/\\\/protectmyboat.eu\\\/de\\\/#organization\",\"name\":\"ADW Management SRL\",\"url\":\"https:\\\/\\\/protectmyboat.eu\\\/de\\\/\",\"logo\":{\"@type\":\"ImageObject\",\"inLanguage\":\"de\",\"@id\":\"https:\\\/\\\/protectmyboat.eu\\\/de\\\/#\\\/schema\\\/logo\\\/image\\\/\",\"url\":\"https:\\\/\\\/protectmyboat.eu\\\/wp-content\\\/uploads\\\/2023\\\/02\\\/Logo_PmB_rectangle_new.png\",\"contentUrl\":\"https:\\\/\\\/protectmyboat.eu\\\/wp-content\\\/uploads\\\/2023\\\/02\\\/Logo_PmB_rectangle_new.png\",\"width\":494,\"height\":218,\"caption\":\"ADW Management SRL\"},\"image\":{\"@id\":\"https:\\\/\\\/protectmyboat.eu\\\/de\\\/#\\\/schema\\\/logo\\\/image\\\/\"},\"sameAs\":[\"https:\\\/\\\/www.facebook.com\\\/protectmyboat.be\\\/\"]}]}<\/script>\n<!-- \/ Yoast SEO plugin. -->","yoast_head_json":{"title":"Smart TV Android 24\" \u2013 ECE-zertifiziert f\u00fcr die Bordinstallation","description":"Smart TV Android 12V f\u00fcr Boote. ECE-zertifiziert. Integriertes Wi-Fi, Apps, VESA-Halterungen. Ideal f\u00fcr den Einsatz an Bord.","robots":{"index":"index","follow":"follow","max-snippet":"max-snippet:-1","max-image-preview":"max-image-preview:large","max-video-preview":"max-video-preview:-1"},"canonical":"https:\/\/protectmyboat.eu\/de\/produit\/smart-tv-android-236-ece-zertifiziert-speziell-fuer-den-einbau-an-bord\/","og_locale":"de_DE","og_type":"article","og_title":"Smart TV Android 24\" \u2013 ECE-zertifiziert f\u00fcr die Bordinstallation","og_description":"Smart TV Android 12V f\u00fcr Boote. ECE-zertifiziert. Integriertes Wi-Fi, Apps, VESA-Halterungen. Ideal f\u00fcr den Einsatz an Bord.","og_url":"https:\/\/protectmyboat.eu\/de\/produit\/smart-tv-android-236-ece-zertifiziert-speziell-fuer-den-einbau-an-bord\/","og_site_name":"Protect My Boat","article_publisher":"https:\/\/www.facebook.com\/protectmyboat.be\/","article_modified_time":"2026-03-14T08:28:05+00:00","og_image":[{"width":1000,"height":667,"url":"https:\/\/protectmyboat.eu\/wp-content\/uploads\/VM200_1.jpg","type":"image\/jpeg"}],"twitter_card":"summary_large_image","twitter_misc":{"Gesch\u00e4tzte Lesezeit":"1\u00a0Minute"},"schema":{"@context":"https:\/\/schema.org","@graph":[{"@type":"WebPage","@id":"https:\/\/protectmyboat.eu\/de\/produit\/smart-tv-android-236-ece-zertifiziert-speziell-fuer-den-einbau-an-bord\/","url":"https:\/\/protectmyboat.eu\/de\/produit\/smart-tv-android-236-ece-zertifiziert-speziell-fuer-den-einbau-an-bord\/","name":"Smart TV Android 24\" \u2013 ECE-zertifiziert f\u00fcr die Bordinstallation","isPartOf":{"@id":"https:\/\/protectmyboat.eu\/de\/#website"},"primaryImageOfPage":{"@id":"https:\/\/protectmyboat.eu\/de\/produit\/smart-tv-android-236-ece-zertifiziert-speziell-fuer-den-einbau-an-bord\/#primaryimage"},"image":{"@id":"https:\/\/protectmyboat.eu\/de\/produit\/smart-tv-android-236-ece-zertifiziert-speziell-fuer-den-einbau-an-bord\/#primaryimage"},"thumbnailUrl":"https:\/\/protectmyboat.eu\/wp-content\/uploads\/VM200_1.jpg","datePublished":"2026-01-04T18:48:47+00:00","dateModified":"2026-03-14T08:28:05+00:00","description":"Smart TV Android 12V f\u00fcr Boote. ECE-zertifiziert. Integriertes Wi-Fi, Apps, VESA-Halterungen. Ideal f\u00fcr den Einsatz an Bord.","breadcrumb":{"@id":"https:\/\/protectmyboat.eu\/de\/produit\/smart-tv-android-236-ece-zertifiziert-speziell-fuer-den-einbau-an-bord\/#breadcrumb"},"inLanguage":"de","potentialAction":[{"@type":"ReadAction","target":["https:\/\/protectmyboat.eu\/de\/produit\/smart-tv-android-236-ece-zertifiziert-speziell-fuer-den-einbau-an-bord\/"]}]},{"@type":"ImageObject","inLanguage":"de","@id":"https:\/\/protectmyboat.eu\/de\/produit\/smart-tv-android-236-ece-zertifiziert-speziell-fuer-den-einbau-an-bord\/#primaryimage","url":"https:\/\/protectmyboat.eu\/wp-content\/uploads\/VM200_1.jpg","contentUrl":"https:\/\/protectmyboat.eu\/wp-content\/uploads\/VM200_1.jpg","width":1000,"height":667},{"@type":"BreadcrumbList","@id":"https:\/\/protectmyboat.eu\/de\/produit\/smart-tv-android-236-ece-zertifiziert-speziell-fuer-den-einbau-an-bord\/#breadcrumb","itemListElement":[{"@type":"ListItem","position":1,"name":"Startseite","item":"https:\/\/protectmyboat.eu\/de\/nl-gps-diebstahlsicherung-fur-boote-jet-ski-und-ausenborder\/"},{"@type":"ListItem","position":2,"name":"Shop","item":"https:\/\/protectmyboat.eu\/de\/shop\/"},{"@type":"ListItem","position":3,"name":"Smart TV Android 23,6\u201d ECE-zertifiziert \u2013 Speziell f\u00fcr den Einbau an Bord"}]},{"@type":"WebSite","@id":"https:\/\/protectmyboat.eu\/de\/#website","url":"https:\/\/protectmyboat.eu\/de\/","name":"Protect My Boat","description":"","publisher":{"@id":"https:\/\/protectmyboat.eu\/de\/#organization"},"potentialAction":[{"@type":"SearchAction","target":{"@type":"EntryPoint","urlTemplate":"https:\/\/protectmyboat.eu\/de\/?s={search_term_string}"},"query-input":{"@type":"PropertyValueSpecification","valueRequired":true,"valueName":"search_term_string"}}],"inLanguage":"de"},{"@type":"Organization","@id":"https:\/\/protectmyboat.eu\/de\/#organization","name":"ADW Management SRL","url":"https:\/\/protectmyboat.eu\/de\/","logo":{"@type":"ImageObject","inLanguage":"de","@id":"https:\/\/protectmyboat.eu\/de\/#\/schema\/logo\/image\/","url":"https:\/\/protectmyboat.eu\/wp-content\/uploads\/2023\/02\/Logo_PmB_rectangle_new.png","contentUrl":"https:\/\/protectmyboat.eu\/wp-content\/uploads\/2023\/02\/Logo_PmB_rectangle_new.png","width":494,"height":218,"caption":"ADW Management SRL"},"image":{"@id":"https:\/\/protectmyboat.eu\/de\/#\/schema\/logo\/image\/"},"sameAs":["https:\/\/www.facebook.com\/protectmyboat.be\/"]}]}},"_links":{"self":[{"href":"https:\/\/protectmyboat.eu\/de\/wp-json\/wp\/v2\/product\/6476","targetHints":{"allow":["GET"]}}],"collection":[{"href":"https:\/\/protectmyboat.eu\/de\/wp-json\/wp\/v2\/product"}],"about":[{"href":"https:\/\/protectmyboat.eu\/de\/wp-json\/wp\/v2\/types\/product"}],"version-history":[{"count":1,"href":"https:\/\/protectmyboat.eu\/de\/wp-json\/wp\/v2\/product\/6476\/revisions"}],"predecessor-version":[{"id":6495,"href":"https:\/\/protectmyboat.eu\/de\/wp-json\/wp\/v2\/product\/6476\/revisions\/6495"}],"wp:featuredmedia":[{"embeddable":true,"href":"https:\/\/protectmyboat.eu\/de\/wp-json\/wp\/v2\/media\/6477"}],"wp:attachment":[{"href":"https:\/\/protectmyboat.eu\/de\/wp-json\/wp\/v2\/media?parent=6476"}],"wp:term":[{"taxonomy":"product_brand","embeddable":true,"href":"https:\/\/protectmyboat.eu\/de\/wp-json\/wp\/v2\/product_brand?post=6476"},{"taxonomy":"product_cat","embeddable":true,"href":"https:\/\/protectmyboat.eu\/de\/wp-json\/wp\/v2\/product_cat?post=6476"},{"taxonomy":"product_tag","embeddable":true,"href":"https:\/\/protectmyboat.eu\/de\/wp-json\/wp\/v2\/product_tag?post=6476"}],"curies":[{"name":"wp","href":"https:\/\/api.w.org\/{rel}","templated":true}]}}