{"id":3742,"date":"2023-03-06T12:56:10","date_gmt":"2023-03-06T11:56:10","guid":{"rendered":"https:\/\/protectmyboat.eu\/advertencia\/"},"modified":"2026-03-14T14:43:06","modified_gmt":"2026-03-14T13:43:06","slug":"advertencia","status":"publish","type":"page","link":"https:\/\/protectmyboat.eu\/es\/advertencia\/","title":{"rendered":"Condiciones de uso"},"content":{"rendered":"\t\t<div data-elementor-type=\"wp-page\" data-elementor-id=\"3742\" class=\"elementor elementor-3742 elementor-3734\" data-elementor-post-type=\"page\">\n\t\t\t\t\t\t<section class=\"elementor-section elementor-top-section elementor-element elementor-element-25815126 elementor-section-boxed elementor-section-height-default elementor-section-height-default\" data-id=\"25815126\" data-element_type=\"section\">\n\t\t\t\t\t\t<div class=\"elementor-container elementor-column-gap-default\">\n\t\t\t\t\t<div class=\"elementor-column elementor-col-100 elementor-top-column elementor-element elementor-element-61bad88a\" data-id=\"61bad88a\" data-element_type=\"column\">\n\t\t\t<div class=\"elementor-widget-wrap elementor-element-populated\">\n\t\t\t\t\t\t<div class=\"elementor-element elementor-element-4aaa86c3 elementor-widget elementor-widget-text-editor\" data-id=\"4aaa86c3\" data-element_type=\"widget\" data-widget_type=\"text-editor.default\">\n\t\t\t\t<div class=\"elementor-widget-container\">\n\t\t\t\t\t\t\t\t\t\n\n\n  \n  \n  <title>Aviso legal &#8211; ProtectmyBoat<\/title>\n  \n\n\n  <main>\n    <h1>Informaci\u00f3n jur\u00eddica<\/h1>\n    <p>\u00daltima actualizaci\u00f3n: 05-01-2026<\/p>\n\n    \n<h2>Editor del sitio<\/h2>\n<p><strong>ADW Management SRL<\/strong><br>Avenue de Tervueren 402<br>1150 Bruselas<br>B\u00e9lgica<br>IVA: BE0890930152<br>Correo electr\u00f3nico: <a href=\"mailto:info@protectmyboat.be\">info@protectmyboat.be<\/a><\/p>\n<h2>Nombre comercial<\/h2>\n<p>El sitio opera bajo la marca <strong>ProtectmyBoat<\/strong>.<\/p>\n<h2>Responsable de la publicaci\u00f3n<\/h2>\n<p>ADW Management SRL<\/p>\n<h2>Alojamiento<\/h2>\n<p>El sitio est\u00e1 alojado por un proveedor t\u00e9cnico seleccionado por ADW Management SRL.<\/p>\n<p><em>Nombre del proveedor de alojamiento:<\/em> OVH<br><em>Direcci\u00f3n:<\/em> 2 rue Kellermann \u2013 59100 Roubaix \u2013 Francia, inscrita en Lille M\u00e9tropole con el n\u00famero de empresa 424 761 419 00045<br><i>OVH.com<\/i><\/p>\n<h2>Propiedad intelectual<\/h2>\n<p>Todos los elementos presentes en el sitio ProtectmyBoat, incluyendo textos, im\u00e1genes, logotipos, gr\u00e1ficos, v\u00eddeos, marcas, bases de datos y software, est\u00e1n protegidos por las normas aplicables en materia de propiedad intelectual.<\/p>\n<p>Queda prohibida cualquier reproducci\u00f3n, representaci\u00f3n, difusi\u00f3n, adaptaci\u00f3n o explotaci\u00f3n, total o parcial, sin la autorizaci\u00f3n previa por escrito de ADW Management SRL.<\/p>\n<h2>Responsabilidad<\/h2>\n<p>ADW Management SRL hace todo lo posible para garantizar la exactitud y la actualizaci\u00f3n de la informaci\u00f3n publicada en el sitio.<\/p>\n<p>Sin embargo, ADW Management SRL no se hace responsable de:<\/p>\n<ul>\n<li>errores, omisiones o imprecisiones;<\/li>\n<li>una indisponibilidad temporal del sitio;<\/li>\n<li>da\u00f1os directos o indirectos resultantes del acceso o uso del sitio.<\/li>\n<\/ul>\n<h2>Enlaces externos<\/h2>\n<p>El sitio puede contener enlaces a sitios de terceros. ADW Management SRL no ejerce ning\u00fan control sobre estos sitios y declina toda responsabilidad en cuanto a su contenido o su pol\u00edtica de privacidad. <\/p>\n<h2>Ley aplicable<\/h2>\n<p>El presente sitio y su aviso legal est\u00e1n sujetos a la legislaci\u00f3n belga.<\/p>\n<h2>P\u00f3ngase en contacto con<\/h2>\n<p>Para cualquier pregunta relacionada con el sitio:<\/p>\n<p><a href=\"mailto:info@protectmyboat.be\">info@protectmyboat.be<\/a><\/p>\n<p>&nbsp;<\/p>\n<p>&nbsp;<\/p>\n<\/main>\n<p>&nbsp;<\/p>\n<p>&nbsp;<\/p>\t\t\t\t\t\t\t\t<\/div>\n\t\t\t\t<\/div>\n\t\t\t\t\t<\/div>\n\t\t<\/div>\n\t\t\t\t\t<\/div>\n\t\t<\/section>\n\t\t\t\t<section class=\"elementor-section elementor-top-section elementor-element elementor-element-b7654d4 elementor-section-boxed elementor-section-height-default elementor-section-height-default\" data-id=\"b7654d4\" data-element_type=\"section\">\n\t\t\t\t\t\t<div class=\"elementor-container elementor-column-gap-default\">\n\t\t\t\t\t<div class=\"elementor-column elementor-col-100 elementor-top-column elementor-element elementor-element-8c3da20\" data-id=\"8c3da20\" data-element_type=\"column\">\n\t\t\t<div class=\"elementor-widget-wrap elementor-element-populated\">\n\t\t\t\t\t\t<div class=\"elementor-element elementor-element-c13347e elementor-widget elementor-widget-text-editor\" data-id=\"c13347e\" data-element_type=\"widget\" data-widget_type=\"text-editor.default\">\n\t\t\t\t<div class=\"elementor-widget-container\">\n\t\t\t\t\t\t\t\t\t<p>Lorem ipsum dolor sit amet, consectetur adipiscing elit. Ut elit tellus, luctus nec ullamcorper mattis, pulvinar dapibus leo. <\/p>\t\t\t\t\t\t\t\t<\/div>\n\t\t\t\t<\/div>\n\t\t\t\t\t<\/div>\n\t\t<\/div>\n\t\t\t\t\t<\/div>\n\t\t<\/section>\n\t\t\t\t<\/div>\n\t\t","protected":false},"excerpt":{"rendered":"<p>Aviso legal &#8211; ProtectmyBoat Informaci\u00f3n jur\u00eddica \u00daltima actualizaci\u00f3n: 05-01-2026 Editor del sitio ADW Management SRLAvenue de Tervueren 4021150 BruselasB\u00e9lgicaIVA: BE0890930152Correo electr\u00f3nico: info@protectmyboat.be Nombre comercial El sitio opera bajo la marca ProtectmyBoat. Responsable de la publicaci\u00f3n ADW Management SRL Alojamiento El sitio est\u00e1 alojado por un proveedor t\u00e9cnico seleccionado por ADW Management SRL. Nombre del proveedor [&hellip;]<\/p>\n","protected":false},"author":2,"featured_media":0,"parent":0,"menu_order":0,"comment_status":"closed","ping_status":"closed","template":"","meta":{"footnotes":""},"class_list":["post-3742","page","type-page","status-publish","hentry"],"yoast_head":"<!-- This site is optimized with the Yoast SEO plugin v27.3 - https:\/\/yoast.com\/product\/yoast-seo-wordpress\/ -->\n<title>Condiciones de uso - Protect My Boat<\/title>\n<meta name=\"robots\" content=\"index, follow, max-snippet:-1, max-image-preview:large, max-video-preview:-1\" \/>\n<link rel=\"canonical\" href=\"https:\/\/protectmyboat.eu\/es\/advertencia\/\" \/>\n<meta property=\"og:locale\" content=\"es_ES\" \/>\n<meta property=\"og:type\" content=\"article\" \/>\n<meta property=\"og:title\" content=\"Condiciones de uso - Protect My Boat\" \/>\n<meta property=\"og:description\" content=\"Aviso legal &#8211; ProtectmyBoat Informaci\u00f3n jur\u00eddica \u00daltima actualizaci\u00f3n: 05-01-2026 Editor del sitio ADW Management SRLAvenue de Tervueren 4021150 BruselasB\u00e9lgicaIVA: BE0890930152Correo electr\u00f3nico: info@protectmyboat.be Nombre comercial El sitio opera bajo la marca ProtectmyBoat. Responsable de la publicaci\u00f3n ADW Management SRL Alojamiento El sitio est\u00e1 alojado por un proveedor t\u00e9cnico seleccionado por ADW Management SRL. Nombre del proveedor [&hellip;]\" \/>\n<meta property=\"og:url\" content=\"https:\/\/protectmyboat.eu\/es\/advertencia\/\" \/>\n<meta property=\"og:site_name\" content=\"Protect My Boat\" \/>\n<meta property=\"article:publisher\" content=\"https:\/\/www.facebook.com\/protectmyboat.be\/\" \/>\n<meta property=\"article:modified_time\" content=\"2026-03-14T13:43:06+00:00\" \/>\n<meta name=\"twitter:card\" content=\"summary_large_image\" \/>\n<meta name=\"twitter:label1\" content=\"Tiempo de lectura\" \/>\n\t<meta name=\"twitter:data1\" content=\"1 minuto\" \/>\n<script type=\"application\/ld+json\" class=\"yoast-schema-graph\">{\"@context\":\"https:\\\/\\\/schema.org\",\"@graph\":[{\"@type\":\"WebPage\",\"@id\":\"https:\\\/\\\/protectmyboat.eu\\\/es\\\/advertencia\\\/\",\"url\":\"https:\\\/\\\/protectmyboat.eu\\\/es\\\/advertencia\\\/\",\"name\":\"Condiciones de uso - Protect My Boat\",\"isPartOf\":{\"@id\":\"https:\\\/\\\/protectmyboat.eu\\\/es\\\/#website\"},\"datePublished\":\"2023-03-06T11:56:10+00:00\",\"dateModified\":\"2026-03-14T13:43:06+00:00\",\"breadcrumb\":{\"@id\":\"https:\\\/\\\/protectmyboat.eu\\\/es\\\/advertencia\\\/#breadcrumb\"},\"inLanguage\":\"es\",\"potentialAction\":[{\"@type\":\"ReadAction\",\"target\":[\"https:\\\/\\\/protectmyboat.eu\\\/es\\\/advertencia\\\/\"]}]},{\"@type\":\"BreadcrumbList\",\"@id\":\"https:\\\/\\\/protectmyboat.eu\\\/es\\\/advertencia\\\/#breadcrumb\",\"itemListElement\":[{\"@type\":\"ListItem\",\"position\":1,\"name\":\"Inicio\",\"item\":\"https:\\\/\\\/protectmyboat.eu\\\/es\\\/nl-antirrobo-gps-para-embarcaciones-motos-acuaticas-y-fuerabordas\\\/\"},{\"@type\":\"ListItem\",\"position\":2,\"name\":\"Condiciones de uso\"}]},{\"@type\":\"WebSite\",\"@id\":\"https:\\\/\\\/protectmyboat.eu\\\/es\\\/#website\",\"url\":\"https:\\\/\\\/protectmyboat.eu\\\/es\\\/\",\"name\":\"Protect My Boat\",\"description\":\"\",\"publisher\":{\"@id\":\"https:\\\/\\\/protectmyboat.eu\\\/es\\\/#organization\"},\"potentialAction\":[{\"@type\":\"SearchAction\",\"target\":{\"@type\":\"EntryPoint\",\"urlTemplate\":\"https:\\\/\\\/protectmyboat.eu\\\/es\\\/?s={search_term_string}\"},\"query-input\":{\"@type\":\"PropertyValueSpecification\",\"valueRequired\":true,\"valueName\":\"search_term_string\"}}],\"inLanguage\":\"es\"},{\"@type\":\"Organization\",\"@id\":\"https:\\\/\\\/protectmyboat.eu\\\/es\\\/#organization\",\"name\":\"ADW Management SRL\",\"url\":\"https:\\\/\\\/protectmyboat.eu\\\/es\\\/\",\"logo\":{\"@type\":\"ImageObject\",\"inLanguage\":\"es\",\"@id\":\"https:\\\/\\\/protectmyboat.eu\\\/es\\\/#\\\/schema\\\/logo\\\/image\\\/\",\"url\":\"https:\\\/\\\/protectmyboat.eu\\\/wp-content\\\/uploads\\\/2023\\\/02\\\/Logo_PmB_rectangle_new.png\",\"contentUrl\":\"https:\\\/\\\/protectmyboat.eu\\\/wp-content\\\/uploads\\\/2023\\\/02\\\/Logo_PmB_rectangle_new.png\",\"width\":494,\"height\":218,\"caption\":\"ADW Management SRL\"},\"image\":{\"@id\":\"https:\\\/\\\/protectmyboat.eu\\\/es\\\/#\\\/schema\\\/logo\\\/image\\\/\"},\"sameAs\":[\"https:\\\/\\\/www.facebook.com\\\/protectmyboat.be\\\/\"]}]}<\/script>\n<!-- \/ Yoast SEO plugin. -->","yoast_head_json":{"title":"Condiciones de uso - Protect My Boat","robots":{"index":"index","follow":"follow","max-snippet":"max-snippet:-1","max-image-preview":"max-image-preview:large","max-video-preview":"max-video-preview:-1"},"canonical":"https:\/\/protectmyboat.eu\/es\/advertencia\/","og_locale":"es_ES","og_type":"article","og_title":"Condiciones de uso - Protect My Boat","og_description":"Aviso legal &#8211; ProtectmyBoat Informaci\u00f3n jur\u00eddica \u00daltima actualizaci\u00f3n: 05-01-2026 Editor del sitio ADW Management SRLAvenue de Tervueren 4021150 BruselasB\u00e9lgicaIVA: BE0890930152Correo electr\u00f3nico: info@protectmyboat.be Nombre comercial El sitio opera bajo la marca ProtectmyBoat. Responsable de la publicaci\u00f3n ADW Management SRL Alojamiento El sitio est\u00e1 alojado por un proveedor t\u00e9cnico seleccionado por ADW Management SRL. Nombre del proveedor [&hellip;]","og_url":"https:\/\/protectmyboat.eu\/es\/advertencia\/","og_site_name":"Protect My Boat","article_publisher":"https:\/\/www.facebook.com\/protectmyboat.be\/","article_modified_time":"2026-03-14T13:43:06+00:00","twitter_card":"summary_large_image","twitter_misc":{"Tiempo de lectura":"1 minuto"},"schema":{"@context":"https:\/\/schema.org","@graph":[{"@type":"WebPage","@id":"https:\/\/protectmyboat.eu\/es\/advertencia\/","url":"https:\/\/protectmyboat.eu\/es\/advertencia\/","name":"Condiciones de uso - Protect My Boat","isPartOf":{"@id":"https:\/\/protectmyboat.eu\/es\/#website"},"datePublished":"2023-03-06T11:56:10+00:00","dateModified":"2026-03-14T13:43:06+00:00","breadcrumb":{"@id":"https:\/\/protectmyboat.eu\/es\/advertencia\/#breadcrumb"},"inLanguage":"es","potentialAction":[{"@type":"ReadAction","target":["https:\/\/protectmyboat.eu\/es\/advertencia\/"]}]},{"@type":"BreadcrumbList","@id":"https:\/\/protectmyboat.eu\/es\/advertencia\/#breadcrumb","itemListElement":[{"@type":"ListItem","position":1,"name":"Inicio","item":"https:\/\/protectmyboat.eu\/es\/nl-antirrobo-gps-para-embarcaciones-motos-acuaticas-y-fuerabordas\/"},{"@type":"ListItem","position":2,"name":"Condiciones de uso"}]},{"@type":"WebSite","@id":"https:\/\/protectmyboat.eu\/es\/#website","url":"https:\/\/protectmyboat.eu\/es\/","name":"Protect My Boat","description":"","publisher":{"@id":"https:\/\/protectmyboat.eu\/es\/#organization"},"potentialAction":[{"@type":"SearchAction","target":{"@type":"EntryPoint","urlTemplate":"https:\/\/protectmyboat.eu\/es\/?s={search_term_string}"},"query-input":{"@type":"PropertyValueSpecification","valueRequired":true,"valueName":"search_term_string"}}],"inLanguage":"es"},{"@type":"Organization","@id":"https:\/\/protectmyboat.eu\/es\/#organization","name":"ADW Management SRL","url":"https:\/\/protectmyboat.eu\/es\/","logo":{"@type":"ImageObject","inLanguage":"es","@id":"https:\/\/protectmyboat.eu\/es\/#\/schema\/logo\/image\/","url":"https:\/\/protectmyboat.eu\/wp-content\/uploads\/2023\/02\/Logo_PmB_rectangle_new.png","contentUrl":"https:\/\/protectmyboat.eu\/wp-content\/uploads\/2023\/02\/Logo_PmB_rectangle_new.png","width":494,"height":218,"caption":"ADW Management SRL"},"image":{"@id":"https:\/\/protectmyboat.eu\/es\/#\/schema\/logo\/image\/"},"sameAs":["https:\/\/www.facebook.com\/protectmyboat.be\/"]}]}},"_links":{"self":[{"href":"https:\/\/protectmyboat.eu\/es\/wp-json\/wp\/v2\/pages\/3742","targetHints":{"allow":["GET"]}}],"collection":[{"href":"https:\/\/protectmyboat.eu\/es\/wp-json\/wp\/v2\/pages"}],"about":[{"href":"https:\/\/protectmyboat.eu\/es\/wp-json\/wp\/v2\/types\/page"}],"author":[{"embeddable":true,"href":"https:\/\/protectmyboat.eu\/es\/wp-json\/wp\/v2\/users\/2"}],"replies":[{"embeddable":true,"href":"https:\/\/protectmyboat.eu\/es\/wp-json\/wp\/v2\/comments?post=3742"}],"version-history":[{"count":4,"href":"https:\/\/protectmyboat.eu\/es\/wp-json\/wp\/v2\/pages\/3742\/revisions"}],"predecessor-version":[{"id":6955,"href":"https:\/\/protectmyboat.eu\/es\/wp-json\/wp\/v2\/pages\/3742\/revisions\/6955"}],"wp:attachment":[{"href":"https:\/\/protectmyboat.eu\/es\/wp-json\/wp\/v2\/media?parent=3742"}],"curies":[{"name":"wp","href":"https:\/\/api.w.org\/{rel}","templated":true}]}}