{"id":3954,"date":"2023-02-11T13:10:32","date_gmt":"2023-02-11T12:10:32","guid":{"rendered":"https:\/\/protectmyboat.eu\/produit\/localizador-gps-autonomo-conectado-pulsar-para-proteccion-antirrobo\/"},"modified":"2026-01-04T19:28:57","modified_gmt":"2026-01-04T18:28:57","slug":"plotter-gps-conectado-autonomo-pulsar-proteccion-contra-robo","status":"publish","type":"product","link":"https:\/\/protectmyboat.eu\/es\/produit\/plotter-gps-conectado-autonomo-pulsar-proteccion-contra-robo\/","title":{"rendered":"Pulsar (2G) 3 a\u00f1os \u2013 Localizador GPS antirrobo 100 % aut\u00f3nomo"},"content":{"rendered":"<p>Indetectable, miniaturizado y estanco (IP67), no requiere ninguna conexi\u00f3n, lo que permite instalarlo y ocultarlo de forma r\u00e1pida y sencilla gracias al soporte de doble cara suministrado.<\/p>\n<p>Se trata de una soluci\u00f3n ideal para recuperar equipos como motores H\/B, motos acu\u00e1ticas o cualquier otro objeto que deba protegerse (remolque, paquete, etc.) en caso de robo.<\/p>\n<p>Funciona de forma diferente a los trazadores convencionales. Funciona en modo \u00abHeartbeat\u00bb, es decir, se conecta peri\u00f3dicamente a la red para actualizar su posici\u00f3n y responder a cualquier petici\u00f3n del usuario a trav\u00e9s de la aplicaci\u00f3n m\u00f3vil<strong>\u00abPulsar<\/strong>\u00ab. El resto del tiempo est\u00e1 completamente apagado, por lo que es totalmente indetectable.<\/p>\n<p>La funci\u00f3n \u00ab<strong>garaje virtual<\/strong>\u00bb permite crear una zona vigilada. Cuando el Pulsar se despierta fuera de la zona permitida, env\u00eda una notificaci\u00f3n de alerta al propietario.<\/p>\n<p>Este \u00faltimo puede activar el modo \u00abveh\u00edculo robado\u00bb para rastrear el activo en tiempo real. Esta funci\u00f3n tambi\u00e9n puede activarse autom\u00e1ticamente en cuanto la m\u00e1quina abandona la zona autorizada*.<\/p>\n<p>En caso de robo real, no corras riesgos y ponte en contacto con la central de alarmas 24 horas (seg\u00fan la legislaci\u00f3n belga).<\/p>\n<p>Alimentado por pilas (f\u00e1cilmente sustituibles por el usuario), su autonom\u00eda puede alcanzar los 2 a\u00f1os en funci\u00f3n de la frecuencia de comunicaci\u00f3n elegida*.<\/p>\n<p>Se suministra con soporte magn\u00e9tico.<\/p>\n<p>Pulsar, debido a su dise\u00f1o 100% aut\u00f3nomo, no est\u00e1 dise\u00f1ado para seguir un objeto de forma permanente como un rastreador GPS cl\u00e1sico. Funciona ad hoc y es ideal para objetos que no disponen de una fuente de alimentaci\u00f3n permanente (por ejemplo, invernaje o maquinaria con interruptor de bater\u00eda).<\/p>\n<p>Servicio \u00abPULSAR\u00bb (suscripci\u00f3n) de <strong>36 meses incluido<\/strong> en el precio del producto (renovaci\u00f3n 99\u20ac por 3 a\u00f1os incluido 21% IVA a partir del 4\u00ba a\u00f1o). Todos los gastos de comunicaci\u00f3n e itinerancia incluidos. Cobertura europea (compatible con la mayor\u00eda de redes m\u00f3viles de Europa).<\/p>\n<p>3 a\u00f1os de garant\u00eda del fabricante.<\/p>\n<p>*: la frecuencia y el n\u00famero de comunicaciones influyen en la longevidad de las pilas. Consulta el manual para configurarlo correctamente.<\/p>\n","protected":false},"excerpt":{"rendered":"<p>El Pulsar es un dispositivo GPS de recuperaci\u00f3n posvuelo 100% aut\u00f3nomo de nueva generaci\u00f3n que ofrece un nivel muy alto de autonom\u00eda operativa. Funciona con pilas y est\u00e1 dise\u00f1ado para encontrar veh\u00edculos robados u objetos sobre los que se coloca (sin conexi\u00f3n).<\/p>\n<p>La aplicaci\u00f3n m\u00f3vil<strong>\u00abPulsar<\/strong>\u00bb (compatible con iOS y Android) permite enviar \u00f3rdenes y recibir notificaciones. \u00a136 meses de servicio ya incluidos en el precio!<\/p>\n","protected":false},"featured_media":2511,"template":"","meta":[],"product_brand":[],"product_cat":[99],"product_tag":[137,277,138,239,278,169,248,249,279,280],"class_list":{"0":"post-3954","1":"product","2":"type-product","3":"status-publish","4":"has-post-thumbnail","6":"product_cat-proteccion-antirrobo","7":"product_tag-100-autonomo","8":"product_tag-2bebat_bi","9":"product_tag-3y-prepago","10":"product_tag-b2c_visi","11":"product_tag-d-discount-es","12":"product_tag-final-de-serie-es","13":"product_tag-metatrak","14":"product_tag-mse_wh","15":"product_tag-promocion","16":"product_tag-rec6_1","18":"first","19":"instock","20":"taxable","21":"shipping-taxable","22":"purchasable","23":"product-type-simple"},"yoast_head":"<!-- This site is optimized with the Yoast SEO plugin v27.3 - https:\/\/yoast.com\/product\/yoast-seo-wordpress\/ -->\n<title>Pulsar (2G) 3 a\u00f1os \u2013 Localizador GPS antirrobo 100 % aut\u00f3nomo - Protect My Boat<\/title>\n<meta name=\"robots\" content=\"index, follow, max-snippet:-1, max-image-preview:large, max-video-preview:-1\" \/>\n<link rel=\"canonical\" href=\"https:\/\/protectmyboat.eu\/es\/produit\/plotter-gps-conectado-autonomo-pulsar-proteccion-contra-robo\/\" \/>\n<meta property=\"og:locale\" content=\"es_ES\" \/>\n<meta property=\"og:type\" content=\"article\" \/>\n<meta property=\"og:title\" content=\"Pulsar (2G) 3 a\u00f1os \u2013 Localizador GPS antirrobo 100 % aut\u00f3nomo - Protect My Boat\" \/>\n<meta property=\"og:description\" content=\"El Pulsar es un dispositivo GPS de recuperaci\u00f3n posvuelo 100% aut\u00f3nomo de nueva generaci\u00f3n que ofrece un nivel muy alto de autonom\u00eda operativa. Funciona con pilas y est\u00e1 dise\u00f1ado para encontrar veh\u00edculos robados u objetos sobre los que se coloca (sin conexi\u00f3n). La aplicaci\u00f3n m\u00f3vil&quot;Pulsar&quot; (compatible con iOS y Android) permite enviar \u00f3rdenes y recibir notificaciones. \u00a136 meses de servicio ya incluidos en el precio!\" \/>\n<meta property=\"og:url\" content=\"https:\/\/protectmyboat.eu\/es\/produit\/plotter-gps-conectado-autonomo-pulsar-proteccion-contra-robo\/\" \/>\n<meta property=\"og:site_name\" content=\"Protect My Boat\" \/>\n<meta property=\"article:publisher\" content=\"https:\/\/www.facebook.com\/protectmyboat.be\/\" \/>\n<meta property=\"article:modified_time\" content=\"2026-01-04T18:28:57+00:00\" \/>\n<meta property=\"og:image\" content=\"https:\/\/protectmyboat.eu\/wp-content\/uploads\/2023\/02\/T36-vue-port-Main.png\" \/>\n\t<meta property=\"og:image:width\" content=\"1000\" \/>\n\t<meta property=\"og:image:height\" content=\"1000\" \/>\n\t<meta property=\"og:image:type\" content=\"image\/png\" \/>\n<meta name=\"twitter:card\" content=\"summary_large_image\" \/>\n<meta name=\"twitter:label1\" content=\"Tiempo de lectura\" \/>\n\t<meta name=\"twitter:data1\" content=\"2 minutos\" \/>\n<script type=\"application\/ld+json\" class=\"yoast-schema-graph\">{\"@context\":\"https:\\\/\\\/schema.org\",\"@graph\":[{\"@type\":\"WebPage\",\"@id\":\"https:\\\/\\\/protectmyboat.eu\\\/es\\\/produit\\\/plotter-gps-conectado-autonomo-pulsar-proteccion-contra-robo\\\/\",\"url\":\"https:\\\/\\\/protectmyboat.eu\\\/es\\\/produit\\\/plotter-gps-conectado-autonomo-pulsar-proteccion-contra-robo\\\/\",\"name\":\"Pulsar (2G) 3 a\u00f1os \u2013 Localizador GPS antirrobo 100 % aut\u00f3nomo - Protect My Boat\",\"isPartOf\":{\"@id\":\"https:\\\/\\\/protectmyboat.eu\\\/es\\\/#website\"},\"primaryImageOfPage\":{\"@id\":\"https:\\\/\\\/protectmyboat.eu\\\/es\\\/produit\\\/plotter-gps-conectado-autonomo-pulsar-proteccion-contra-robo\\\/#primaryimage\"},\"image\":{\"@id\":\"https:\\\/\\\/protectmyboat.eu\\\/es\\\/produit\\\/plotter-gps-conectado-autonomo-pulsar-proteccion-contra-robo\\\/#primaryimage\"},\"thumbnailUrl\":\"https:\\\/\\\/protectmyboat.eu\\\/wp-content\\\/uploads\\\/2023\\\/02\\\/T36-vue-port-Main.png\",\"datePublished\":\"2023-02-11T12:10:32+00:00\",\"dateModified\":\"2026-01-04T18:28:57+00:00\",\"breadcrumb\":{\"@id\":\"https:\\\/\\\/protectmyboat.eu\\\/es\\\/produit\\\/plotter-gps-conectado-autonomo-pulsar-proteccion-contra-robo\\\/#breadcrumb\"},\"inLanguage\":\"es\",\"potentialAction\":[{\"@type\":\"ReadAction\",\"target\":[\"https:\\\/\\\/protectmyboat.eu\\\/es\\\/produit\\\/plotter-gps-conectado-autonomo-pulsar-proteccion-contra-robo\\\/\"]}]},{\"@type\":\"ImageObject\",\"inLanguage\":\"es\",\"@id\":\"https:\\\/\\\/protectmyboat.eu\\\/es\\\/produit\\\/plotter-gps-conectado-autonomo-pulsar-proteccion-contra-robo\\\/#primaryimage\",\"url\":\"https:\\\/\\\/protectmyboat.eu\\\/wp-content\\\/uploads\\\/2023\\\/02\\\/T36-vue-port-Main.png\",\"contentUrl\":\"https:\\\/\\\/protectmyboat.eu\\\/wp-content\\\/uploads\\\/2023\\\/02\\\/T36-vue-port-Main.png\",\"width\":1000,\"height\":1000},{\"@type\":\"BreadcrumbList\",\"@id\":\"https:\\\/\\\/protectmyboat.eu\\\/es\\\/produit\\\/plotter-gps-conectado-autonomo-pulsar-proteccion-contra-robo\\\/#breadcrumb\",\"itemListElement\":[{\"@type\":\"ListItem\",\"position\":1,\"name\":\"Inicio\",\"item\":\"https:\\\/\\\/protectmyboat.eu\\\/es\\\/nl-antirrobo-gps-para-embarcaciones-motos-acuaticas-y-fuerabordas\\\/\"},{\"@type\":\"ListItem\",\"position\":2,\"name\":\"Tienda\",\"item\":\"https:\\\/\\\/protectmyboat.eu\\\/es\\\/tienda\\\/\"},{\"@type\":\"ListItem\",\"position\":3,\"name\":\"Pulsar (2G) 3 a\u00f1os \u2013 Localizador GPS antirrobo 100 % aut\u00f3nomo\"}]},{\"@type\":\"WebSite\",\"@id\":\"https:\\\/\\\/protectmyboat.eu\\\/es\\\/#website\",\"url\":\"https:\\\/\\\/protectmyboat.eu\\\/es\\\/\",\"name\":\"Protect My Boat\",\"description\":\"\",\"publisher\":{\"@id\":\"https:\\\/\\\/protectmyboat.eu\\\/es\\\/#organization\"},\"potentialAction\":[{\"@type\":\"SearchAction\",\"target\":{\"@type\":\"EntryPoint\",\"urlTemplate\":\"https:\\\/\\\/protectmyboat.eu\\\/es\\\/?s={search_term_string}\"},\"query-input\":{\"@type\":\"PropertyValueSpecification\",\"valueRequired\":true,\"valueName\":\"search_term_string\"}}],\"inLanguage\":\"es\"},{\"@type\":\"Organization\",\"@id\":\"https:\\\/\\\/protectmyboat.eu\\\/es\\\/#organization\",\"name\":\"ADW Management SRL\",\"url\":\"https:\\\/\\\/protectmyboat.eu\\\/es\\\/\",\"logo\":{\"@type\":\"ImageObject\",\"inLanguage\":\"es\",\"@id\":\"https:\\\/\\\/protectmyboat.eu\\\/es\\\/#\\\/schema\\\/logo\\\/image\\\/\",\"url\":\"https:\\\/\\\/protectmyboat.eu\\\/wp-content\\\/uploads\\\/2023\\\/02\\\/Logo_PmB_rectangle_new.png\",\"contentUrl\":\"https:\\\/\\\/protectmyboat.eu\\\/wp-content\\\/uploads\\\/2023\\\/02\\\/Logo_PmB_rectangle_new.png\",\"width\":494,\"height\":218,\"caption\":\"ADW Management SRL\"},\"image\":{\"@id\":\"https:\\\/\\\/protectmyboat.eu\\\/es\\\/#\\\/schema\\\/logo\\\/image\\\/\"},\"sameAs\":[\"https:\\\/\\\/www.facebook.com\\\/protectmyboat.be\\\/\"]}]}<\/script>\n<!-- \/ Yoast SEO plugin. -->","yoast_head_json":{"title":"Pulsar (2G) 3 a\u00f1os \u2013 Localizador GPS antirrobo 100 % aut\u00f3nomo - Protect My Boat","robots":{"index":"index","follow":"follow","max-snippet":"max-snippet:-1","max-image-preview":"max-image-preview:large","max-video-preview":"max-video-preview:-1"},"canonical":"https:\/\/protectmyboat.eu\/es\/produit\/plotter-gps-conectado-autonomo-pulsar-proteccion-contra-robo\/","og_locale":"es_ES","og_type":"article","og_title":"Pulsar (2G) 3 a\u00f1os \u2013 Localizador GPS antirrobo 100 % aut\u00f3nomo - Protect My Boat","og_description":"El Pulsar es un dispositivo GPS de recuperaci\u00f3n posvuelo 100% aut\u00f3nomo de nueva generaci\u00f3n que ofrece un nivel muy alto de autonom\u00eda operativa. Funciona con pilas y est\u00e1 dise\u00f1ado para encontrar veh\u00edculos robados u objetos sobre los que se coloca (sin conexi\u00f3n). La aplicaci\u00f3n m\u00f3vil\"Pulsar\" (compatible con iOS y Android) permite enviar \u00f3rdenes y recibir notificaciones. \u00a136 meses de servicio ya incluidos en el precio!","og_url":"https:\/\/protectmyboat.eu\/es\/produit\/plotter-gps-conectado-autonomo-pulsar-proteccion-contra-robo\/","og_site_name":"Protect My Boat","article_publisher":"https:\/\/www.facebook.com\/protectmyboat.be\/","article_modified_time":"2026-01-04T18:28:57+00:00","og_image":[{"width":1000,"height":1000,"url":"https:\/\/protectmyboat.eu\/wp-content\/uploads\/2023\/02\/T36-vue-port-Main.png","type":"image\/png"}],"twitter_card":"summary_large_image","twitter_misc":{"Tiempo de lectura":"2 minutos"},"schema":{"@context":"https:\/\/schema.org","@graph":[{"@type":"WebPage","@id":"https:\/\/protectmyboat.eu\/es\/produit\/plotter-gps-conectado-autonomo-pulsar-proteccion-contra-robo\/","url":"https:\/\/protectmyboat.eu\/es\/produit\/plotter-gps-conectado-autonomo-pulsar-proteccion-contra-robo\/","name":"Pulsar (2G) 3 a\u00f1os \u2013 Localizador GPS antirrobo 100 % aut\u00f3nomo - Protect My Boat","isPartOf":{"@id":"https:\/\/protectmyboat.eu\/es\/#website"},"primaryImageOfPage":{"@id":"https:\/\/protectmyboat.eu\/es\/produit\/plotter-gps-conectado-autonomo-pulsar-proteccion-contra-robo\/#primaryimage"},"image":{"@id":"https:\/\/protectmyboat.eu\/es\/produit\/plotter-gps-conectado-autonomo-pulsar-proteccion-contra-robo\/#primaryimage"},"thumbnailUrl":"https:\/\/protectmyboat.eu\/wp-content\/uploads\/2023\/02\/T36-vue-port-Main.png","datePublished":"2023-02-11T12:10:32+00:00","dateModified":"2026-01-04T18:28:57+00:00","breadcrumb":{"@id":"https:\/\/protectmyboat.eu\/es\/produit\/plotter-gps-conectado-autonomo-pulsar-proteccion-contra-robo\/#breadcrumb"},"inLanguage":"es","potentialAction":[{"@type":"ReadAction","target":["https:\/\/protectmyboat.eu\/es\/produit\/plotter-gps-conectado-autonomo-pulsar-proteccion-contra-robo\/"]}]},{"@type":"ImageObject","inLanguage":"es","@id":"https:\/\/protectmyboat.eu\/es\/produit\/plotter-gps-conectado-autonomo-pulsar-proteccion-contra-robo\/#primaryimage","url":"https:\/\/protectmyboat.eu\/wp-content\/uploads\/2023\/02\/T36-vue-port-Main.png","contentUrl":"https:\/\/protectmyboat.eu\/wp-content\/uploads\/2023\/02\/T36-vue-port-Main.png","width":1000,"height":1000},{"@type":"BreadcrumbList","@id":"https:\/\/protectmyboat.eu\/es\/produit\/plotter-gps-conectado-autonomo-pulsar-proteccion-contra-robo\/#breadcrumb","itemListElement":[{"@type":"ListItem","position":1,"name":"Inicio","item":"https:\/\/protectmyboat.eu\/es\/nl-antirrobo-gps-para-embarcaciones-motos-acuaticas-y-fuerabordas\/"},{"@type":"ListItem","position":2,"name":"Tienda","item":"https:\/\/protectmyboat.eu\/es\/tienda\/"},{"@type":"ListItem","position":3,"name":"Pulsar (2G) 3 a\u00f1os \u2013 Localizador GPS antirrobo 100 % aut\u00f3nomo"}]},{"@type":"WebSite","@id":"https:\/\/protectmyboat.eu\/es\/#website","url":"https:\/\/protectmyboat.eu\/es\/","name":"Protect My Boat","description":"","publisher":{"@id":"https:\/\/protectmyboat.eu\/es\/#organization"},"potentialAction":[{"@type":"SearchAction","target":{"@type":"EntryPoint","urlTemplate":"https:\/\/protectmyboat.eu\/es\/?s={search_term_string}"},"query-input":{"@type":"PropertyValueSpecification","valueRequired":true,"valueName":"search_term_string"}}],"inLanguage":"es"},{"@type":"Organization","@id":"https:\/\/protectmyboat.eu\/es\/#organization","name":"ADW Management SRL","url":"https:\/\/protectmyboat.eu\/es\/","logo":{"@type":"ImageObject","inLanguage":"es","@id":"https:\/\/protectmyboat.eu\/es\/#\/schema\/logo\/image\/","url":"https:\/\/protectmyboat.eu\/wp-content\/uploads\/2023\/02\/Logo_PmB_rectangle_new.png","contentUrl":"https:\/\/protectmyboat.eu\/wp-content\/uploads\/2023\/02\/Logo_PmB_rectangle_new.png","width":494,"height":218,"caption":"ADW Management SRL"},"image":{"@id":"https:\/\/protectmyboat.eu\/es\/#\/schema\/logo\/image\/"},"sameAs":["https:\/\/www.facebook.com\/protectmyboat.be\/"]}]}},"_links":{"self":[{"href":"https:\/\/protectmyboat.eu\/es\/wp-json\/wp\/v2\/product\/3954","targetHints":{"allow":["GET"]}}],"collection":[{"href":"https:\/\/protectmyboat.eu\/es\/wp-json\/wp\/v2\/product"}],"about":[{"href":"https:\/\/protectmyboat.eu\/es\/wp-json\/wp\/v2\/types\/product"}],"version-history":[{"count":1,"href":"https:\/\/protectmyboat.eu\/es\/wp-json\/wp\/v2\/product\/3954\/revisions"}],"predecessor-version":[{"id":6246,"href":"https:\/\/protectmyboat.eu\/es\/wp-json\/wp\/v2\/product\/3954\/revisions\/6246"}],"wp:featuredmedia":[{"embeddable":true,"href":"https:\/\/protectmyboat.eu\/es\/wp-json\/wp\/v2\/media\/2511"}],"wp:attachment":[{"href":"https:\/\/protectmyboat.eu\/es\/wp-json\/wp\/v2\/media?parent=3954"}],"wp:term":[{"taxonomy":"product_brand","embeddable":true,"href":"https:\/\/protectmyboat.eu\/es\/wp-json\/wp\/v2\/product_brand?post=3954"},{"taxonomy":"product_cat","embeddable":true,"href":"https:\/\/protectmyboat.eu\/es\/wp-json\/wp\/v2\/product_cat?post=3954"},{"taxonomy":"product_tag","embeddable":true,"href":"https:\/\/protectmyboat.eu\/es\/wp-json\/wp\/v2\/product_tag?post=3954"}],"curies":[{"name":"wp","href":"https:\/\/api.w.org\/{rel}","templated":true}]}}