{"id":6402,"date":"2026-01-04T19:48:48","date_gmt":"2026-01-04T18:48:48","guid":{"rendered":"https:\/\/protectmyboat.eu\/produit\/calentador-enfriador-de-bebidas-portatil-phonocar-04995-hot-cold-bottle\/"},"modified":"2026-03-14T09:23:42","modified_gmt":"2026-03-14T08:23:42","slug":"calentador-enfriador-de-bebidas-portatil-phonocar-04995-hot-cold-bottle","status":"publish","type":"product","link":"https:\/\/protectmyboat.eu\/es\/produit\/calentador-enfriador-de-bebidas-portatil-phonocar-04995-hot-cold-bottle\/","title":{"rendered":"Calentador\/enfriador de bebidas port\u00e1til \u2013 Hot &amp; Cold Bottle"},"content":{"rendered":"<h3 data-start=\"585\" data-end=\"660\"><strong data-start=\"589\" data-end=\"651\">\u00a1Mantenga su bebida caliente o fr\u00eda, est\u00e9 donde est\u00e9!<\/strong>  \ud83d\ude97\ud83d\udd25\u2744\ufe0f<\/h3>\n<p data-start=\"662\" data-end=\"1016\">\u00bfLe gusta disfrutar de su caf\u00e9 bien caliente o mantener el agua fresca en sus viajes? \u00a1La <strong data-start=\"752\" data-end=\"788\">Hot &amp; Cold Bottle <\/strong>es <strong data-start=\"793\" data-end=\"839\">el accesorio perfecto para todos sus trayectos<\/strong>! Dise\u00f1ada para su uso a bordo, permite <strong data-start=\"897\" data-end=\"967\">calentar su bebida hasta 45 \u00b0C o enfriarla hasta 2 \u00b0C<\/strong> gracias a su <strong data-start=\"980\" data-end=\"1013\">sistema de inducci\u00f3n t\u00e9rmica<\/strong>. <\/p>\n<p data-start=\"1018\" data-end=\"1282\">\ud83d\udca1 <strong data-start=\"1021\" data-end=\"1052\">2 modos en un solo dispositivo<\/strong><br data-start=\"1052\" data-end=\"1055\">\u2705 <strong data-start=\"1057\" data-end=\"1071\">Modo calor<\/strong>: Calienta su bebida hasta <strong data-start=\"1106\" data-end=\"1114\">45 \u00b0C<\/strong> para un caf\u00e9 o un t\u00e9 siempre a buena temperatura.<br data-start=\"1167\" data-end=\"1170\">\u2705 <strong data-start=\"1172\" data-end=\"1186\">Modo fr\u00edo<\/strong>: Enfr\u00eda su bebida hasta <strong data-start=\"1221\" data-end=\"1228\">2 \u00b0C<\/strong> en <strong data-start=\"1232\" data-end=\"1246\">30 minutos<\/strong>, ideal para los d\u00edas calurosos.<\/p>\n<p data-start=\"1284\" data-end=\"1321\">\u26a1 <strong data-start=\"1286\" data-end=\"1319\">Pr\u00e1ctico y f\u00e1cil de usar<\/strong><\/p>\n<ul data-start=\"1322\" data-end=\"1616\">\n<li data-start=\"1322\" data-end=\"1389\">\n<p data-start=\"1324\" data-end=\"1389\"><strong data-start=\"1324\" data-end=\"1346\">Capacidad de 330 ml<\/strong>, perfecta para una porci\u00f3n individual.<\/p>\n<\/li>\n<li data-start=\"1390\" data-end=\"1462\">\n<p data-start=\"1392\" data-end=\"1462\"><strong data-start=\"1392\" data-end=\"1419\">Alimentaci\u00f3n USB Type-C<\/strong> para una recarga r\u00e1pida y universal.<\/p>\n<\/li>\n<li data-start=\"1463\" data-end=\"1539\">\n<p data-start=\"1465\" data-end=\"1539\"><strong data-start=\"1465\" data-end=\"1484\">Indicador luminoso<\/strong>: azul para el modo fr\u00edo, rojo para el modo calor.<\/p>\n<\/li>\n<li data-start=\"1540\" data-end=\"1616\">\n<p data-start=\"1542\" data-end=\"1616\"><strong data-start=\"1542\" data-end=\"1564\">Uso sencillo<\/strong>: un bot\u00f3n \u00fanico para controlar la temperatura.<\/p>\n<\/li>\n<\/ul>\n<p data-start=\"1618\" data-end=\"1928\">\ud83d\udee0  <strong data-start=\"1621\" data-end=\"1654\">Caracter\u00edsticas t\u00e9cnicas:<\/strong><br data-start=\"1654\" data-end=\"1657\">\u2714  <strong data-start=\"1659\" data-end=\"1671\">Capacidad<\/strong>: 330 ml<br data-start=\"1680\" data-end=\"1683\">\u2714 <strong data-start=\"1685\" data-end=\"1704\">Temperatura m\u00e1x.<\/strong>: 45 \u00b0C | <strong data-start=\"1714\" data-end=\"1733\">Temperatura m\u00edn.<\/strong>: 2 \u00b0C  <br data-start=\"1739\" data-end=\"1742\">\u2714 <strong data-start=\"1744\" data-end=\"1772\">Tiempo de enfriamiento<\/strong>: 10 \u00b0C en  <strong data-start=\"1783\" data-end=\"1797\">30 minutos<\/strong><br data-start=\"1797\" data-end=\"1800\">\u2714  <strong data-start=\"1802\" data-end=\"1818\">Alimentaci\u00f3n<\/strong>: USB Type-C (5 V\/2,1 A)<br data-start=\"1841\" data-end=\"1844\">\u2714 <strong data-start=\"1846\" data-end=\"1859\">Potencia<\/strong>: 15 W <br data-start=\"1866\" data-end=\"1869\">\u2714 <strong data-start=\"1871\" data-end=\"1885\">Dimensiones<\/strong>: 87 x 87 x 232 mm <br data-start=\"1904\" data-end=\"1907\">\u2714 <strong data-start=\"1909\" data-end=\"1918\">Peso<\/strong>: 475 g <\/p>\n<p data-start=\"1930\" data-end=\"2243\">\ud83d\udd17 <strong data-start=\"1933\" data-end=\"1991\">\u00bfPor qu\u00e9 elegir la Hot &amp; Cold Bottle?<\/strong><br data-start=\"1991\" data-end=\"1994\">\u2705 <strong data-start=\"1996\" data-end=\"2046\">Mantiene sus bebidas a la temperatura ideal<\/strong><br data-start=\"2046\" data-end=\"2049\">\u2705 <strong data-start=\"2051\" data-end=\"2123\">Perfecta para el barco, el coche, la oficina, el camping o los trayectos largos<\/strong><br data-start=\"2123\" data-end=\"2126\">\u2705 <strong data-start=\"2128\" data-end=\"2185\">Utilizaci\u00f3n sencilla e intuitiva con indicadores luminosos<\/strong><br data-start=\"2185\" data-end=\"2188\">\u2705 <strong data-start=\"2190\" data-end=\"2241\">Dise\u00f1o compacto y elegante, f\u00e1cil de transportar<\/strong><\/p>\n<p data-start=\"2245\" data-end=\"2276\">\ud83d\udce6 <strong data-start=\"2248\" data-end=\"2274\">Incluido en la caja:<\/strong><\/p>\n<ul data-start=\"2277\" data-end=\"2449\">\n<li data-start=\"2277\" data-end=\"2343\">\n<p data-start=\"2279\" data-end=\"2343\">1x <strong data-start=\"2282\" data-end=\"2341\">Botella t\u00e9rmica con base calefactora\/refrigerante<\/strong><\/p>\n<\/li>\n<li data-start=\"2344\" data-end=\"2386\">\n<p data-start=\"2346\" data-end=\"2386\">1x <strong data-start=\"2349\" data-end=\"2384\">Cable de alimentaci\u00f3n USB Type-C<\/strong><\/p>\n<\/li>\n<li data-start=\"2387\" data-end=\"2416\">\n<p data-start=\"2389\" data-end=\"2416\">1x <strong data-start=\"2392\" data-end=\"2414\">Adaptador de corriente<\/strong><\/p>\n<\/li>\n<li data-start=\"2417\" data-end=\"2449\">\n<p data-start=\"2419\" data-end=\"2449\">1x <strong data-start=\"2422\" data-end=\"2447\">Manual de instrucciones<\/strong><\/p>\n<\/li>\n<\/ul>\n","protected":false},"excerpt":{"rendered":"<h3 data-start=\"585\" data-end=\"660\">\u2615\u2744\ufe0f <strong data-start=\"214\" data-end=\"288\">\u00a1Disfrute de su bebida a la temperatura ideal, est\u00e9 donde est\u00e9!<\/strong> La <strong data-start=\"292\" data-end=\"328\">Hot &amp; Cold Bottle<\/strong> es una <strong data-start=\"337\" data-end=\"369\">botella t\u00e9rmica port\u00e1til<\/strong> con <strong data-start=\"375\" data-end=\"401\">calefacci\u00f3n hasta 45 \u00b0C<\/strong> y <strong data-start=\"405\" data-end=\"436\">refrigeraci\u00f3n hasta 2 \u00b0C<\/strong>. \u2705 <strong data-start=\"440\" data-end=\"467\">Alimentaci\u00f3n USB Tipo-C<\/strong> | \u2705 <strong data-start=\"472\" data-end=\"491\">Capacidad de 330 ml<\/strong> | \u2705 <strong data-start=\"496\" data-end=\"545\">Ideal para el barco, la oficina y los viajes<\/strong> <\/h3>\n","protected":false},"featured_media":6410,"template":"","meta":[],"product_brand":[],"product_cat":[326],"product_tag":[259,239,330,249,332,334],"class_list":{"0":"post-6402","1":"product","2":"type-product","3":"status-publish","4":"has-post-thumbnail","6":"product_cat-comodidad-a-bordo","7":"product_tag-1bebat_bi","8":"product_tag-b2c_visi","9":"product_tag-f-discount-es","10":"product_tag-mse_wh","11":"product_tag-phonocar","12":"product_tag-rec5_2_1","14":"first","15":"instock","16":"taxable","17":"shipping-taxable","18":"purchasable","19":"product-type-simple"},"yoast_head":"<!-- This site is optimized with the Yoast SEO plugin v27.3 - https:\/\/yoast.com\/product\/yoast-seo-wordpress\/ -->\n<title>botella calentadora enfriadora barco 2 en 1<\/title>\n<meta name=\"description\" content=\"Mantenga su bebida caliente o fr\u00eda con la botella calefactora y refrigeradora. \u00a1Ideal para el barco y los viajes!\" \/>\n<meta name=\"robots\" content=\"index, follow, max-snippet:-1, max-image-preview:large, max-video-preview:-1\" \/>\n<link rel=\"canonical\" href=\"https:\/\/protectmyboat.eu\/es\/produit\/calentador-enfriador-de-bebidas-portatil-phonocar-04995-hot-cold-bottle\/\" \/>\n<meta property=\"og:locale\" content=\"es_ES\" \/>\n<meta property=\"og:type\" content=\"article\" \/>\n<meta property=\"og:title\" content=\"botella calentadora enfriadora barco 2 en 1\" \/>\n<meta property=\"og:description\" content=\"Mantenga su bebida caliente o fr\u00eda con la botella calefactora y refrigeradora. \u00a1Ideal para el barco y los viajes!\" \/>\n<meta property=\"og:url\" content=\"https:\/\/protectmyboat.eu\/es\/produit\/calentador-enfriador-de-bebidas-portatil-phonocar-04995-hot-cold-bottle\/\" \/>\n<meta property=\"og:site_name\" content=\"Protect My Boat\" \/>\n<meta property=\"article:publisher\" content=\"https:\/\/www.facebook.com\/protectmyboat.be\/\" \/>\n<meta property=\"article:modified_time\" content=\"2026-03-14T08:23:42+00:00\" \/>\n<meta property=\"og:image\" content=\"https:\/\/protectmyboat.eu\/wp-content\/uploads\/04995_6.jpeg\" \/>\n\t<meta property=\"og:image:width\" content=\"2480\" \/>\n\t<meta property=\"og:image:height\" content=\"1748\" \/>\n\t<meta property=\"og:image:type\" content=\"image\/jpeg\" \/>\n<meta name=\"twitter:card\" content=\"summary_large_image\" \/>\n<meta name=\"twitter:label1\" content=\"Tiempo de lectura\" \/>\n\t<meta name=\"twitter:data1\" content=\"1 minuto\" \/>\n<script type=\"application\/ld+json\" class=\"yoast-schema-graph\">{\"@context\":\"https:\\\/\\\/schema.org\",\"@graph\":[{\"@type\":\"WebPage\",\"@id\":\"https:\\\/\\\/protectmyboat.eu\\\/es\\\/produit\\\/calentador-enfriador-de-bebidas-portatil-phonocar-04995-hot-cold-bottle\\\/\",\"url\":\"https:\\\/\\\/protectmyboat.eu\\\/es\\\/produit\\\/calentador-enfriador-de-bebidas-portatil-phonocar-04995-hot-cold-bottle\\\/\",\"name\":\"botella calentadora enfriadora barco 2 en 1\",\"isPartOf\":{\"@id\":\"https:\\\/\\\/protectmyboat.eu\\\/es\\\/#website\"},\"primaryImageOfPage\":{\"@id\":\"https:\\\/\\\/protectmyboat.eu\\\/es\\\/produit\\\/calentador-enfriador-de-bebidas-portatil-phonocar-04995-hot-cold-bottle\\\/#primaryimage\"},\"image\":{\"@id\":\"https:\\\/\\\/protectmyboat.eu\\\/es\\\/produit\\\/calentador-enfriador-de-bebidas-portatil-phonocar-04995-hot-cold-bottle\\\/#primaryimage\"},\"thumbnailUrl\":\"https:\\\/\\\/protectmyboat.eu\\\/wp-content\\\/uploads\\\/04995_6.jpeg\",\"datePublished\":\"2026-01-04T18:48:48+00:00\",\"dateModified\":\"2026-03-14T08:23:42+00:00\",\"description\":\"Mantenga su bebida caliente o fr\u00eda con la botella calefactora y refrigeradora. \u00a1Ideal para el barco y los viajes!\",\"breadcrumb\":{\"@id\":\"https:\\\/\\\/protectmyboat.eu\\\/es\\\/produit\\\/calentador-enfriador-de-bebidas-portatil-phonocar-04995-hot-cold-bottle\\\/#breadcrumb\"},\"inLanguage\":\"es\",\"potentialAction\":[{\"@type\":\"ReadAction\",\"target\":[\"https:\\\/\\\/protectmyboat.eu\\\/es\\\/produit\\\/calentador-enfriador-de-bebidas-portatil-phonocar-04995-hot-cold-bottle\\\/\"]}]},{\"@type\":\"ImageObject\",\"inLanguage\":\"es\",\"@id\":\"https:\\\/\\\/protectmyboat.eu\\\/es\\\/produit\\\/calentador-enfriador-de-bebidas-portatil-phonocar-04995-hot-cold-bottle\\\/#primaryimage\",\"url\":\"https:\\\/\\\/protectmyboat.eu\\\/wp-content\\\/uploads\\\/04995_6.jpeg\",\"contentUrl\":\"https:\\\/\\\/protectmyboat.eu\\\/wp-content\\\/uploads\\\/04995_6.jpeg\",\"width\":2480,\"height\":1748},{\"@type\":\"BreadcrumbList\",\"@id\":\"https:\\\/\\\/protectmyboat.eu\\\/es\\\/produit\\\/calentador-enfriador-de-bebidas-portatil-phonocar-04995-hot-cold-bottle\\\/#breadcrumb\",\"itemListElement\":[{\"@type\":\"ListItem\",\"position\":1,\"name\":\"Inicio\",\"item\":\"https:\\\/\\\/protectmyboat.eu\\\/es\\\/nl-antirrobo-gps-para-embarcaciones-motos-acuaticas-y-fuerabordas\\\/\"},{\"@type\":\"ListItem\",\"position\":2,\"name\":\"Tienda\",\"item\":\"https:\\\/\\\/protectmyboat.eu\\\/es\\\/tienda\\\/\"},{\"@type\":\"ListItem\",\"position\":3,\"name\":\"Calentador\\\/enfriador de bebidas port\u00e1til \u2013 Hot &amp; Cold Bottle\"}]},{\"@type\":\"WebSite\",\"@id\":\"https:\\\/\\\/protectmyboat.eu\\\/es\\\/#website\",\"url\":\"https:\\\/\\\/protectmyboat.eu\\\/es\\\/\",\"name\":\"Protect My Boat\",\"description\":\"\",\"publisher\":{\"@id\":\"https:\\\/\\\/protectmyboat.eu\\\/es\\\/#organization\"},\"potentialAction\":[{\"@type\":\"SearchAction\",\"target\":{\"@type\":\"EntryPoint\",\"urlTemplate\":\"https:\\\/\\\/protectmyboat.eu\\\/es\\\/?s={search_term_string}\"},\"query-input\":{\"@type\":\"PropertyValueSpecification\",\"valueRequired\":true,\"valueName\":\"search_term_string\"}}],\"inLanguage\":\"es\"},{\"@type\":\"Organization\",\"@id\":\"https:\\\/\\\/protectmyboat.eu\\\/es\\\/#organization\",\"name\":\"ADW Management SRL\",\"url\":\"https:\\\/\\\/protectmyboat.eu\\\/es\\\/\",\"logo\":{\"@type\":\"ImageObject\",\"inLanguage\":\"es\",\"@id\":\"https:\\\/\\\/protectmyboat.eu\\\/es\\\/#\\\/schema\\\/logo\\\/image\\\/\",\"url\":\"https:\\\/\\\/protectmyboat.eu\\\/wp-content\\\/uploads\\\/2023\\\/02\\\/Logo_PmB_rectangle_new.png\",\"contentUrl\":\"https:\\\/\\\/protectmyboat.eu\\\/wp-content\\\/uploads\\\/2023\\\/02\\\/Logo_PmB_rectangle_new.png\",\"width\":494,\"height\":218,\"caption\":\"ADW Management SRL\"},\"image\":{\"@id\":\"https:\\\/\\\/protectmyboat.eu\\\/es\\\/#\\\/schema\\\/logo\\\/image\\\/\"},\"sameAs\":[\"https:\\\/\\\/www.facebook.com\\\/protectmyboat.be\\\/\"]}]}<\/script>\n<!-- \/ Yoast SEO plugin. -->","yoast_head_json":{"title":"botella calentadora enfriadora barco 2 en 1","description":"Mantenga su bebida caliente o fr\u00eda con la botella calefactora y refrigeradora. \u00a1Ideal para el barco y los viajes!","robots":{"index":"index","follow":"follow","max-snippet":"max-snippet:-1","max-image-preview":"max-image-preview:large","max-video-preview":"max-video-preview:-1"},"canonical":"https:\/\/protectmyboat.eu\/es\/produit\/calentador-enfriador-de-bebidas-portatil-phonocar-04995-hot-cold-bottle\/","og_locale":"es_ES","og_type":"article","og_title":"botella calentadora enfriadora barco 2 en 1","og_description":"Mantenga su bebida caliente o fr\u00eda con la botella calefactora y refrigeradora. \u00a1Ideal para el barco y los viajes!","og_url":"https:\/\/protectmyboat.eu\/es\/produit\/calentador-enfriador-de-bebidas-portatil-phonocar-04995-hot-cold-bottle\/","og_site_name":"Protect My Boat","article_publisher":"https:\/\/www.facebook.com\/protectmyboat.be\/","article_modified_time":"2026-03-14T08:23:42+00:00","og_image":[{"width":2480,"height":1748,"url":"https:\/\/protectmyboat.eu\/wp-content\/uploads\/04995_6.jpeg","type":"image\/jpeg"}],"twitter_card":"summary_large_image","twitter_misc":{"Tiempo de lectura":"1 minuto"},"schema":{"@context":"https:\/\/schema.org","@graph":[{"@type":"WebPage","@id":"https:\/\/protectmyboat.eu\/es\/produit\/calentador-enfriador-de-bebidas-portatil-phonocar-04995-hot-cold-bottle\/","url":"https:\/\/protectmyboat.eu\/es\/produit\/calentador-enfriador-de-bebidas-portatil-phonocar-04995-hot-cold-bottle\/","name":"botella calentadora enfriadora barco 2 en 1","isPartOf":{"@id":"https:\/\/protectmyboat.eu\/es\/#website"},"primaryImageOfPage":{"@id":"https:\/\/protectmyboat.eu\/es\/produit\/calentador-enfriador-de-bebidas-portatil-phonocar-04995-hot-cold-bottle\/#primaryimage"},"image":{"@id":"https:\/\/protectmyboat.eu\/es\/produit\/calentador-enfriador-de-bebidas-portatil-phonocar-04995-hot-cold-bottle\/#primaryimage"},"thumbnailUrl":"https:\/\/protectmyboat.eu\/wp-content\/uploads\/04995_6.jpeg","datePublished":"2026-01-04T18:48:48+00:00","dateModified":"2026-03-14T08:23:42+00:00","description":"Mantenga su bebida caliente o fr\u00eda con la botella calefactora y refrigeradora. \u00a1Ideal para el barco y los viajes!","breadcrumb":{"@id":"https:\/\/protectmyboat.eu\/es\/produit\/calentador-enfriador-de-bebidas-portatil-phonocar-04995-hot-cold-bottle\/#breadcrumb"},"inLanguage":"es","potentialAction":[{"@type":"ReadAction","target":["https:\/\/protectmyboat.eu\/es\/produit\/calentador-enfriador-de-bebidas-portatil-phonocar-04995-hot-cold-bottle\/"]}]},{"@type":"ImageObject","inLanguage":"es","@id":"https:\/\/protectmyboat.eu\/es\/produit\/calentador-enfriador-de-bebidas-portatil-phonocar-04995-hot-cold-bottle\/#primaryimage","url":"https:\/\/protectmyboat.eu\/wp-content\/uploads\/04995_6.jpeg","contentUrl":"https:\/\/protectmyboat.eu\/wp-content\/uploads\/04995_6.jpeg","width":2480,"height":1748},{"@type":"BreadcrumbList","@id":"https:\/\/protectmyboat.eu\/es\/produit\/calentador-enfriador-de-bebidas-portatil-phonocar-04995-hot-cold-bottle\/#breadcrumb","itemListElement":[{"@type":"ListItem","position":1,"name":"Inicio","item":"https:\/\/protectmyboat.eu\/es\/nl-antirrobo-gps-para-embarcaciones-motos-acuaticas-y-fuerabordas\/"},{"@type":"ListItem","position":2,"name":"Tienda","item":"https:\/\/protectmyboat.eu\/es\/tienda\/"},{"@type":"ListItem","position":3,"name":"Calentador\/enfriador de bebidas port\u00e1til \u2013 Hot &amp; Cold Bottle"}]},{"@type":"WebSite","@id":"https:\/\/protectmyboat.eu\/es\/#website","url":"https:\/\/protectmyboat.eu\/es\/","name":"Protect My Boat","description":"","publisher":{"@id":"https:\/\/protectmyboat.eu\/es\/#organization"},"potentialAction":[{"@type":"SearchAction","target":{"@type":"EntryPoint","urlTemplate":"https:\/\/protectmyboat.eu\/es\/?s={search_term_string}"},"query-input":{"@type":"PropertyValueSpecification","valueRequired":true,"valueName":"search_term_string"}}],"inLanguage":"es"},{"@type":"Organization","@id":"https:\/\/protectmyboat.eu\/es\/#organization","name":"ADW Management SRL","url":"https:\/\/protectmyboat.eu\/es\/","logo":{"@type":"ImageObject","inLanguage":"es","@id":"https:\/\/protectmyboat.eu\/es\/#\/schema\/logo\/image\/","url":"https:\/\/protectmyboat.eu\/wp-content\/uploads\/2023\/02\/Logo_PmB_rectangle_new.png","contentUrl":"https:\/\/protectmyboat.eu\/wp-content\/uploads\/2023\/02\/Logo_PmB_rectangle_new.png","width":494,"height":218,"caption":"ADW Management SRL"},"image":{"@id":"https:\/\/protectmyboat.eu\/es\/#\/schema\/logo\/image\/"},"sameAs":["https:\/\/www.facebook.com\/protectmyboat.be\/"]}]}},"_links":{"self":[{"href":"https:\/\/protectmyboat.eu\/es\/wp-json\/wp\/v2\/product\/6402","targetHints":{"allow":["GET"]}}],"collection":[{"href":"https:\/\/protectmyboat.eu\/es\/wp-json\/wp\/v2\/product"}],"about":[{"href":"https:\/\/protectmyboat.eu\/es\/wp-json\/wp\/v2\/types\/product"}],"version-history":[{"count":5,"href":"https:\/\/protectmyboat.eu\/es\/wp-json\/wp\/v2\/product\/6402\/revisions"}],"predecessor-version":[{"id":6587,"href":"https:\/\/protectmyboat.eu\/es\/wp-json\/wp\/v2\/product\/6402\/revisions\/6587"}],"wp:featuredmedia":[{"embeddable":true,"href":"https:\/\/protectmyboat.eu\/es\/wp-json\/wp\/v2\/media\/6410"}],"wp:attachment":[{"href":"https:\/\/protectmyboat.eu\/es\/wp-json\/wp\/v2\/media?parent=6402"}],"wp:term":[{"taxonomy":"product_brand","embeddable":true,"href":"https:\/\/protectmyboat.eu\/es\/wp-json\/wp\/v2\/product_brand?post=6402"},{"taxonomy":"product_cat","embeddable":true,"href":"https:\/\/protectmyboat.eu\/es\/wp-json\/wp\/v2\/product_cat?post=6402"},{"taxonomy":"product_tag","embeddable":true,"href":"https:\/\/protectmyboat.eu\/es\/wp-json\/wp\/v2\/product_tag?post=6402"}],"curies":[{"name":"wp","href":"https:\/\/api.w.org\/{rel}","templated":true}]}}